{"id":951137,"date":"2024-02-08T13:49:46","date_gmt":"2024-02-08T12:49:46","guid":{"rendered":"https:\/\/www.claret.cat\/llibre\/sangre-de-dragon-1-el-despertar-de-la-tormenta-9788411821919\/"},"modified":"2026-03-03T19:00:06","modified_gmt":"2026-03-03T18:00:06","slug":"sangre-de-dragon-1-el-despertar-de-la-tormenta-9788411821919","status":"publish","type":"product","link":"https:\/\/www.claret.cat\/es\/libro\/sangre-de-dragon-1-el-despertar-de-la-tormenta-9788411821919\/","title":{"rendered":"SANGRE DE DRAG\u00d3N 1: EL DESPERTAR DE LA TORMENTA"},"content":{"rendered":"<p>Grace acaba de mudarse a Hong Kong con su madre y su padrastro, y lo que m\u00e1s le preocupa es hacer amigos en su nuevo y elegante colegio. Pero cuando una misteriosa anciana le regala un huevo de drag\u00f3n, Grace descubre que las maravillosas historias que le contaba su padre de peque\u00f1a&#8230; \u00a1son mucho m\u00e1s que simples cuentos populares!\u00a0De la noche a la ma\u00f1ana, el huevo eclosiona y la criatura que sale de su interior posee un inmenso poder, un poder que Grace a\u00fan no es capaz de entender y que los pone a los dos en peligro, pues unas fuerzas oscuras quieren aprovecharse de las habilidades del drag\u00f3n. \u00bfConseguir\u00e1n Grace y sus amigos desentra\u00f1ar la siniestra conspiraci\u00f3n que amenaza a toda la ciudad?<\/p>\n","protected":false},"excerpt":{"rendered":"<p>YOGIS, JAIMAL<\/p>\n","protected":false},"featured_media":1078716,"template":"","meta":{"_acf_changed":false,"om_disable_all_campaigns":false,"rs_blank_template":"","rs_page_bg_color":"","slide_template_v7":"","inline_featured_image":false,"_monsterinsights_skip_tracking":false,"_monsterinsights_sitenote_active":false,"_monsterinsights_sitenote_note":"","_monsterinsights_sitenote_category":0},"product_brand":[],"product_cat":[132,134,364,362],"product_tag":[],"class_list":{"0":"post-951137","1":"product","2":"type-product","3":"status-publish","4":"has-post-thumbnail","6":"product_cat-lectures-per-preadolescents-6-12-anys","7":"product_cat-comics","8":"product_cat-comics-infantil-3_infantil-juvenil-spa","9":"product_cat-libros-preadolescentes-6-12-anos","11":"first","12":"instock","13":"taxable","14":"shipping-taxable","15":"purchasable","16":"product-type-simple"},"acf":{"autor":"YOGIS, JAIMAL","codart":"841182191","libros-coleccion":"FORA DE COL.LECCI\u00d3","ediciones":"1","encuadernacion":"R\u00fastica","fecha_de_publicacion":"01\/02\/2024","novedad":"1","paginas":"236","subtitulo":"","orden":"0","portada":"0","idioma":"spa","editorial":[{"ID":951118,"post_author":"3","post_date":"2024-02-08 13:48:06","post_date_gmt":"2024-02-08 12:48:06","post_content":"","post_title":"SM EDICIONES","post_excerpt":"","post_status":"publish","comment_status":"closed","ping_status":"closed","post_password":"","post_name":"sm-ediciones","to_ping":"","pinged":"","post_modified":"2024-02-08 13:48:06","post_modified_gmt":"2024-02-08 12:48:06","post_content_filtered":"","post_parent":0,"guid":"https:\/\/www.claret.cat\/editorial\/sm-ediciones\/","menu_order":0,"post_type":"editorial","post_mime_type":"","comment_count":"0","filter":"raw"}],"booktrailer":"","resenas":""},"aioseo_notices":[],"_links":{"self":[{"href":"https:\/\/www.claret.cat\/es\/wp-json\/wp\/v2\/product\/951137","targetHints":{"allow":["GET"]}}],"collection":[{"href":"https:\/\/www.claret.cat\/es\/wp-json\/wp\/v2\/product"}],"about":[{"href":"https:\/\/www.claret.cat\/es\/wp-json\/wp\/v2\/types\/product"}],"wp:featuredmedia":[{"embeddable":true,"href":"https:\/\/www.claret.cat\/es\/wp-json\/wp\/v2\/media\/1078716"}],"wp:attachment":[{"href":"https:\/\/www.claret.cat\/es\/wp-json\/wp\/v2\/media?parent=951137"}],"wp:term":[{"taxonomy":"product_brand","embeddable":true,"href":"https:\/\/www.claret.cat\/es\/wp-json\/wp\/v2\/product_brand?post=951137"},{"taxonomy":"product_cat","embeddable":true,"href":"https:\/\/www.claret.cat\/es\/wp-json\/wp\/v2\/product_cat?post=951137"},{"taxonomy":"product_tag","embeddable":true,"href":"https:\/\/www.claret.cat\/es\/wp-json\/wp\/v2\/product_tag?post=951137"}],"curies":[{"name":"wp","href":"https:\/\/api.w.org\/{rel}","templated":true}]}}