{"id":951140,"date":"2024-02-08T13:50:10","date_gmt":"2024-02-08T12:50:10","guid":{"rendered":"https:\/\/www.claret.cat\/llibre\/dragones-contra-unicornios-9788411821797\/"},"modified":"2024-02-08T13:52:28","modified_gmt":"2024-02-08T12:52:28","slug":"dragones-contra-unicornios-9788411821797","status":"publish","type":"product","link":"https:\/\/www.claret.cat\/es\/libro\/dragones-contra-unicornios-9788411821797\/","title":{"rendered":"DRAGONES CONTRA UNICORNIOS"},"content":{"rendered":"<p>La familia Pesadillas crea terribles pesadillas.\u00a0La familia Dulcesue\u00f1os, melosos sue\u00f1os.\u00a0Una fuerte enemistad las separa.\u00a0Pero Nix y Sen descubrir\u00e1n la magia de la amistad y el trabajo en equipo.\u00a0Por fin ha lleghado la horripilante Noche de las Pesadillas y Nix est\u00e1 preparando su primera pesadilla terror\u00edfica. A su vez, Sen prepara su meloso dulce sue\u00f1o.\u00a0Ambos con un mismo objetivo: Timmy Tr\u00e9mula.\u00a0Ninguno est\u00e1 dispuesto a abandonar su musi\u00f3n, pero al final vivir\u00e1n una aventuras con dragones, unicornios, \u00a1y muuuchas cosas que arreglar!<\/p>\n","protected":false},"excerpt":{"rendered":"<p>BORIO, LAURA<\/p>\n","protected":false},"featured_media":951141,"template":"","meta":{"_acf_changed":false,"om_disable_all_campaigns":false,"rs_blank_template":"","rs_page_bg_color":"","slide_template_v7":"","inline_featured_image":false,"_monsterinsights_skip_tracking":false,"_monsterinsights_sitenote_active":false,"_monsterinsights_sitenote_note":"","_monsterinsights_sitenote_category":0},"product_brand":[],"product_cat":[132,362],"product_tag":[],"class_list":{"0":"post-951140","1":"product","2":"type-product","3":"status-publish","4":"has-post-thumbnail","6":"product_cat-lectures-per-preadolescents-6-12-anys","7":"product_cat-libros-preadolescentes-6-12-anos","9":"first","10":"instock","11":"taxable","12":"shipping-taxable","13":"purchasable","14":"product-type-simple"},"acf":{"autor":"BORIO, LAURA","codart":"841182179","libros-coleccion":"FORA DE COL.LECCI\u00d3","ediciones":"1","encuadernacion":"Carton\u00e9","fecha_de_publicacion":"01\/02\/2024","novedad":"1","paginas":"110","subtitulo":"","orden":"0","portada":"0","idioma":"spa","editorial":[{"ID":951118,"post_author":"3","post_date":"2024-02-08 13:48:06","post_date_gmt":"2024-02-08 12:48:06","post_content":"","post_title":"SM EDICIONES","post_excerpt":"","post_status":"publish","comment_status":"closed","ping_status":"closed","post_password":"","post_name":"sm-ediciones","to_ping":"","pinged":"","post_modified":"2024-02-08 13:48:06","post_modified_gmt":"2024-02-08 12:48:06","post_content_filtered":"","post_parent":0,"guid":"https:\/\/www.claret.cat\/editorial\/sm-ediciones\/","menu_order":0,"post_type":"editorial","post_mime_type":"","comment_count":"0","filter":"raw"}]},"aioseo_notices":[],"_links":{"self":[{"href":"https:\/\/www.claret.cat\/es\/wp-json\/wp\/v2\/product\/951140","targetHints":{"allow":["GET"]}}],"collection":[{"href":"https:\/\/www.claret.cat\/es\/wp-json\/wp\/v2\/product"}],"about":[{"href":"https:\/\/www.claret.cat\/es\/wp-json\/wp\/v2\/types\/product"}],"wp:featuredmedia":[{"embeddable":true,"href":"https:\/\/www.claret.cat\/es\/wp-json\/wp\/v2\/media\/951141"}],"wp:attachment":[{"href":"https:\/\/www.claret.cat\/es\/wp-json\/wp\/v2\/media?parent=951140"}],"wp:term":[{"taxonomy":"product_brand","embeddable":true,"href":"https:\/\/www.claret.cat\/es\/wp-json\/wp\/v2\/product_brand?post=951140"},{"taxonomy":"product_cat","embeddable":true,"href":"https:\/\/www.claret.cat\/es\/wp-json\/wp\/v2\/product_cat?post=951140"},{"taxonomy":"product_tag","embeddable":true,"href":"https:\/\/www.claret.cat\/es\/wp-json\/wp\/v2\/product_tag?post=951140"}],"curies":[{"name":"wp","href":"https:\/\/api.w.org\/{rel}","templated":true}]}}