{"id":951149,"date":"2024-02-08T13:50:55","date_gmt":"2024-02-08T12:50:55","guid":{"rendered":"https:\/\/www.claret.cat\/llibre\/amor-hate-9788411821926\/"},"modified":"2024-02-19T12:51:12","modified_gmt":"2024-02-19T11:51:12","slug":"amor-hate-9788411821926","status":"publish","type":"product","link":"https:\/\/www.claret.cat\/es\/libro\/amor-hate-9788411821926\/","title":{"rendered":"AMOR &amp; HATE"},"content":{"rendered":"<p>Erik, Allegra, Nil y Ras han viajado a Benidorm para vivir una experiencia \u00fanica en el festival de m\u00fasica.No se conocen de nada, sus motivos son distintos y quiz\u00e1, en otras circunstancias, sus vidas nunca se hubieran cruzado. Pero la noche antes de la final sus caminos se encuentran.Una huida, una explosi\u00f3n, una pistola, y cuatro j\u00f3venes que se unen en una peculiar banda para buscar su propia melod\u00eda en un mundo lleno de trampas.<\/p>\n","protected":false},"excerpt":{"rendered":"<p>SANTIAGO, ROBERTO \/ L\u00d3PEZ, NANDO \/ ORO PRADERA, BEGO\u00d1A \/ GOPEGUI, BEL\u00c9N<\/p>\n","protected":false},"featured_media":951150,"template":"","meta":{"_acf_changed":false,"om_disable_all_campaigns":false,"rs_blank_template":"","rs_page_bg_color":"","slide_template_v7":"","inline_featured_image":false,"_monsterinsights_skip_tracking":false,"_monsterinsights_sitenote_active":false,"_monsterinsights_sitenote_note":"","_monsterinsights_sitenote_category":0},"product_brand":[],"product_cat":[132,362],"product_tag":[],"class_list":{"0":"post-951149","1":"product","2":"type-product","3":"status-publish","4":"has-post-thumbnail","6":"product_cat-lectures-per-preadolescents-6-12-anys","7":"product_cat-libros-preadolescentes-6-12-anos","9":"first","10":"instock","11":"taxable","12":"shipping-taxable","13":"purchasable","14":"product-type-simple"},"acf":{"autor":"SANTIAGO, ROBERTO \/ L\u00d3PEZ, NANDO \/ ORO PRADERA, BEGO\u00d1A \/ GOPEGUI, BEL\u00c9N","codart":"841182192","libros-coleccion":"","ediciones":"1","encuadernacion":"R\u00fastica","fecha_de_publicacion":"01\/02\/2024","novedad":"1","paginas":"425","subtitulo":"","orden":"0","portada":"0","idioma":"spa","editorial":[{"ID":951118,"post_author":"3","post_date":"2024-02-08 13:48:06","post_date_gmt":"2024-02-08 12:48:06","post_content":"","post_title":"SM EDICIONES","post_excerpt":"","post_status":"publish","comment_status":"closed","ping_status":"closed","post_password":"","post_name":"sm-ediciones","to_ping":"","pinged":"","post_modified":"2024-02-08 13:48:06","post_modified_gmt":"2024-02-08 12:48:06","post_content_filtered":"","post_parent":0,"guid":"https:\/\/www.claret.cat\/editorial\/sm-ediciones\/","menu_order":0,"post_type":"editorial","post_mime_type":"","comment_count":"0","filter":"raw"}]},"aioseo_notices":[],"_links":{"self":[{"href":"https:\/\/www.claret.cat\/es\/wp-json\/wp\/v2\/product\/951149","targetHints":{"allow":["GET"]}}],"collection":[{"href":"https:\/\/www.claret.cat\/es\/wp-json\/wp\/v2\/product"}],"about":[{"href":"https:\/\/www.claret.cat\/es\/wp-json\/wp\/v2\/types\/product"}],"wp:featuredmedia":[{"embeddable":true,"href":"https:\/\/www.claret.cat\/es\/wp-json\/wp\/v2\/media\/951150"}],"wp:attachment":[{"href":"https:\/\/www.claret.cat\/es\/wp-json\/wp\/v2\/media?parent=951149"}],"wp:term":[{"taxonomy":"product_brand","embeddable":true,"href":"https:\/\/www.claret.cat\/es\/wp-json\/wp\/v2\/product_brand?post=951149"},{"taxonomy":"product_cat","embeddable":true,"href":"https:\/\/www.claret.cat\/es\/wp-json\/wp\/v2\/product_cat?post=951149"},{"taxonomy":"product_tag","embeddable":true,"href":"https:\/\/www.claret.cat\/es\/wp-json\/wp\/v2\/product_tag?post=951149"}],"curies":[{"name":"wp","href":"https:\/\/api.w.org\/{rel}","templated":true}]}}