{"id":951253,"date":"2024-02-09T11:10:02","date_gmt":"2024-02-09T10:10:02","guid":{"rendered":"https:\/\/www.claret.cat\/llibre\/santo-tomas-de-aquino-la-sabiduria-de-dios-hoy-9788482603896\/"},"modified":"2025-07-25T10:10:15","modified_gmt":"2025-07-25T08:10:15","slug":"santo-tomas-de-aquino-la-sabiduria-de-dios-hoy-9788482603896","status":"publish","type":"product","link":"https:\/\/www.claret.cat\/es\/libro\/santo-tomas-de-aquino-la-sabiduria-de-dios-hoy-9788482603896\/","title":{"rendered":"SANTO TOM\u00c1S DE AQUINO, LA SABIDUR\u00cdA DE DIOS, HOY"},"content":{"rendered":"<p>Santo Tom\u00e1s de Aquino particip\u00f3 de la sabidur\u00eda de Dios. Su vida fue una b\u00fasqueda incesante de la verdad. Y no una verdad cualquiera: la verdad de Dios. En su vida y obra convergen tres sabidur\u00edas: la filos\u00f3fica, la teol\u00f3gica y la m\u00edstica. Tom\u00e1s sab\u00eda que, para hablar bien de Dios es preciso comenzar por hablar con Dios. Esta intuici\u00f3n es propicia para iluminar, tambi\u00e9n hoy, la situaci\u00f3n de una humanidad necesitada de una espiritualidad fundamentada en una doctrina luminosa e inteligible.<\/p>\n","protected":false},"excerpt":{"rendered":"<p>D\u00cdAZ SARIEGO, JES\u00daS<\/p>\n","protected":false},"featured_media":951254,"template":"","meta":{"_acf_changed":false,"om_disable_all_campaigns":false,"rs_blank_template":"","rs_page_bg_color":"","slide_template_v7":"","inline_featured_image":false,"_monsterinsights_skip_tracking":false,"_monsterinsights_sitenote_active":false,"_monsterinsights_sitenote_note":"","_monsterinsights_sitenote_category":0},"product_brand":[],"product_cat":[373,166,542,92],"product_tag":[],"class_list":{"0":"post-951253","1":"product","2":"type-product","3":"status-publish","4":"has-post-thumbnail","6":"product_cat-autores","7":"product_cat-autors-filosofia","8":"product_cat-vida-religiosa-1_espiritualidad-spa","9":"product_cat-vida-religiosa","11":"first","12":"instock","13":"taxable","14":"shipping-taxable","15":"purchasable","16":"product-type-simple"},"acf":{"autor":"D\u00cdAZ SARIEGO, JES\u00daS","codart":"848260389","libros-coleccion":"FORA DE COL.LECCI\u00d3","ediciones":"1","encuadernacion":"R\u00fastica","fecha_de_publicacion":"01\/01\/2024","novedad":"1","paginas":"208","subtitulo":"","orden":"0","portada":"1","idioma":"spa","editorial":[{"ID":148777,"post_author":"3","post_date":"2022-10-14 12:00:54","post_date_gmt":"2022-10-14 10:00:54","post_content":"","post_title":"SAN ESTEBAN, EDITORIAL","post_excerpt":"","post_status":"publish","comment_status":"closed","ping_status":"closed","post_password":"","post_name":"san-esteban-editorial","to_ping":"","pinged":"","post_modified":"2022-10-14 12:00:54","post_modified_gmt":"2022-10-14 10:00:54","post_content_filtered":"","post_parent":0,"guid":"http:\/\/dev.claret.cat\/editorial\/san-esteban-editorial\/","menu_order":0,"post_type":"editorial","post_mime_type":"","comment_count":"0","filter":"raw"}],"booktrailer":"","resenas":""},"aioseo_notices":[],"_links":{"self":[{"href":"https:\/\/www.claret.cat\/es\/wp-json\/wp\/v2\/product\/951253","targetHints":{"allow":["GET"]}}],"collection":[{"href":"https:\/\/www.claret.cat\/es\/wp-json\/wp\/v2\/product"}],"about":[{"href":"https:\/\/www.claret.cat\/es\/wp-json\/wp\/v2\/types\/product"}],"wp:featuredmedia":[{"embeddable":true,"href":"https:\/\/www.claret.cat\/es\/wp-json\/wp\/v2\/media\/951254"}],"wp:attachment":[{"href":"https:\/\/www.claret.cat\/es\/wp-json\/wp\/v2\/media?parent=951253"}],"wp:term":[{"taxonomy":"product_brand","embeddable":true,"href":"https:\/\/www.claret.cat\/es\/wp-json\/wp\/v2\/product_brand?post=951253"},{"taxonomy":"product_cat","embeddable":true,"href":"https:\/\/www.claret.cat\/es\/wp-json\/wp\/v2\/product_cat?post=951253"},{"taxonomy":"product_tag","embeddable":true,"href":"https:\/\/www.claret.cat\/es\/wp-json\/wp\/v2\/product_tag?post=951253"}],"curies":[{"name":"wp","href":"https:\/\/api.w.org\/{rel}","templated":true}]}}