{"id":951403,"date":"2024-02-12T13:05:30","date_gmt":"2024-02-12T12:05:30","guid":{"rendered":"https:\/\/www.claret.cat\/llibre\/egiptomania-9788413054315\/"},"modified":"2025-06-03T13:00:59","modified_gmt":"2025-06-03T11:00:59","slug":"egiptomania-9788413054315","status":"publish","type":"product","link":"https:\/\/www.claret.cat\/es\/libro\/egiptomania-9788413054315\/","title":{"rendered":"EGIPTOMAN\u00cdA"},"content":{"rendered":"<p>Un paseo por el Nilo en barca, una traves\u00eda hasta el Valle de los Reyes para admirar las pir\u00e1mides, un visita al templo de Isis en Dendera, la majestuosa visi\u00f3n de las tumbas de los reyes Amenofis I y Tutmosis I, la contemplaci\u00f3n del templo de Abu Simbel, el asombroso que producen los colosos de Memnon\u2026 <br \/>Todo esto y mucho m\u00e1s es lo que ofrece este libro al lector que desea conocer la historia del redescubrimiento del Antiguo Egipto. Desde el siglo XVII y culminando en el siglo XXI, la obra propone un recorrido no s\u00f3lo por los relatos rom\u00e1nticos m\u00e1s famosos de sus viajeros y arque\u00f3logos, sino por el desarrollo de la concepci\u00f3n de un Egipto m\u00edtico, creaci\u00f3n que parti\u00f3 de los primeros trabajos e impresiones de los exploradores, comerciantes, artistas, diplom\u00e1ticos, eruditos, cient\u00edficos y literarios. As\u00ed, de la mano de tan diversos tipos y variantes de protagonistas, conoceremos sus descubrimientos, sus desapariciones, asistiremos a nacimientos de teor\u00edas arqueol\u00f3gicas, impresiones, a la creaci\u00f3n de una est\u00e9tica egipcia, y a todo un sinf\u00edn de aventuras legendarias e hist\u00f3ricas que comprenden el eje de la creaci\u00f3n de un Egipto ficticio pero universal, la imagen del Egipto m\u00e1s misterioso y atrayente de toda la historia. Estamos ante la exposici\u00f3n de un amplio conocimiento del redescubrimiento del Antiguo Egipto, una evoluci\u00f3n completa de la creaci\u00f3n de una mitolog\u00eda conceptual persistente en nuestros d\u00edas.<\/p>\n","protected":false},"excerpt":{"rendered":"<p>ARRANZ, REBECA<\/p>\n","protected":false},"featured_media":951414,"template":"","meta":{"_acf_changed":false,"om_disable_all_campaigns":false,"rs_blank_template":"","rs_page_bg_color":"","slide_template_v7":"","inline_featured_image":false,"_monsterinsights_skip_tracking":false,"_monsterinsights_sitenote_active":false,"_monsterinsights_sitenote_note":"","_monsterinsights_sitenote_category":0},"product_brand":[],"product_cat":[148,367,156,369,157,370],"product_tag":[],"class_list":{"0":"post-951403","1":"product","2":"type-product","3":"status-publish","4":"has-post-thumbnail","6":"product_cat-antiga","7":"product_cat-antigua","8":"product_cat-arqueologia-i-paleografia","9":"product_cat-arqueologia-y-paleografia","10":"product_cat-investigacio-i-corrents","11":"product_cat-investigacion-y-corrientes","13":"first","14":"instock","15":"taxable","16":"shipping-taxable","17":"purchasable","18":"product-type-simple"},"acf":{"autor":"ARRANZ, REBECA","codart":"841305431","libros-coleccion":"Historia Inc\u00f3gnita","ediciones":"1","encuadernacion":"R\u00fastica","fecha_de_publicacion":"01\/02\/2024","novedad":"1","paginas":"383","subtitulo":"REDESCUBRA LA HIST\u00d3RICA FASCINACI\u00d3N POR LA CULTURA DEL ANTIGUO EGIPTO","orden":"0","portada":"0","idioma":"spa","editorial":[{"ID":6205,"post_author":"3","post_date":"2022-07-28 17:47:07","post_date_gmt":"2022-07-28 15:47:07","post_content":"","post_title":"EDICIONES NOWTILUS","post_excerpt":"","post_status":"publish","comment_status":"closed","ping_status":"closed","post_password":"","post_name":"ediciones-nowtilus","to_ping":"","pinged":"","post_modified":"2022-07-28 17:47:07","post_modified_gmt":"2022-07-28 15:47:07","post_content_filtered":"","post_parent":0,"guid":"http:\/\/dev.claret.cat\/editorial\/ediciones-nowtilus\/","menu_order":0,"post_type":"editorial","post_mime_type":"","comment_count":"0","filter":"raw"}],"booktrailer":"","resenas":""},"aioseo_notices":[],"_links":{"self":[{"href":"https:\/\/www.claret.cat\/es\/wp-json\/wp\/v2\/product\/951403","targetHints":{"allow":["GET"]}}],"collection":[{"href":"https:\/\/www.claret.cat\/es\/wp-json\/wp\/v2\/product"}],"about":[{"href":"https:\/\/www.claret.cat\/es\/wp-json\/wp\/v2\/types\/product"}],"wp:featuredmedia":[{"embeddable":true,"href":"https:\/\/www.claret.cat\/es\/wp-json\/wp\/v2\/media\/951414"}],"wp:attachment":[{"href":"https:\/\/www.claret.cat\/es\/wp-json\/wp\/v2\/media?parent=951403"}],"wp:term":[{"taxonomy":"product_brand","embeddable":true,"href":"https:\/\/www.claret.cat\/es\/wp-json\/wp\/v2\/product_brand?post=951403"},{"taxonomy":"product_cat","embeddable":true,"href":"https:\/\/www.claret.cat\/es\/wp-json\/wp\/v2\/product_cat?post=951403"},{"taxonomy":"product_tag","embeddable":true,"href":"https:\/\/www.claret.cat\/es\/wp-json\/wp\/v2\/product_tag?post=951403"}],"curies":[{"name":"wp","href":"https:\/\/api.w.org\/{rel}","templated":true}]}}