{"id":951444,"date":"2024-02-12T13:40:51","date_gmt":"2024-02-12T12:40:51","guid":{"rendered":"https:\/\/www.claret.cat\/llibre\/lilla-del-silenci-9788419259660\/"},"modified":"2026-02-26T18:00:37","modified_gmt":"2026-02-26T17:00:37","slug":"lilla-del-silenci-9788419259660","status":"publish","type":"product","link":"https:\/\/www.claret.cat\/es\/libro\/lilla-del-silenci-9788419259660\/","title":{"rendered":"L&#8217;ILLA DEL SILENCI"},"content":{"rendered":"<p>Hi ha morts que no es poden superar fins que no es fa just\u00edcia. Un thriller de Laia Vilaseca ambientat al Pirineu El 1982 un triple assassinat macabre a Sant Jord\u00e0, un petit poble del Pirineu catal\u00e0, marcar\u00e0 per sempre la vida dels seus habitants. La policia troba els cossos a l&#8217;illa del Silenci, un indret que sempre havia estat protagonista de llegendes fosques i un reclam per a tots els que visitaven el poble. Despr\u00e9s de la detenci\u00f3 de l&#8217;assass\u00ed, Sant Jord\u00e0 intenta sobreposar-se i retornar a la normalitat. Per\u00f2 l&#8217;illa segueix present, imm\u00f2bil, recordant-los els terribles fets dels quals va ser testimoni. Anys m\u00e9s tard, en Nil, el fill del policia que va portar el cas, decideix fer un documental sobre la trag\u00e8dia i, a mesura que s&#8217;hi endinsa, descobreix que no tots els indicis corroboren que la persona detinguda fos el vertader culpable.Quan en Nil desapareix de forma sobtada, l&#8221;Emma, la seva millor amiga, est\u00e0 conven\u00e7uda que li ha passat alguna cosa. Per\u00f2 hauran de passar vint-i-set anys perqu\u00e8 l&#8217;Emma, despr\u00e9s de trobar un misteri\u00f3s sobre sota la porta, tingui per fi l&#8217;oportunitat d&#8217;esbrinar la veritat sobre qu\u00e8 li va passar al seu amic i els secrets que amaga l&#8217;illa del Silenci. Un thriller que demostra que, malgrat que passin els anys, hi ha morts que no es poden superar fins que no es fa just\u00edcia.<\/p>\n","protected":false},"excerpt":{"rendered":"<p>VILASECA, LAIA<\/p>\n","protected":false},"featured_media":951450,"template":"","meta":{"_acf_changed":false,"om_disable_all_campaigns":false,"rs_blank_template":"","rs_page_bg_color":"","slide_template_v7":"","inline_featured_image":false,"_monsterinsights_skip_tracking":false,"_monsterinsights_sitenote_active":false,"_monsterinsights_sitenote_note":"","_monsterinsights_sitenote_category":0},"product_brand":[],"product_cat":[127,357],"product_tag":[],"class_list":{"0":"post-951444","1":"product","2":"type-product","3":"status-publish","4":"has-post-thumbnail","6":"product_cat-novella-contemporania","7":"product_cat-novela-contemporanea","9":"first","10":"instock","11":"taxable","12":"shipping-taxable","13":"purchasable","14":"product-type-simple"},"acf":{"autor":"VILASECA, LAIA","codart":"841925966","libros-coleccion":"NARRATIVA CATALANA","ediciones":"1","encuadernacion":"R\u00fastica","fecha_de_publicacion":"01\/02\/2024","novedad":"1","paginas":"333","subtitulo":"","orden":"0","portada":"0","idioma":"cat","editorial":[{"ID":6350,"post_author":"3","post_date":"2022-07-28 17:50:18","post_date_gmt":"2022-07-28 15:50:18","post_content":"","post_title":"ROSA DELS VENTS","post_excerpt":"","post_status":"publish","comment_status":"closed","ping_status":"closed","post_password":"","post_name":"rosa-dels-vents","to_ping":"","pinged":"","post_modified":"2022-07-28 17:50:18","post_modified_gmt":"2022-07-28 15:50:18","post_content_filtered":"","post_parent":0,"guid":"http:\/\/dev.claret.cat\/editorial\/rosa-dels-vents\/","menu_order":0,"post_type":"editorial","post_mime_type":"","comment_count":"0","filter":"raw"}],"booktrailer":"","resenas":""},"aioseo_notices":[],"_links":{"self":[{"href":"https:\/\/www.claret.cat\/es\/wp-json\/wp\/v2\/product\/951444","targetHints":{"allow":["GET"]}}],"collection":[{"href":"https:\/\/www.claret.cat\/es\/wp-json\/wp\/v2\/product"}],"about":[{"href":"https:\/\/www.claret.cat\/es\/wp-json\/wp\/v2\/types\/product"}],"wp:featuredmedia":[{"embeddable":true,"href":"https:\/\/www.claret.cat\/es\/wp-json\/wp\/v2\/media\/951450"}],"wp:attachment":[{"href":"https:\/\/www.claret.cat\/es\/wp-json\/wp\/v2\/media?parent=951444"}],"wp:term":[{"taxonomy":"product_brand","embeddable":true,"href":"https:\/\/www.claret.cat\/es\/wp-json\/wp\/v2\/product_brand?post=951444"},{"taxonomy":"product_cat","embeddable":true,"href":"https:\/\/www.claret.cat\/es\/wp-json\/wp\/v2\/product_cat?post=951444"},{"taxonomy":"product_tag","embeddable":true,"href":"https:\/\/www.claret.cat\/es\/wp-json\/wp\/v2\/product_tag?post=951444"}],"curies":[{"name":"wp","href":"https:\/\/api.w.org\/{rel}","templated":true}]}}