{"id":951549,"date":"2024-02-13T11:15:23","date_gmt":"2024-02-13T10:15:23","guid":{"rendered":"https:\/\/www.claret.cat\/llibre\/sant-francesc-dassis-o-gairebe-9788491365280\/"},"modified":"2026-03-27T11:35:52","modified_gmt":"2026-03-27T10:35:52","slug":"sant-francesc-dassis-o-gairebe-9788491365280","status":"publish","type":"product","link":"https:\/\/www.claret.cat\/es\/libro\/sant-francesc-dassis-o-gairebe-9788491365280\/","title":{"rendered":"SANT FRANCESC D&#8217;ASS\u00cdS O GAIREB\u00c9"},"content":{"rendered":"<p>Aquesta obra \u00e9s un intent d\u2019apropar&nbsp;<strong>Sant Francesc d\u2019Ass\u00eds&nbsp;<\/strong>a nous lectors. S\u2019adre\u00e7a, com Francesc, al qui \u00e9s piet\u00f3s, <strong>pobre<\/strong>, ric, noble, treballador, <strong>estimat<\/strong>, menyspreat, prudent, <strong>simple<\/strong>, idiota, clergue o laic.<\/p>\n<p>\u00c9s a dir, intentant recollir <strong>l\u2019essencial de la seva vida<\/strong> per oferir-lo a persones que es q\u00fcestionen, tal vegada candorosament, sobre la complexitat del&nbsp;<strong>fenomen francisc\u00e0<\/strong>&nbsp;i el seu sentit avui.<\/p>\n","protected":false},"excerpt":{"rendered":"<p>BOADAS LLAVAT, AGUST\u00cd<\/p>\n","protected":false},"featured_media":984537,"template":"","meta":{"_acf_changed":false,"om_disable_all_campaigns":false,"rs_blank_template":"","rs_page_bg_color":"","slide_template_v7":"","inline_featured_image":false,"_monsterinsights_skip_tracking":false,"_monsterinsights_sitenote_active":false,"_monsterinsights_sitenote_note":"","_monsterinsights_sitenote_category":0},"product_brand":[],"product_cat":[581,243,493],"product_tag":[],"class_list":{"0":"post-951549","1":"product","2":"type-product","3":"status-publish","4":"has-post-thumbnail","6":"product_cat-editorial-claret","7":"product_cat-franciscana","8":"product_cat-franciscana-espiritualidad-1_espiritualidad","10":"first","11":"instock","12":"taxable","13":"shipping-taxable","14":"purchasable","15":"product-type-simple"},"acf":{"autor":"BOADAS LLAVAT, AGUST\u00cd","codart":"849136528","libros-coleccion":"","ediciones":"1","encuadernacion":"R\u00fastica","fecha_de_publicacion":"20\/02\/2024","novedad":"1","paginas":"154","subtitulo":"","orden":"0","portada":"1","idioma":"cat","booktrailer":"","linkebook":"","ficha":"849136528_1708681568.pdf","muestra":"","precioebook":"0","presentacion":"<iframe width=\"949\" height=\"533\" src=\"https:\/\/www.youtube.com\/embed\/1L_g753xpl0?si=o16kEIrmWbPHkS7h\" title=\"YouTube video player\" frameborder=\"0\" allow=\"accelerometer; autoplay; clipboard-write; encrypted-media; gyroscope; picture-in-picture; web-share\" allowfullscreen><\/iframe>","resenas":"<p>Catalunya Religi\u00f3, 21\/02\/2024<\/p>\n<p><a href=\"https:\/\/www.catalunyareligio.cat\/ca\/claret-publica-llibre-sobre-essencial-vida-sant \" rel=\"noopener noreferrer\" target=\"_blank\">https:\/\/www.catalunyareligio.cat\/ca\/claret-publica-llibre-sobre-essencial-vida-sant <\/a><\/p>\n<p><\/p>\n<p>Catalunya Religi\u00f3, 27\/02\/2024<\/p>\n<p><a href=\"https:\/\/www.catalunyareligio.cat\/ca\/agusti-boadas-llibre-sobre-francesc-assis-fa-be\" rel=\"noopener noreferrer\" target=\"_blank\">https:\/\/www.catalunyareligio.cat\/ca\/agusti-boadas-llibre-sobre-francesc-assis-fa-be<\/a><\/p>\n<p><\/p>\n<p>Catalunya Religi\u00f3, 29\/02\/2024<\/p>\n<p><a href=\"https:\/\/www.catalunyareligio.cat\/ca\/blog\/llibres-recomanats\/sant-francesc-assis-gairebe-311471 \" rel=\"noopener noreferrer\" target=\"_blank\">https:\/\/www.catalunyareligio.cat\/ca\/blog\/llibres-recomanats\/sant-francesc-assis-gairebe-311471 <\/a><\/p>\n<p><\/p>\n<p>Catalunya Cristiana (catal\u00e0), 17\/03\/24<\/p>\n<p><a href=\"https:\/\/drive.google.com\/file\/d\/1WGOBiKTbH_ngu5AgKEv2KuvXK2VCCMMl\/view?usp=sharing\" rel=\"noopener noreferrer\" target=\"_blank\">https:\/\/drive.google.com\/file\/d\/1WGOBiKTbH_ngu5AgKEv2KuvXK2VCCMMl\/view?usp=sharing<\/a><\/p>\n<p><\/p>\n<p>Catalunya Cristiana (castell\u00e0), 17\/03\/24<\/p>\n<p><a href=\"https:\/\/drive.google.com\/file\/d\/1NLGNbaKDemm7Vc9Y5jUMgkM-30eu9Q7n\/view?usp=sharing\" rel=\"noopener noreferrer\" target=\"_blank\">https:\/\/drive.google.com\/file\/d\/1NLGNbaKDemm7Vc9Y5jUMgkM-30eu9Q7n\/view?usp=sharing<\/a><\/p>\n<p><\/p>\n<p>Catalunya Cristiana, 21\/03\/24:<\/p>\n<p><a href=\"https:\/\/www.catalunyacristiana.cat\/presentacio-del-llibre-sant-francesc-dassis-o-gairebe\/\" rel=\"noopener noreferrer\" target=\"_blank\">https:\/\/www.catalunyacristiana.cat\/presentacio-del-llibre-sant-francesc-dassis-o-gairebe\/<\/a><\/p>\n","editorial":[{"ID":6158,"post_author":"3","post_date":"2022-07-28 17:46:08","post_date_gmt":"2022-07-28 15:46:08","post_content":"","post_title":"CLARET","post_excerpt":"","post_status":"publish","comment_status":"closed","ping_status":"closed","post_password":"","post_name":"claret","to_ping":"","pinged":"","post_modified":"2022-07-28 17:46:08","post_modified_gmt":"2022-07-28 15:46:08","post_content_filtered":"","post_parent":0,"guid":"http:\/\/dev.claret.cat\/editorial\/claret\/","menu_order":0,"post_type":"editorial","post_mime_type":"","comment_count":"0","filter":"raw"}],"autores-libros":[{"ID":5207,"post_author":"3","post_date":"2022-07-28 17:17:04","post_date_gmt":"2022-07-28 15:17:04","post_content":"<span class=\"fontstyle0\">Agust\u00ed Boadas Llavat (Barcelona, 1963) \u00e9s francisc\u00e0. Doctorat en filosofia per la Universitat de Barcelona, els seus estudis s\u2019han complementat amb els teol\u00f2gics a la Facultat de Teologia de Catalunya i els d\u2019organista al Conservatori Superior de M\u00fasica de Barcelona. Durant els darrers trenta anys ha impartit classes com a professor a la Universitat Oberta de Catalunya, a la Universitat Ramon Llull i, darrerament, a l\u2019Ateneu Pontifici Antoni Gaud\u00ed. Cal destacar la seva activitat com a arxiver i bibliotecari provincial dels franciscans de Catalunya fins al 2015 i secretari general de l\u2019Associaci\u00f3 Hisp\u00e0nica d\u2019Estudis Franciscans. Col\u00b7labora des del 1989 amb la Cust\u00f2dia de Terra Santa a trav\u00e9s de la seu de Barcelona. \u00c9s autor de: <\/span><em><span class=\"fontstyle2\">Els franciscans a Catalunya <\/span><\/em><span class=\"fontstyle0\">(Pag\u00e8s Editors, Lleida, 2014). Actualment, treballa al col\u00b7legi Sant Francesc i \u00e9s rector de la parr\u00f2quia hom\u00f2nima de Sabadell.<\/span>","post_title":"AGUST\u00cd BOADAS LLAVAT","post_excerpt":"","post_status":"publish","comment_status":"closed","ping_status":"closed","post_password":"","post_name":"agusti-boadas-llavat","to_ping":"","pinged":"","post_modified":"2024-02-05 11:54:03","post_modified_gmt":"2024-02-05 10:54:03","post_content_filtered":"","post_parent":0,"guid":"http:\/\/dev.claret.cat\/autor\/agusti-boadas-llavat\/","menu_order":0,"post_type":"autor","post_mime_type":"","comment_count":"0","filter":"raw"}]},"aioseo_notices":[],"_links":{"self":[{"href":"https:\/\/www.claret.cat\/es\/wp-json\/wp\/v2\/product\/951549","targetHints":{"allow":["GET"]}}],"collection":[{"href":"https:\/\/www.claret.cat\/es\/wp-json\/wp\/v2\/product"}],"about":[{"href":"https:\/\/www.claret.cat\/es\/wp-json\/wp\/v2\/types\/product"}],"wp:featuredmedia":[{"embeddable":true,"href":"https:\/\/www.claret.cat\/es\/wp-json\/wp\/v2\/media\/984537"}],"wp:attachment":[{"href":"https:\/\/www.claret.cat\/es\/wp-json\/wp\/v2\/media?parent=951549"}],"wp:term":[{"taxonomy":"product_brand","embeddable":true,"href":"https:\/\/www.claret.cat\/es\/wp-json\/wp\/v2\/product_brand?post=951549"},{"taxonomy":"product_cat","embeddable":true,"href":"https:\/\/www.claret.cat\/es\/wp-json\/wp\/v2\/product_cat?post=951549"},{"taxonomy":"product_tag","embeddable":true,"href":"https:\/\/www.claret.cat\/es\/wp-json\/wp\/v2\/product_tag?post=951549"}],"curies":[{"name":"wp","href":"https:\/\/api.w.org\/{rel}","templated":true}]}}