{"id":951665,"date":"2024-02-13T14:08:10","date_gmt":"2024-02-13T13:08:10","guid":{"rendered":"https:\/\/www.claret.cat\/llibre\/mis-ejercicios-gym-razonamiento-9788419436047\/"},"modified":"2026-01-05T13:35:12","modified_gmt":"2026-01-05T12:35:12","slug":"mis-ejercicios-gym-razonamiento-9788419436047","status":"publish","type":"product","link":"https:\/\/www.claret.cat\/es\/libro\/mis-ejercicios-gym-razonamiento-9788419436047\/","title":{"rendered":"MIS EJERCICIOS GYM RAZONAMIENTO"},"content":{"rendered":"<p>Una manera eficaz de &#8216;trabajar&#8217; el razonamiento, para desarrollar explicaciones y argumentaciones cada vez m\u00e1s s\u00f3lidas y concluyentes. <br \/>Este libro propone multitud de ejercicios, tests, juegos, enigmas y pasatiempos, distribuidos en tres niveles de dificultad, que permitir\u00e1n que progreses a tu ritmo. Al principio de cada reto se se\u00f1ala el \u00abobjeto del juego\u00bb, es decir, el tipo de razonamiento que habr\u00e1s potenciado al resolverlo. Despu\u00e9s de anotar la puntuaci\u00f3n obtenida en cada nivel, descubrir\u00e1s cu\u00e1les son tus puntos fuertes y tus puntos d\u00e9biles. Al final, podr\u00e1s comprobar lo que has avanzado gracias a la ejercitaci\u00f3n.<br \/>\u00a1Y es que no se trata solo de jugar, sino tambi\u00e9n de descubrir el rendimiento de nuestro cerebro!<\/p>\n","protected":false},"excerpt":{"rendered":"<p>NAVARRO SIM\u00d3N, \u00c0NGELS<\/p>\n","protected":false},"featured_media":951729,"template":"","meta":{"_acf_changed":false,"om_disable_all_campaigns":false,"rs_blank_template":"","rs_page_bg_color":"","slide_template_v7":"","inline_featured_image":false,"_monsterinsights_skip_tracking":false,"_monsterinsights_sitenote_active":false,"_monsterinsights_sitenote_note":"","_monsterinsights_sitenote_category":0},"product_brand":[],"product_cat":[90,540],"product_tag":[],"class_list":{"0":"post-951665","1":"product","2":"type-product","3":"status-publish","4":"has-post-thumbnail","6":"product_cat-altres","7":"product_cat-otros","9":"first","10":"instock","11":"taxable","12":"shipping-taxable","13":"purchasable","14":"product-type-simple"},"acf":{"autor":"NAVARRO SIM\u00d3N, \u00c0NGELS","codart":"841943604","libros-coleccion":"Larousse - Libros Ilustrados\/ Pr\u00e1cticos","ediciones":"1","encuadernacion":"R\u00fastica","fecha_de_publicacion":"01\/01\/2023","novedad":"1","paginas":"160","subtitulo":"M\u00c1S DE 70 EJERCICIOS PARA DESARROLLAR TUS NEURONAS","orden":"0","portada":"0","idioma":"spa","editorial":[{"ID":148398,"post_author":"3","post_date":"2022-10-14 11:57:56","post_date_gmt":"2022-10-14 09:57:56","post_content":"","post_title":"Larousse","post_excerpt":"","post_status":"publish","comment_status":"closed","ping_status":"closed","post_password":"","post_name":"larousse","to_ping":"","pinged":"","post_modified":"2022-10-14 11:57:56","post_modified_gmt":"2022-10-14 09:57:56","post_content_filtered":"","post_parent":0,"guid":"http:\/\/dev.claret.cat\/editorial\/larousse\/","menu_order":0,"post_type":"editorial","post_mime_type":"","comment_count":"0","filter":"raw"}],"booktrailer":"","resenas":""},"aioseo_notices":[],"_links":{"self":[{"href":"https:\/\/www.claret.cat\/es\/wp-json\/wp\/v2\/product\/951665","targetHints":{"allow":["GET"]}}],"collection":[{"href":"https:\/\/www.claret.cat\/es\/wp-json\/wp\/v2\/product"}],"about":[{"href":"https:\/\/www.claret.cat\/es\/wp-json\/wp\/v2\/types\/product"}],"wp:featuredmedia":[{"embeddable":true,"href":"https:\/\/www.claret.cat\/es\/wp-json\/wp\/v2\/media\/951729"}],"wp:attachment":[{"href":"https:\/\/www.claret.cat\/es\/wp-json\/wp\/v2\/media?parent=951665"}],"wp:term":[{"taxonomy":"product_brand","embeddable":true,"href":"https:\/\/www.claret.cat\/es\/wp-json\/wp\/v2\/product_brand?post=951665"},{"taxonomy":"product_cat","embeddable":true,"href":"https:\/\/www.claret.cat\/es\/wp-json\/wp\/v2\/product_cat?post=951665"},{"taxonomy":"product_tag","embeddable":true,"href":"https:\/\/www.claret.cat\/es\/wp-json\/wp\/v2\/product_tag?post=951665"}],"curies":[{"name":"wp","href":"https:\/\/api.w.org\/{rel}","templated":true}]}}