{"id":951671,"date":"2024-02-13T14:10:16","date_gmt":"2024-02-13T13:10:16","guid":{"rendered":"https:\/\/www.claret.cat\/llibre\/mis-ejercicios-gym-juegos-de-palabras-9788419739582\/"},"modified":"2026-01-05T13:35:19","modified_gmt":"2026-01-05T12:35:19","slug":"mis-ejercicios-gym-juegos-de-palabras-9788419739582","status":"publish","type":"product","link":"https:\/\/www.claret.cat\/es\/libro\/mis-ejercicios-gym-juegos-de-palabras-9788419739582\/","title":{"rendered":"MIS EJERCICIOS GYM JUEGOS DE PALABRAS"},"content":{"rendered":"<p>M\u00e1s de 70 juegos de palabras para explorar y disfrutar del lenguaje de manera creativa y desafiante.<br \/>Con tres niveles de dificultad, estos juegos profundizan en el conocimiento del lenguaje, enriquecen la comprensi\u00f3n ling\u00fc\u00edstica, ampl\u00edan el vocabulario y mejoran la capacidad de comunicaci\u00f3n. Todo el mundo puede comprobar su nivel mediante un sencillo c\u00e1lculo de la puntuaci\u00f3n.<\/p>\n","protected":false},"excerpt":{"rendered":"<p>NAVARRO SIM\u00d3N, \u00c0NGELS<\/p>\n","protected":false},"featured_media":951741,"template":"","meta":{"_acf_changed":false,"om_disable_all_campaigns":false,"rs_blank_template":"","rs_page_bg_color":"","slide_template_v7":"","inline_featured_image":false,"_monsterinsights_skip_tracking":false,"_monsterinsights_sitenote_active":false,"_monsterinsights_sitenote_note":"","_monsterinsights_sitenote_category":0},"product_brand":[],"product_cat":[90,540],"product_tag":[],"class_list":{"0":"post-951671","1":"product","2":"type-product","3":"status-publish","4":"has-post-thumbnail","6":"product_cat-altres","7":"product_cat-otros","9":"first","10":"instock","11":"taxable","12":"shipping-taxable","13":"purchasable","14":"product-type-simple"},"acf":{"autor":"NAVARRO SIM\u00d3N, \u00c0NGELS","codart":"841973958","libros-coleccion":"Larousse - Libros Ilustrados\/ Pr\u00e1cticos","ediciones":"1","encuadernacion":"R\u00fastica","fecha_de_publicacion":"01\/01\/2024","novedad":"1","paginas":"160","subtitulo":"M\u00c1S DE 70 EJERCICIOS PARA ESTIMULAR LA INTELIGENCIA LING\u00dc\u00cdSTICA","orden":"0","portada":"0","idioma":"spa","editorial":[{"ID":148398,"post_author":"3","post_date":"2022-10-14 11:57:56","post_date_gmt":"2022-10-14 09:57:56","post_content":"","post_title":"Larousse","post_excerpt":"","post_status":"publish","comment_status":"closed","ping_status":"closed","post_password":"","post_name":"larousse","to_ping":"","pinged":"","post_modified":"2022-10-14 11:57:56","post_modified_gmt":"2022-10-14 09:57:56","post_content_filtered":"","post_parent":0,"guid":"http:\/\/dev.claret.cat\/editorial\/larousse\/","menu_order":0,"post_type":"editorial","post_mime_type":"","comment_count":"0","filter":"raw"}],"booktrailer":"","resenas":""},"aioseo_notices":[],"_links":{"self":[{"href":"https:\/\/www.claret.cat\/es\/wp-json\/wp\/v2\/product\/951671","targetHints":{"allow":["GET"]}}],"collection":[{"href":"https:\/\/www.claret.cat\/es\/wp-json\/wp\/v2\/product"}],"about":[{"href":"https:\/\/www.claret.cat\/es\/wp-json\/wp\/v2\/types\/product"}],"wp:featuredmedia":[{"embeddable":true,"href":"https:\/\/www.claret.cat\/es\/wp-json\/wp\/v2\/media\/951741"}],"wp:attachment":[{"href":"https:\/\/www.claret.cat\/es\/wp-json\/wp\/v2\/media?parent=951671"}],"wp:term":[{"taxonomy":"product_brand","embeddable":true,"href":"https:\/\/www.claret.cat\/es\/wp-json\/wp\/v2\/product_brand?post=951671"},{"taxonomy":"product_cat","embeddable":true,"href":"https:\/\/www.claret.cat\/es\/wp-json\/wp\/v2\/product_cat?post=951671"},{"taxonomy":"product_tag","embeddable":true,"href":"https:\/\/www.claret.cat\/es\/wp-json\/wp\/v2\/product_tag?post=951671"}],"curies":[{"name":"wp","href":"https:\/\/api.w.org\/{rel}","templated":true}]}}