{"id":951701,"date":"2024-02-13T14:21:40","date_gmt":"2024-02-13T13:21:40","guid":{"rendered":"https:\/\/www.claret.cat\/llibre\/apunt-de-vic-dibuixos-i-aquarelles-destrada-vilarrasa-9788486329518\/"},"modified":"2024-02-13T14:21:48","modified_gmt":"2024-02-13T13:21:48","slug":"apunt-de-vic-dibuixos-i-aquarelles-destrada-vilarrasa-9788486329518","status":"publish","type":"product","link":"https:\/\/www.claret.cat\/es\/libro\/apunt-de-vic-dibuixos-i-aquarelles-destrada-vilarrasa-9788486329518\/","title":{"rendered":"APUNT DE VIC . DIBUIXOS I AQUAREL\u00b7LES D&#8217;ESTRADA VILARRASA"},"content":{"rendered":"<p>En este caso la rica sensibilidad del artista se une a la mirada enamorada del hijo de Vic en la captaci\u00f3n y plasmaci\u00f3n de la corteza urbana que nos ofrece un rico reflejo de esta ciudad llena de historia y nostalgia. En esta colecci\u00f3n de acuarelas y dibujos domina una visi\u00f3n rigurosamente documental de un pasado m\u00faltiple que todav\u00eda pervive y que en los momentos de luz recreados por el artista constituye una actualizaci\u00f3n ardiente de \u00e9pocas pasadas. La escritora M\u00aa \u00c0ngels Anglada a\u00f1ade a la evocaci\u00f3n pict\u00f3rica la literaria de su ciudad natal.<\/p>\n","protected":false},"excerpt":{"rendered":"<p>ANGLADA, MARIA ANGELS<\/p>\n","protected":false},"featured_media":951702,"template":"","meta":{"_acf_changed":false,"om_disable_all_campaigns":false,"rs_blank_template":"","rs_page_bg_color":"","slide_template_v7":"","inline_featured_image":false,"_monsterinsights_skip_tracking":false,"_monsterinsights_sitenote_active":false,"_monsterinsights_sitenote_note":"","_monsterinsights_sitenote_category":0},"product_brand":[],"product_cat":[110,560,105,555],"product_tag":[],"class_list":{"0":"post-951701","1":"product","2":"type-product","3":"status-publish","4":"has-post-thumbnail","6":"product_cat-art","7":"product_cat-arte","8":"product_cat-regal","9":"product_cat-regalo","11":"first","12":"instock","13":"taxable","14":"shipping-taxable","15":"purchasable","16":"product-type-simple"},"acf":{"autor":"ANGLADA, MARIA ANGELS","codart":"848632951","libros-coleccion":"FORA DE COL.LECCI\u00d3","ediciones":"1","encuadernacion":"Carton\u00e9","fecha_de_publicacion":"01\/03\/1990","novedad":"0","paginas":"56","subtitulo":"","orden":"999","portada":"0","idioma":"cat","editorial":[{"ID":951689,"post_author":"3","post_date":"2024-02-13 14:20:49","post_date_gmt":"2024-02-13 13:20:49","post_content":"","post_title":"AUSA, EDITORIAL","post_excerpt":"","post_status":"publish","comment_status":"closed","ping_status":"closed","post_password":"","post_name":"ausa-editorial","to_ping":"","pinged":"","post_modified":"2024-02-13 14:20:49","post_modified_gmt":"2024-02-13 13:20:49","post_content_filtered":"","post_parent":0,"guid":"https:\/\/www.claret.cat\/editorial\/ausa-editorial\/","menu_order":0,"post_type":"editorial","post_mime_type":"","comment_count":"0","filter":"raw"}],"autores-libros":[{"ID":163520,"post_author":"3","post_date":"2022-10-14 17:39:42","post_date_gmt":"2022-10-14 15:39:42","post_content":"","post_title":"MARIA ANGELS ANGLADA","post_excerpt":"","post_status":"publish","comment_status":"closed","ping_status":"closed","post_password":"","post_name":"maria-angels-anglada","to_ping":"","pinged":"","post_modified":"2022-10-14 17:39:42","post_modified_gmt":"2022-10-14 15:39:42","post_content_filtered":"","post_parent":0,"guid":"http:\/\/dev.claret.cat\/autor\/maria-angels-anglada\/","menu_order":0,"post_type":"autor","post_mime_type":"","comment_count":"0","filter":"raw"}]},"aioseo_notices":[],"_links":{"self":[{"href":"https:\/\/www.claret.cat\/es\/wp-json\/wp\/v2\/product\/951701","targetHints":{"allow":["GET"]}}],"collection":[{"href":"https:\/\/www.claret.cat\/es\/wp-json\/wp\/v2\/product"}],"about":[{"href":"https:\/\/www.claret.cat\/es\/wp-json\/wp\/v2\/types\/product"}],"wp:featuredmedia":[{"embeddable":true,"href":"https:\/\/www.claret.cat\/es\/wp-json\/wp\/v2\/media\/951702"}],"wp:attachment":[{"href":"https:\/\/www.claret.cat\/es\/wp-json\/wp\/v2\/media?parent=951701"}],"wp:term":[{"taxonomy":"product_brand","embeddable":true,"href":"https:\/\/www.claret.cat\/es\/wp-json\/wp\/v2\/product_brand?post=951701"},{"taxonomy":"product_cat","embeddable":true,"href":"https:\/\/www.claret.cat\/es\/wp-json\/wp\/v2\/product_cat?post=951701"},{"taxonomy":"product_tag","embeddable":true,"href":"https:\/\/www.claret.cat\/es\/wp-json\/wp\/v2\/product_tag?post=951701"}],"curies":[{"name":"wp","href":"https:\/\/api.w.org\/{rel}","templated":true}]}}