{"id":951705,"date":"2024-02-13T14:21:57","date_gmt":"2024-02-13T13:21:57","guid":{"rendered":"https:\/\/www.claret.cat\/llibre\/apunt-de-reus-9788486329600\/"},"modified":"2024-02-13T14:22:06","modified_gmt":"2024-02-13T13:22:06","slug":"apunt-de-reus-9788486329600","status":"publish","type":"product","link":"https:\/\/www.claret.cat\/es\/libro\/apunt-de-reus-9788486329600\/","title":{"rendered":"APUNT DE REUS"},"content":{"rendered":"<p>Pintor y poeta, combina las peculiares visiones art\u00edsticas para ofrecernos de manera conjugada una sensaci\u00f3n \u00fanica de Reus, ciudad que posee un gran atractivo que solamente descubre una sensibilidad atenta y amorosa. La labor pl\u00e1stica y la l\u00edrica han podido ajustarse bastante bien, formando un dueto que pretende cantar una loanza a su belleza. Los textos proceden del libro Poemes reusencs de Antoni Correig Mass\u00f3; los dibujos y acuarelas, de la creaci\u00f3n \u00faltima de Estrada Vilarrasa.<\/p>\n","protected":false},"excerpt":{"rendered":"<p>CORREIG MASSO, ANTONI<\/p>\n","protected":false},"featured_media":951706,"template":"","meta":{"_acf_changed":false,"om_disable_all_campaigns":false,"rs_blank_template":"","rs_page_bg_color":"","slide_template_v7":"","inline_featured_image":false,"_monsterinsights_skip_tracking":false,"_monsterinsights_sitenote_active":false,"_monsterinsights_sitenote_note":"","_monsterinsights_sitenote_category":0},"product_brand":[],"product_cat":[110,560,105,555],"product_tag":[],"class_list":{"0":"post-951705","1":"product","2":"type-product","3":"status-publish","4":"has-post-thumbnail","6":"product_cat-art","7":"product_cat-arte","8":"product_cat-regal","9":"product_cat-regalo","11":"first","12":"instock","13":"taxable","14":"shipping-taxable","15":"purchasable","16":"product-type-simple"},"acf":{"autor":"CORREIG MASSO, ANTONI","codart":"848632960","libros-coleccion":"FORA DE COL.LECCI\u00d3","ediciones":"1","encuadernacion":"Carton\u00e9","fecha_de_publicacion":"01\/10\/1990","novedad":"0","paginas":"56","subtitulo":"","orden":"999","portada":"0","idioma":"cat","editorial":[{"ID":951689,"post_author":"3","post_date":"2024-02-13 14:20:49","post_date_gmt":"2024-02-13 13:20:49","post_content":"","post_title":"AUSA, EDITORIAL","post_excerpt":"","post_status":"publish","comment_status":"closed","ping_status":"closed","post_password":"","post_name":"ausa-editorial","to_ping":"","pinged":"","post_modified":"2024-02-13 14:20:49","post_modified_gmt":"2024-02-13 13:20:49","post_content_filtered":"","post_parent":0,"guid":"https:\/\/www.claret.cat\/editorial\/ausa-editorial\/","menu_order":0,"post_type":"editorial","post_mime_type":"","comment_count":"0","filter":"raw"}],"autores-libros":[{"ID":951704,"post_author":"3","post_date":"2024-02-13 14:21:54","post_date_gmt":"2024-02-13 13:21:54","post_content":"","post_title":"ANTONI CORREIG MASSO","post_excerpt":"","post_status":"publish","comment_status":"closed","ping_status":"closed","post_password":"","post_name":"antoni-correig-masso","to_ping":"","pinged":"","post_modified":"2024-02-13 14:21:54","post_modified_gmt":"2024-02-13 13:21:54","post_content_filtered":"","post_parent":0,"guid":"https:\/\/www.claret.cat\/autor\/antoni-correig-masso\/","menu_order":0,"post_type":"autor","post_mime_type":"","comment_count":"0","filter":"raw"}]},"aioseo_notices":[],"_links":{"self":[{"href":"https:\/\/www.claret.cat\/es\/wp-json\/wp\/v2\/product\/951705","targetHints":{"allow":["GET"]}}],"collection":[{"href":"https:\/\/www.claret.cat\/es\/wp-json\/wp\/v2\/product"}],"about":[{"href":"https:\/\/www.claret.cat\/es\/wp-json\/wp\/v2\/types\/product"}],"wp:featuredmedia":[{"embeddable":true,"href":"https:\/\/www.claret.cat\/es\/wp-json\/wp\/v2\/media\/951706"}],"wp:attachment":[{"href":"https:\/\/www.claret.cat\/es\/wp-json\/wp\/v2\/media?parent=951705"}],"wp:term":[{"taxonomy":"product_brand","embeddable":true,"href":"https:\/\/www.claret.cat\/es\/wp-json\/wp\/v2\/product_brand?post=951705"},{"taxonomy":"product_cat","embeddable":true,"href":"https:\/\/www.claret.cat\/es\/wp-json\/wp\/v2\/product_cat?post=951705"},{"taxonomy":"product_tag","embeddable":true,"href":"https:\/\/www.claret.cat\/es\/wp-json\/wp\/v2\/product_tag?post=951705"}],"curies":[{"name":"wp","href":"https:\/\/api.w.org\/{rel}","templated":true}]}}