{"id":95171,"date":"2022-10-12T06:40:54","date_gmt":"2022-10-12T04:40:54","guid":{"rendered":"http:\/\/dev.claret.cat\/producte\/todos-buscan-a-nora-roy-2\/"},"modified":"2023-01-28T15:10:07","modified_gmt":"2023-01-28T14:10:07","slug":"todos-buscan-a-nora-roy-9788408237198","status":"publish","type":"product","link":"https:\/\/www.claret.cat\/es\/libro\/todos-buscan-a-nora-roy-9788408237198\/","title":{"rendered":"TODOS BUSCAN A NORA ROY"},"content":{"rendered":"<p>Nadie sabe qu\u00e9 fue lo que impuls\u00f3 a Nora Roy, una paciente del centro psiqui\u00e1trico Vera de la Cruz, a asesinar a su psiquiatra y a una de las enfermeras. Nadie entiende c\u00f3mo fue capaz de encerrarlos en el s\u00f3tano, matarlos y huir sin ser vista. <br \/>Mientras todos buscan a Nora, Eva alquila una habitaci\u00f3n a Charlotte, una parisina extra\u00f1a y discreta. Una noche, Eva coincide en una discoteca con Adri\u00e1n, un hombre al que apenas conoce, y terminan en su piso lo que parece una prometedora cita. <br \/>A la ma\u00f1ana siguiente, Adri\u00e1n no est\u00e1 y Charlotte ha desaparecido dejando tras de s\u00ed las paredes salpicadas de sangre y la vida de Eva perturbada de manera irremediable.<br \/> Con su estilo altamente adictivo, Lorena Franco nos sumerge en una trama impredecible y llena de giros que te lleva hasta un final sorprendente e inesperado.<br \/> Dos muertes, dos desapariciones, un amor inesperado, demasiados secretos <br \/>Vuelve Lorena Franco, la nueva reina del thriller<\/p>\n","protected":false},"excerpt":{"rendered":"<p>FRANCO, LORENA<\/p>\n","protected":false},"featured_media":95172,"template":"","meta":{"_acf_changed":false,"om_disable_all_campaigns":false,"rs_blank_template":"","rs_page_bg_color":"","slide_template_v7":"","inline_featured_image":false,"_monsterinsights_skip_tracking":false,"_monsterinsights_sitenote_active":false,"_monsterinsights_sitenote_note":"","_monsterinsights_sitenote_category":0},"product_brand":[],"product_cat":[127],"product_tag":[],"class_list":{"0":"post-95171","1":"product","2":"type-product","3":"status-publish","4":"has-post-thumbnail","6":"product_cat-novella-contemporania","8":"first","9":"instock","10":"taxable","11":"shipping-taxable","12":"purchasable","13":"product-type-simple"},"acf":{"editorial":[{"ID":6233,"post_author":"3","post_date":"2022-07-28 17:47:48","post_date_gmt":"2022-07-28 15:47:48","post_content":"","post_title":"EDITORIAL PLANETA","post_excerpt":"","post_status":"publish","comment_status":"closed","ping_status":"closed","post_password":"","post_name":"editorial-planeta","to_ping":"","pinged":"","post_modified":"2022-07-28 17:47:48","post_modified_gmt":"2022-07-28 15:47:48","post_content_filtered":"","post_parent":0,"guid":"http:\/\/dev.claret.cat\/editorial\/editorial-planeta\/","menu_order":0,"post_type":"editorial","post_mime_type":"","comment_count":"0","filter":"raw"}],"autores-libros":[{"ID":162459,"post_author":"3","post_date":"2022-10-14 17:31:11","post_date_gmt":"2022-10-14 15:31:11","post_content":"","post_title":"LORENA FRANCO","post_excerpt":"","post_status":"publish","comment_status":"closed","ping_status":"closed","post_password":"","post_name":"lorena-franco","to_ping":"","pinged":"","post_modified":"2022-10-14 17:31:11","post_modified_gmt":"2022-10-14 15:31:11","post_content_filtered":"","post_parent":0,"guid":"http:\/\/dev.claret.cat\/autor\/lorena-franco\/","menu_order":0,"post_type":"autor","post_mime_type":"","comment_count":"0","filter":"raw"}],"autor":"FRANCO, LORENA","codart":"840823719","libros-coleccion":"Autores Espa\u00f1oles e Iberoamericanos","ediciones":"1","encuadernacion":"R\u00fastica","fecha_de_publicacion":"01\/03\/2021","novedad":"1","paginas":"382","subtitulo":"","orden":"0","portada":"0","idioma":"spa"},"aioseo_notices":[],"_links":{"self":[{"href":"https:\/\/www.claret.cat\/es\/wp-json\/wp\/v2\/product\/95171","targetHints":{"allow":["GET"]}}],"collection":[{"href":"https:\/\/www.claret.cat\/es\/wp-json\/wp\/v2\/product"}],"about":[{"href":"https:\/\/www.claret.cat\/es\/wp-json\/wp\/v2\/types\/product"}],"wp:featuredmedia":[{"embeddable":true,"href":"https:\/\/www.claret.cat\/es\/wp-json\/wp\/v2\/media\/95172"}],"wp:attachment":[{"href":"https:\/\/www.claret.cat\/es\/wp-json\/wp\/v2\/media?parent=95171"}],"wp:term":[{"taxonomy":"product_brand","embeddable":true,"href":"https:\/\/www.claret.cat\/es\/wp-json\/wp\/v2\/product_brand?post=95171"},{"taxonomy":"product_cat","embeddable":true,"href":"https:\/\/www.claret.cat\/es\/wp-json\/wp\/v2\/product_cat?post=95171"},{"taxonomy":"product_tag","embeddable":true,"href":"https:\/\/www.claret.cat\/es\/wp-json\/wp\/v2\/product_tag?post=95171"}],"curies":[{"name":"wp","href":"https:\/\/api.w.org\/{rel}","templated":true}]}}