{"id":952188,"date":"2024-02-14T19:56:53","date_gmt":"2024-02-14T18:56:53","guid":{"rendered":"https:\/\/www.claret.cat\/llibre\/el-mes-millor-9788411581332\/"},"modified":"2024-03-19T19:43:39","modified_gmt":"2024-03-19T18:43:39","slug":"el-mes-millor-9788411581332","status":"publish","type":"product","link":"https:\/\/www.claret.cat\/es\/libro\/el-mes-millor-9788411581332\/","title":{"rendered":"EL M\u00c9S MILLOR!"},"content":{"rendered":"<p>Un nou \u00e0lbum il\u00b7lustrat de Beatrice Alemagna protagonitzat per la Pasqualina, un petit ratpenat que homenatja els aprenentatges quotidians dels nens i les nenes. Aquesta vegada la Pasqualina acompanya la seva mare a comprar al supermercat i, \u00e9s clar, all\u00e0 hi troba de tot: xupa-xups de llimac, xips de grills, escorces confitades? Tot \u00e9s el m\u00e9s millor i la Pasqualina baveja de les ganes, tant que es torna viscosa com un llimac, l&#8217;aliment perfecte per a una mallerenga! Vivint aquesta aventura, la Pasqualina descobrir\u00e0 que el m\u00e9s millor? \u00e9s relatiu.<\/p>\n","protected":false},"excerpt":{"rendered":"<p>ALEMAGNA, BEATRICE<\/p>\n","protected":false},"featured_media":955802,"template":"","meta":{"_acf_changed":false,"om_disable_all_campaigns":false,"rs_blank_template":"","rs_page_bg_color":"","slide_template_v7":"","inline_featured_image":false,"_monsterinsights_skip_tracking":false,"_monsterinsights_sitenote_active":false,"_monsterinsights_sitenote_note":"","_monsterinsights_sitenote_category":0},"product_brand":[],"product_cat":[131,361],"product_tag":[],"class_list":{"0":"post-952188","1":"product","2":"type-product","3":"status-publish","4":"has-post-thumbnail","6":"product_cat-contes-per-infants-0-6-anys","7":"product_cat-cuentos-para-ninos-0-6-anos","9":"first","10":"instock","11":"taxable","12":"shipping-taxable","13":"purchasable","14":"product-type-simple"},"acf":{"autor":"ALEMAGNA, BEATRICE","codart":"841158133","libros-coleccion":"FORA DE COL.LECCI\u00d3","ediciones":"1","encuadernacion":"Carton\u00e9","fecha_de_publicacion":"01\/02\/2024","novedad":"1","paginas":"48","subtitulo":"","orden":"0","portada":"0","idioma":"cat","editorial":[{"ID":147649,"post_author":"3","post_date":"2022-10-14 11:52:11","post_date_gmt":"2022-10-14 09:52:11","post_content":"","post_title":"COMBEL EDITORIAL","post_excerpt":"","post_status":"publish","comment_status":"closed","ping_status":"closed","post_password":"","post_name":"combel-editorial","to_ping":"","pinged":"","post_modified":"2022-10-14 11:52:11","post_modified_gmt":"2022-10-14 09:52:11","post_content_filtered":"","post_parent":0,"guid":"http:\/\/dev.claret.cat\/editorial\/combel-editorial\/","menu_order":0,"post_type":"editorial","post_mime_type":"","comment_count":"0","filter":"raw"}]},"aioseo_notices":[],"_links":{"self":[{"href":"https:\/\/www.claret.cat\/es\/wp-json\/wp\/v2\/product\/952188","targetHints":{"allow":["GET"]}}],"collection":[{"href":"https:\/\/www.claret.cat\/es\/wp-json\/wp\/v2\/product"}],"about":[{"href":"https:\/\/www.claret.cat\/es\/wp-json\/wp\/v2\/types\/product"}],"wp:featuredmedia":[{"embeddable":true,"href":"https:\/\/www.claret.cat\/es\/wp-json\/wp\/v2\/media\/955802"}],"wp:attachment":[{"href":"https:\/\/www.claret.cat\/es\/wp-json\/wp\/v2\/media?parent=952188"}],"wp:term":[{"taxonomy":"product_brand","embeddable":true,"href":"https:\/\/www.claret.cat\/es\/wp-json\/wp\/v2\/product_brand?post=952188"},{"taxonomy":"product_cat","embeddable":true,"href":"https:\/\/www.claret.cat\/es\/wp-json\/wp\/v2\/product_cat?post=952188"},{"taxonomy":"product_tag","embeddable":true,"href":"https:\/\/www.claret.cat\/es\/wp-json\/wp\/v2\/product_tag?post=952188"}],"curies":[{"name":"wp","href":"https:\/\/api.w.org\/{rel}","templated":true}]}}