{"id":952331,"date":"2024-02-15T12:50:23","date_gmt":"2024-02-15T11:50:23","guid":{"rendered":"https:\/\/www.claret.cat\/llibre\/hablando-con-heriberto-garcia-arias-confesiones-de-un-sacerdote-digital-9788479667924\/"},"modified":"2024-05-23T14:03:11","modified_gmt":"2024-05-23T12:03:11","slug":"hablando-con-heriberto-garcia-arias-confesiones-de-un-sacerdote-digital-9788479667924","status":"publish","type":"product","link":"https:\/\/www.claret.cat\/es\/libro\/hablando-con-heriberto-garcia-arias-confesiones-de-un-sacerdote-digital-9788479667924\/","title":{"rendered":"HABLANDO CON &#8230; HERIBERTO GARC\u00cdA ARIAS : CONFESIONES DE UN SACERDOTE DIGITAL"},"content":{"rendered":"<p>\u201cHablando con\u201d Queremos dar voz a hombres y mujeres no demasiado conocidos que est\u00e1n viviendo experiencias significativas en el campo de la evangelizaci\u00f3n. Su testimonio puede ayudarnos a todos a seguir compartiendo el tesoro del Evangelio con quienes buscan razones para creer, amar y esperar.<\/p>\n<p>A diferencia de los primeros disc\u00edpulos de Jes\u00fas, que \u201cdejaron inmediatamente las redes y lo siguieron\u201d, este joven sacerdote digital ha decidido no dejar las redes, sino abrazarlas. En el caso de los disc\u00edpulos, dejar las redes era abandonar su profesi\u00f3n de pescadores para poder seguir libremente al Maestro. En el caso del padre Heriberto, abrazar las redes (sociales) es una forma de hacer llegar el Evangelio a muchos, sobre todo a los adolescentes y j\u00f3venes, en la sociedad de la informaci\u00f3n. En ambos casos, se trata de colaborar con Jes\u00fas en el anuncio de la Buena Noticia.<\/p>\n","protected":false},"excerpt":{"rendered":"<p>FERN\u00c1NDEZ SANZ, GONZALO <\/p>\n","protected":false},"featured_media":952332,"template":"","meta":{"_acf_changed":false,"om_disable_all_campaigns":false,"rs_blank_template":"","rs_page_bg_color":"","slide_template_v7":"","inline_featured_image":false,"_monsterinsights_skip_tracking":false,"_monsterinsights_sitenote_active":false,"_monsterinsights_sitenote_note":"","_monsterinsights_sitenote_category":0},"product_brand":[],"product_cat":[485,232],"product_tag":[],"class_list":{"0":"post-952331","1":"product","2":"type-product","3":"status-publish","4":"has-post-thumbnail","6":"product_cat-autores-espiritualidad-1_espiritualidad","7":"product_cat-autors-espiritualitat","9":"first","10":"instock","11":"taxable","12":"shipping-taxable","13":"purchasable","14":"product-type-simple"},"acf":{"autor":"FERN\u00c1NDEZ SANZ, GONZALO ","codart":"847966792","libros-coleccion":"","ediciones":"1","encuadernacion":"R\u00fastica","fecha_de_publicacion":"15\/02\/2024","novedad":"1","paginas":"142","subtitulo":"CONFESIONES DE UN SACERDOTE DIGITAL ","orden":"0","portada":"1","idioma":"spa","editorial":[{"ID":6337,"post_author":"3","post_date":"2022-07-28 17:50:01","post_date_gmt":"2022-07-28 15:50:01","post_content":"","post_title":"Publicaciones Claretianas","post_excerpt":"","post_status":"publish","comment_status":"closed","ping_status":"closed","post_password":"","post_name":"publicaciones-claretianas","to_ping":"","pinged":"","post_modified":"2022-07-28 17:50:01","post_modified_gmt":"2022-07-28 15:50:01","post_content_filtered":"","post_parent":0,"guid":"http:\/\/dev.claret.cat\/editorial\/publicaciones-claretianas\/","menu_order":0,"post_type":"editorial","post_mime_type":"","comment_count":"0","filter":"raw"}]},"aioseo_notices":[],"_links":{"self":[{"href":"https:\/\/www.claret.cat\/es\/wp-json\/wp\/v2\/product\/952331","targetHints":{"allow":["GET"]}}],"collection":[{"href":"https:\/\/www.claret.cat\/es\/wp-json\/wp\/v2\/product"}],"about":[{"href":"https:\/\/www.claret.cat\/es\/wp-json\/wp\/v2\/types\/product"}],"wp:featuredmedia":[{"embeddable":true,"href":"https:\/\/www.claret.cat\/es\/wp-json\/wp\/v2\/media\/952332"}],"wp:attachment":[{"href":"https:\/\/www.claret.cat\/es\/wp-json\/wp\/v2\/media?parent=952331"}],"wp:term":[{"taxonomy":"product_brand","embeddable":true,"href":"https:\/\/www.claret.cat\/es\/wp-json\/wp\/v2\/product_brand?post=952331"},{"taxonomy":"product_cat","embeddable":true,"href":"https:\/\/www.claret.cat\/es\/wp-json\/wp\/v2\/product_cat?post=952331"},{"taxonomy":"product_tag","embeddable":true,"href":"https:\/\/www.claret.cat\/es\/wp-json\/wp\/v2\/product_tag?post=952331"}],"curies":[{"name":"wp","href":"https:\/\/api.w.org\/{rel}","templated":true}]}}