{"id":952604,"date":"2024-02-16T13:35:06","date_gmt":"2024-02-16T12:35:06","guid":{"rendered":"https:\/\/www.claret.cat\/llibre\/nada-es-mas-asombroso-que-el-hombre-9788419036452\/"},"modified":"2024-04-09T13:50:07","modified_gmt":"2024-04-09T11:50:07","slug":"nada-es-mas-asombroso-que-el-hombre-9788419036452","status":"publish","type":"product","link":"https:\/\/www.claret.cat\/es\/libro\/nada-es-mas-asombroso-que-el-hombre-9788419036452\/","title":{"rendered":"&#8216;NADA ES M\u00c1S ASOMBROSO QUE EL HOMBRE&#8217;"},"content":{"rendered":"<p>\u00bfEs el ser humano una criatura monstruosa o bondadosa por naturaleza? La filosof\u00eda occidental ha ofrecido diferentes respuestas a esta y otras cuestiones fundamentales de la \u00e9tica a lo largo de la historia. Mientras que san Agust\u00edn consider\u00f3 que el simple hecho de amar a Dios hace bueno al hombre, Schopenhauer concibi\u00f3 la voluntad de vivir como el verdadero motor de nuestros actos. En este exhaustivo ensayo, el fil\u00f3sofo e historiador Volker Spierling analiza once principios \u00e9ticos clave, de S\u00f3crates a Adorno, a la luz de las distintas cosmovisiones y revoluciones del pensamiento en que se gestaron, y nos ofrece una brillante visi\u00f3n panor\u00e1mica de la aspiraci\u00f3n a la bondad, un tema profunda y vitalmente humano.<\/p>\n","protected":false},"excerpt":{"rendered":"<p>SPIERLING, VOLKER<\/p>\n","protected":false},"featured_media":952774,"template":"","meta":{"_acf_changed":false,"om_disable_all_campaigns":false,"rs_blank_template":"","rs_page_bg_color":"","slide_template_v7":"","inline_featured_image":false,"_monsterinsights_skip_tracking":false,"_monsterinsights_sitenote_active":false,"_monsterinsights_sitenote_note":"","_monsterinsights_sitenote_category":0},"product_brand":[],"product_cat":[373,166],"product_tag":[],"class_list":{"0":"post-952604","1":"product","2":"type-product","3":"status-publish","4":"has-post-thumbnail","6":"product_cat-autores","7":"product_cat-autors-filosofia","9":"first","10":"instock","11":"taxable","12":"shipping-taxable","13":"purchasable","14":"product-type-simple"},"acf":{"autor":"SPIERLING, VOLKER","codart":"841903645","libros-coleccion":"El Acantilado","ediciones":"1","encuadernacion":"R\u00fastica","fecha_de_publicacion":"01\/02\/2024","novedad":"1","paginas":"464","subtitulo":"","orden":"0","portada":"1","idioma":"spa","editorial":[{"ID":6111,"post_author":"3","post_date":"2022-07-28 17:45:08","post_date_gmt":"2022-07-28 15:45:08","post_content":"","post_title":"ACANTILADO","post_excerpt":"","post_status":"publish","comment_status":"closed","ping_status":"closed","post_password":"","post_name":"acantilado","to_ping":"","pinged":"","post_modified":"2022-07-28 17:45:08","post_modified_gmt":"2022-07-28 15:45:08","post_content_filtered":"","post_parent":0,"guid":"http:\/\/dev.claret.cat\/editorial\/acantilado\/","menu_order":0,"post_type":"editorial","post_mime_type":"","comment_count":"0","filter":"raw"}]},"aioseo_notices":[],"_links":{"self":[{"href":"https:\/\/www.claret.cat\/es\/wp-json\/wp\/v2\/product\/952604","targetHints":{"allow":["GET"]}}],"collection":[{"href":"https:\/\/www.claret.cat\/es\/wp-json\/wp\/v2\/product"}],"about":[{"href":"https:\/\/www.claret.cat\/es\/wp-json\/wp\/v2\/types\/product"}],"wp:featuredmedia":[{"embeddable":true,"href":"https:\/\/www.claret.cat\/es\/wp-json\/wp\/v2\/media\/952774"}],"wp:attachment":[{"href":"https:\/\/www.claret.cat\/es\/wp-json\/wp\/v2\/media?parent=952604"}],"wp:term":[{"taxonomy":"product_brand","embeddable":true,"href":"https:\/\/www.claret.cat\/es\/wp-json\/wp\/v2\/product_brand?post=952604"},{"taxonomy":"product_cat","embeddable":true,"href":"https:\/\/www.claret.cat\/es\/wp-json\/wp\/v2\/product_cat?post=952604"},{"taxonomy":"product_tag","embeddable":true,"href":"https:\/\/www.claret.cat\/es\/wp-json\/wp\/v2\/product_tag?post=952604"}],"curies":[{"name":"wp","href":"https:\/\/api.w.org\/{rel}","templated":true}]}}