{"id":952665,"date":"2024-02-16T16:10:07","date_gmt":"2024-02-16T15:10:07","guid":{"rendered":"https:\/\/www.claret.cat\/llibre\/la-generacion-de-la-esperanza-9788428841177\/"},"modified":"2024-05-24T10:01:54","modified_gmt":"2024-05-24T08:01:54","slug":"la-generacion-de-la-esperanza-9788428841177","status":"publish","type":"product","link":"https:\/\/www.claret.cat\/es\/libro\/la-generacion-de-la-esperanza-9788428841177\/","title":{"rendered":"LA GENERACI\u00d3N DE LA ESPERANZA"},"content":{"rendered":"<p class='ql-align-justify'><em>La generaci\u00f3n de la esperanza<\/em>&nbsp;quiere ser una ayuda para impulsar la pastoral con adolescentes y j\u00f3venes. Teniendo como tel\u00f3n de fondo la reciente carta pastoral del arzobispo de Toledo,<em>&nbsp;La dimensi\u00f3n de la Pastoral de la Adolescencia y Juventud<\/em>&nbsp;del arzobispo de Toledo, ofrecemos unas fichas de trabajo que ayudan a profundizar en esta dimensi\u00f3n vocacional de la Pastoral de Adolescencia y Juventud a todas aquellas personas que trabajan en el acompa\u00f1amiento y educaci\u00f3n de j\u00f3venes y adolescentes.<\/p>\n<p class='ql-align-justify'>Para ahondar en esta reflexi\u00f3n, junto con la carta pastoral y las fichas de trabajo, se incluyen las intervenciones del papa Francisco durante la JMJ de Lisboa 2023, as\u00ed como la homil\u00eda que el arzobispo de Toledo dirigi\u00f3 a los participantes de esta Jornada Mundial de la Juventud.<\/p>\n<p><\/p>\n","protected":false},"excerpt":{"rendered":"<p>ARCHIDI\u00d3CESIS DE TOLEDO, DELEGACI\u00d3N DE CATEQUESIS<\/p>\n","protected":false},"featured_media":952666,"template":"","meta":{"_acf_changed":false,"om_disable_all_campaigns":false,"rs_blank_template":"","rs_page_bg_color":"","slide_template_v7":"","inline_featured_image":false,"_monsterinsights_skip_tracking":false,"_monsterinsights_sitenote_active":false,"_monsterinsights_sitenote_note":"","_monsterinsights_sitenote_category":0},"product_brand":[],"product_cat":[285,419],"product_tag":[],"class_list":{"0":"post-952665","1":"product","2":"type-product","3":"status-publish","4":"has-post-thumbnail","6":"product_cat-pastoral-teologia","7":"product_cat-pastoral-teologia-1_espiritualidad","9":"first","10":"instock","11":"taxable","12":"shipping-taxable","13":"purchasable","14":"product-type-simple"},"acf":{"autor":"ARCHIDI\u00d3CESIS DE TOLEDO, DELEGACI\u00d3N DE CATEQUESIS","codart":"842884117","libros-coleccion":"PPC - FUERA DE COLECCI\u00d3N","ediciones":"1","encuadernacion":"R\u00fastica","fecha_de_publicacion":"16\/02\/2024","novedad":"1","paginas":"160","subtitulo":"UNA PASTORAL DE ADOLESCENTES J\u00d3VENES O ES VOCACIONAL O NO ES NADA ","orden":"0","portada":"0","idioma":"spa","editorial":[{"ID":6335,"post_author":"3","post_date":"2022-07-28 17:49:59","post_date_gmt":"2022-07-28 15:49:59","post_content":"","post_title":"PPC altres","post_excerpt":"","post_status":"publish","comment_status":"closed","ping_status":"closed","post_password":"","post_name":"ppc-altres","to_ping":"","pinged":"","post_modified":"2022-07-28 17:49:59","post_modified_gmt":"2022-07-28 15:49:59","post_content_filtered":"","post_parent":0,"guid":"http:\/\/dev.claret.cat\/editorial\/ppc-altres\/","menu_order":0,"post_type":"editorial","post_mime_type":"","comment_count":"0","filter":"raw"}]},"aioseo_notices":[],"_links":{"self":[{"href":"https:\/\/www.claret.cat\/es\/wp-json\/wp\/v2\/product\/952665","targetHints":{"allow":["GET"]}}],"collection":[{"href":"https:\/\/www.claret.cat\/es\/wp-json\/wp\/v2\/product"}],"about":[{"href":"https:\/\/www.claret.cat\/es\/wp-json\/wp\/v2\/types\/product"}],"wp:featuredmedia":[{"embeddable":true,"href":"https:\/\/www.claret.cat\/es\/wp-json\/wp\/v2\/media\/952666"}],"wp:attachment":[{"href":"https:\/\/www.claret.cat\/es\/wp-json\/wp\/v2\/media?parent=952665"}],"wp:term":[{"taxonomy":"product_brand","embeddable":true,"href":"https:\/\/www.claret.cat\/es\/wp-json\/wp\/v2\/product_brand?post=952665"},{"taxonomy":"product_cat","embeddable":true,"href":"https:\/\/www.claret.cat\/es\/wp-json\/wp\/v2\/product_cat?post=952665"},{"taxonomy":"product_tag","embeddable":true,"href":"https:\/\/www.claret.cat\/es\/wp-json\/wp\/v2\/product_tag?post=952665"}],"curies":[{"name":"wp","href":"https:\/\/api.w.org\/{rel}","templated":true}]}}