{"id":952713,"date":"2024-02-16T16:30:07","date_gmt":"2024-02-16T15:30:07","guid":{"rendered":"https:\/\/www.claret.cat\/llibre\/escritos-paulinos-9788490739570\/"},"modified":"2025-10-10T11:50:42","modified_gmt":"2025-10-10T09:50:42","slug":"escritos-paulinos-9788490739570","status":"publish","type":"product","link":"https:\/\/www.claret.cat\/es\/libro\/escritos-paulinos-9788490739570\/","title":{"rendered":"ESCRITOS PAULINOS"},"content":{"rendered":"<p><span>Las cartas escritas por Pablo o por sus disc\u00edpulos suponen la mitad del Nuevo Testamento. Su importancia en el naciente cristianismo, as\u00ed como en la creaci\u00f3n del canon b\u00edblico, fue sobresaliente. Su historia de composici\u00f3n nos descubre la vida de los primeros creyentes en Jes\u00fas en su riqueza, pluralidad y complejidad. Conocer estas obras en sus dimensiones hist\u00f3rica, literaria y teol\u00f3gica es esencial para poder interpretarlas adecuadamente en el siglo XXI.<\/span><\/p>\n<p><\/p>\n<p><span>Personas interesadas en los or\u00edgenes del cristianismo y estudiantes de teolog\u00eda, de historia, de filosof\u00eda y de ex\u00e9gesis, entre otros, encontrar\u00e1n en este libro un acceso razonado y justificado a uno de los textos m\u00e1s influyentes de la humanidad.<\/span><\/p>\n","protected":false},"excerpt":{"rendered":"<p>GIL ARBIOL, CARLOS<\/p>\n","protected":false},"featured_media":952714,"template":"","meta":{"_acf_changed":false,"om_disable_all_campaigns":false,"rs_blank_template":"","rs_page_bg_color":"","slide_template_v7":"","inline_featured_image":false,"_monsterinsights_skip_tracking":false,"_monsterinsights_sitenote_active":false,"_monsterinsights_sitenote_note":"","_monsterinsights_sitenote_category":0},"product_brand":[],"product_cat":[467,206],"product_tag":[],"class_list":{"0":"post-952713","1":"product","2":"type-product","3":"status-publish","4":"has-post-thumbnail","6":"product_cat-epistolas-de-san-pablo","7":"product_cat-epistoles-de-sant-pau","9":"first","10":"instock","11":"taxable","12":"shipping-taxable","13":"purchasable","14":"product-type-simple"},"acf":{"autor":"GIL ARBIOL, CARLOS","codart":"849073957","libros-coleccion":"","ediciones":"1","encuadernacion":"R\u00fastica","fecha_de_publicacion":"12\/02\/2024","novedad":"1","paginas":"656","subtitulo":"","orden":"0","portada":"1","idioma":"spa","editorial":[{"ID":6390,"post_author":"3","post_date":"2022-07-28 17:51:08","post_date_gmt":"2022-07-28 15:51:08","post_content":"","post_title":"VERBO DIVINO","post_excerpt":"","post_status":"publish","comment_status":"closed","ping_status":"closed","post_password":"","post_name":"verbo-divino","to_ping":"","pinged":"","post_modified":"2022-07-28 17:51:08","post_modified_gmt":"2022-07-28 15:51:08","post_content_filtered":"","post_parent":0,"guid":"http:\/\/dev.claret.cat\/editorial\/verbo-divino\/","menu_order":0,"post_type":"editorial","post_mime_type":"","comment_count":"0","filter":"raw"}],"booktrailer":"","resenas":""},"aioseo_notices":[],"_links":{"self":[{"href":"https:\/\/www.claret.cat\/es\/wp-json\/wp\/v2\/product\/952713","targetHints":{"allow":["GET"]}}],"collection":[{"href":"https:\/\/www.claret.cat\/es\/wp-json\/wp\/v2\/product"}],"about":[{"href":"https:\/\/www.claret.cat\/es\/wp-json\/wp\/v2\/types\/product"}],"wp:featuredmedia":[{"embeddable":true,"href":"https:\/\/www.claret.cat\/es\/wp-json\/wp\/v2\/media\/952714"}],"wp:attachment":[{"href":"https:\/\/www.claret.cat\/es\/wp-json\/wp\/v2\/media?parent=952713"}],"wp:term":[{"taxonomy":"product_brand","embeddable":true,"href":"https:\/\/www.claret.cat\/es\/wp-json\/wp\/v2\/product_brand?post=952713"},{"taxonomy":"product_cat","embeddable":true,"href":"https:\/\/www.claret.cat\/es\/wp-json\/wp\/v2\/product_cat?post=952713"},{"taxonomy":"product_tag","embeddable":true,"href":"https:\/\/www.claret.cat\/es\/wp-json\/wp\/v2\/product_tag?post=952713"}],"curies":[{"name":"wp","href":"https:\/\/api.w.org\/{rel}","templated":true}]}}