{"id":952761,"date":"2024-02-16T17:55:28","date_gmt":"2024-02-16T16:55:28","guid":{"rendered":"https:\/\/www.claret.cat\/llibre\/orgull-i-prejudici-9788418908705\/"},"modified":"2026-01-29T18:41:07","modified_gmt":"2026-01-29T17:41:07","slug":"orgull-i-prejudici-9788418908705","status":"publish","type":"product","link":"https:\/\/www.claret.cat\/es\/libro\/orgull-i-prejudici-9788418908705\/","title":{"rendered":"ORGULL I PREJUDICI"},"content":{"rendered":"<p>Els Bennet \u2014un matrimoni amb cinc filles en edat de casar-se\u2014 es poden permetre viure folgadament perqu\u00e8 el pare, un home culte i sorneguer, \u00e9s usufructuari de la casa familiar i de les finques que l&#8217;envolen. Per\u00f2, tot i aix\u00ed, la senyora Bennet pateix pel futur que espera a les seves filles quan el marit falti \u2014si no \u00e9s que aleshores ja s\u00f3n totes ben casades\u2014, perqu\u00e8 llavors la casa anir\u00e0 a parar a les mans del seu parent m\u00e9s pr\u00f2xim, el senyor Collins. <br \/> La sort els canvia tot d&#8217;una quan s&#8217;assabenten que Netherfield, una gran propietat de la contrada, ha estat llogada pel senyor Bingley, un jove ric i solter, que la senyora Bennet confia que aviat buscar\u00e0 muller. Al cap d&#8217;uns dies, com s&#8217;escau entre ve\u00efns ben educats, l&#8217;agradable Charles Bingley es presenta als Bennet acompanyat de la seva germana Caroline i del seu bon amic Fitzwilliam Darcy, que \u00e9s fins i tot m\u00e9s ric que en Bingley&#8230; per\u00f2 molt m\u00e9s reservat. <br \/> Durant els mesos seg\u00fcents, hi haur\u00e0 visites, sopars i fins i tot un gran ball que tindr\u00e0 lloc a Netherfield i en qu\u00e8 les cinc filles dels Bennet tindran ocasi\u00f3 d&#8221;enlluernar tothom. Els Bingley faran amistat amb la Jane, la filla gran, bonica i discreta. En canvi, l&#8221;Elizabeth, la segona i preferida del pare per la seva esmolada intel\u00b7lig\u00e8ncia, topa des del primer moment amb el senyor Darcy: els prejudicis d&#8217;ella respecte del ric propietari, aix\u00ed com el temperament orgull\u00f3s d&#8217;ell, faran molt complicada fins i tot la m\u00e9s intranscendent de les converses entre tots dos.<\/p>\n","protected":false},"excerpt":{"rendered":"<p>AUSTEN, JANE<\/p>\n","protected":false},"featured_media":952802,"template":"","meta":{"_acf_changed":false,"om_disable_all_campaigns":false,"rs_blank_template":"","rs_page_bg_color":"","slide_template_v7":"","inline_featured_image":false,"_monsterinsights_skip_tracking":false,"_monsterinsights_sitenote_active":false,"_monsterinsights_sitenote_note":"","_monsterinsights_sitenote_category":0},"product_brand":[],"product_cat":[90,540],"product_tag":[],"class_list":{"0":"post-952761","1":"product","2":"type-product","3":"status-publish","4":"has-post-thumbnail","6":"product_cat-altres","7":"product_cat-otros","9":"first","10":"instock","11":"taxable","12":"shipping-taxable","13":"purchasable","14":"product-type-simple"},"acf":{"autor":"AUSTEN, JANE","codart":"841890870","libros-coleccion":"FORA DE COL.LECCI\u00d3","ediciones":"1","encuadernacion":"Carton\u00e9","fecha_de_publicacion":"01\/02\/2024","novedad":"1","paginas":"432","subtitulo":"","orden":"0","portada":"0","idioma":"cat","editorial":[{"ID":6392,"post_author":"3","post_date":"2022-07-28 17:51:10","post_date_gmt":"2022-07-28 15:51:10","post_content":"","post_title":"Viena","post_excerpt":"","post_status":"publish","comment_status":"closed","ping_status":"closed","post_password":"","post_name":"viena","to_ping":"","pinged":"","post_modified":"2022-07-28 17:51:10","post_modified_gmt":"2022-07-28 15:51:10","post_content_filtered":"","post_parent":0,"guid":"http:\/\/dev.claret.cat\/editorial\/viena\/","menu_order":0,"post_type":"editorial","post_mime_type":"","comment_count":"0","filter":"raw"}],"booktrailer":"","resenas":""},"aioseo_notices":[],"_links":{"self":[{"href":"https:\/\/www.claret.cat\/es\/wp-json\/wp\/v2\/product\/952761","targetHints":{"allow":["GET"]}}],"collection":[{"href":"https:\/\/www.claret.cat\/es\/wp-json\/wp\/v2\/product"}],"about":[{"href":"https:\/\/www.claret.cat\/es\/wp-json\/wp\/v2\/types\/product"}],"wp:featuredmedia":[{"embeddable":true,"href":"https:\/\/www.claret.cat\/es\/wp-json\/wp\/v2\/media\/952802"}],"wp:attachment":[{"href":"https:\/\/www.claret.cat\/es\/wp-json\/wp\/v2\/media?parent=952761"}],"wp:term":[{"taxonomy":"product_brand","embeddable":true,"href":"https:\/\/www.claret.cat\/es\/wp-json\/wp\/v2\/product_brand?post=952761"},{"taxonomy":"product_cat","embeddable":true,"href":"https:\/\/www.claret.cat\/es\/wp-json\/wp\/v2\/product_cat?post=952761"},{"taxonomy":"product_tag","embeddable":true,"href":"https:\/\/www.claret.cat\/es\/wp-json\/wp\/v2\/product_tag?post=952761"}],"curies":[{"name":"wp","href":"https:\/\/api.w.org\/{rel}","templated":true}]}}