{"id":95282,"date":"2022-10-12T06:42:25","date_gmt":"2022-10-12T04:42:25","guid":{"rendered":"http:\/\/dev.claret.cat\/producte\/elogio-de-la-interdependencia\/"},"modified":"2024-10-14T13:10:23","modified_gmt":"2024-10-14T11:10:23","slug":"elogio-de-la-interdependencia-9788499888446","status":"publish","type":"product","link":"https:\/\/www.claret.cat\/es\/libro\/elogio-de-la-interdependencia-9788499888446\/","title":{"rendered":"ELOGIO DE LA INTERDEPENDENCIA"},"content":{"rendered":"<p>Nos necesitamos m\u00e1s que nunca. Avanzar juntos nos hace m\u00e1s felices y capaces de enfrentar las dificultades de la vida. Recibir y dar apoyo son oportunidades para fortalecer los lazos, un intercambio que es beneficioso tanto para el que da como para el que recibe.<br \/> Como los autores desarrollan en esta obra, la interdependencia positiva ayuda a dar sentido a nuestras vidas y fomenta las relaciones con los dem\u00e1s. La consciencia de ser interdependiente facilita el compromiso y hace m\u00e1s bella la vida en este planeta.<br \/> Un libro \u00fatil y hermoso para la pareja, la educaci\u00f3n de nuestros hijos, las relaciones amistosas y profesionales. Un libro que nos ayuda a acercarnos los unos a los otros y a fortalecer nuestros lazos.<\/p>\n","protected":false},"excerpt":{"rendered":"<p>SHANKLAND, R\u00c9BECCA \/ ANDR\u00c9, CHRISTOPHE<\/p>\n","protected":false},"featured_media":95283,"template":"","meta":{"_acf_changed":false,"om_disable_all_campaigns":false,"rs_blank_template":"","rs_page_bg_color":"","slide_template_v7":"","inline_featured_image":false,"_monsterinsights_skip_tracking":false,"_monsterinsights_sitenote_active":false,"_monsterinsights_sitenote_note":"","_monsterinsights_sitenote_category":0},"product_brand":[],"product_cat":[376,178],"product_tag":[],"class_list":{"0":"post-95282","1":"product","2":"type-product","3":"status-publish","4":"has-post-thumbnail","6":"product_cat-autores-psicologia-2_humanidades","7":"product_cat-autors-psicologia","9":"first","10":"instock","11":"taxable","12":"shipping-taxable","13":"purchasable","14":"product-type-simple"},"acf":{"editorial":[{"ID":6227,"post_author":"3","post_date":"2022-07-28 17:47:37","post_date_gmt":"2022-07-28 15:47:37","post_content":"","post_title":"Editorial Kair\u00f3s","post_excerpt":"","post_status":"publish","comment_status":"closed","ping_status":"closed","post_password":"","post_name":"editorial-kairos","to_ping":"","pinged":"","post_modified":"2022-07-28 17:47:37","post_modified_gmt":"2022-07-28 15:47:37","post_content_filtered":"","post_parent":0,"guid":"http:\/\/dev.claret.cat\/editorial\/editorial-kairos\/","menu_order":0,"post_type":"editorial","post_mime_type":"","comment_count":"0","filter":"raw"}],"autor":"SHANKLAND, R\u00c9BECCA \/ ANDR\u00c9, CHRISTOPHE","codart":"849988844","libros-coleccion":"Psicolog\u00eda","ediciones":"1","encuadernacion":"R\u00fastica","fecha_de_publicacion":"01\/03\/2021","novedad":"1","paginas":"366","subtitulo":"LOS V\u00cdNCULOS QUE NOS HACEN VIVIR","orden":"0","portada":"0","idioma":"spa","autores-libros":[{"ID":167912,"post_author":"3","post_date":"2022-10-14 18:15:00","post_date_gmt":"2022-10-14 16:15:00","post_content":"","post_title":"R\u00c9BECCA SHANKLAND","post_excerpt":"","post_status":"publish","comment_status":"closed","ping_status":"closed","post_password":"","post_name":"rebecca-shankland","to_ping":"","pinged":"","post_modified":"2022-10-14 18:15:00","post_modified_gmt":"2022-10-14 16:15:00","post_content_filtered":"","post_parent":0,"guid":"http:\/\/dev.claret.cat\/autor\/rebecca-shankland\/","menu_order":0,"post_type":"autor","post_mime_type":"","comment_count":"0","filter":"raw"},{"ID":152946,"post_author":"3","post_date":"2022-10-14 14:52:51","post_date_gmt":"2022-10-14 12:52:51","post_content":"","post_title":"CHRISTOPHE ANDR\u00c9","post_excerpt":"","post_status":"publish","comment_status":"closed","ping_status":"closed","post_password":"","post_name":"christophe-andre","to_ping":"","pinged":"","post_modified":"2022-10-14 14:52:51","post_modified_gmt":"2022-10-14 12:52:51","post_content_filtered":"","post_parent":0,"guid":"http:\/\/dev.claret.cat\/autor\/christophe-andre\/","menu_order":0,"post_type":"autor","post_mime_type":"","comment_count":"0","filter":"raw"}]},"aioseo_notices":[],"_links":{"self":[{"href":"https:\/\/www.claret.cat\/es\/wp-json\/wp\/v2\/product\/95282","targetHints":{"allow":["GET"]}}],"collection":[{"href":"https:\/\/www.claret.cat\/es\/wp-json\/wp\/v2\/product"}],"about":[{"href":"https:\/\/www.claret.cat\/es\/wp-json\/wp\/v2\/types\/product"}],"wp:featuredmedia":[{"embeddable":true,"href":"https:\/\/www.claret.cat\/es\/wp-json\/wp\/v2\/media\/95283"}],"wp:attachment":[{"href":"https:\/\/www.claret.cat\/es\/wp-json\/wp\/v2\/media?parent=95282"}],"wp:term":[{"taxonomy":"product_brand","embeddable":true,"href":"https:\/\/www.claret.cat\/es\/wp-json\/wp\/v2\/product_brand?post=95282"},{"taxonomy":"product_cat","embeddable":true,"href":"https:\/\/www.claret.cat\/es\/wp-json\/wp\/v2\/product_cat?post=95282"},{"taxonomy":"product_tag","embeddable":true,"href":"https:\/\/www.claret.cat\/es\/wp-json\/wp\/v2\/product_tag?post=95282"}],"curies":[{"name":"wp","href":"https:\/\/api.w.org\/{rel}","templated":true}]}}