{"id":952923,"date":"2024-02-19T12:21:05","date_gmt":"2024-02-19T11:21:05","guid":{"rendered":"https:\/\/www.claret.cat\/llibre\/bluey-un-cuento-mi-papa-es-maravilloso-edicion-en-espanol-9788448867652\/"},"modified":"2025-06-07T14:05:35","modified_gmt":"2025-06-07T12:05:35","slug":"bluey-un-cuento-mi-papa-es-maravilloso-edicion-en-espanol-9788448867652","status":"publish","type":"product","link":"https:\/\/www.claret.cat\/es\/libro\/bluey-un-cuento-mi-papa-es-maravilloso-edicion-en-espanol-9788448867652\/","title":{"rendered":"BLUEY. UN CUENTO &#8211; MI PAP\u00c1 ES MARAVILLOSO (EDICI\u00d3N EN ESPA\u00d1OL)"},"content":{"rendered":"<p>Un emotivo libro dedicado a Bandit Pastor para recordar con Bluey lo especiales que son los pap\u00e1s. \u00a1Ideal para el D\u00eda del Padre! Bluey sabe que su pap\u00e1 es el mejor, \u00a1y te va a contar por qu\u00e9! Hay muchas cosas que hacen a Bandit Pastor un pap\u00e1 incre\u00edble. Lleva a Bluey y Bingo a vivir aventuras y siempre se le ocurren los juegos m\u00e1s divertidos, como cuando se convierte en Pap\u00e1 Robot. Pero, sobre todo, siempre est\u00e1 dispuesto a hacer lo que sea por ellas.Descubre lo que hace a Bandit tan maravilloso seg\u00fan Bluey y Bingo en este divertido y emotivo libro. \u00a1Un regalo ideal para celebrar el D\u00eda del Padre! Divi\u00e9rtete con un nuevo libro de la serie de televisi\u00f3n favorita de los m\u00e1speque\u00f1os y que ha enamorado a todas las familias. Un cuento entretenido e ideal para que los ni\u00f1os y ni\u00f1as a partir de 4 a\u00f1os no se aburran. *Los libros de Bluey, la serie de animaci\u00f3n ganadora deun Emmy\u00a9, engancha a los peque\u00f1os, emociona a los mayores y trasmite valores positivos para toda la familia.  *Lee, divi\u00e9rtete y aprende la importancia del juego en familia, de saber escuchar y de ir todos a una.  *Repleto de ilustraciones a color, este libro es la lectura perfecta para los fans de la aclamada serie de televisi\u00f3n que ya triunfa en todo el mundo.*Leer alimenta la imaginaci\u00f3n y la creatividad, favorece la concentraci\u00f3n y ayuda a mejorar algunas habilidades sociales como la empat\u00eda.<\/p>\n","protected":false},"excerpt":{"rendered":"<p>BLUEY<\/p>\n","protected":false},"featured_media":954561,"template":"","meta":{"_acf_changed":false,"om_disable_all_campaigns":false,"rs_blank_template":"","rs_page_bg_color":"","slide_template_v7":"","inline_featured_image":false,"_monsterinsights_skip_tracking":false,"_monsterinsights_sitenote_active":false,"_monsterinsights_sitenote_note":"","_monsterinsights_sitenote_category":0},"product_brand":[],"product_cat":[131,361],"product_tag":[],"class_list":{"0":"post-952923","1":"product","2":"type-product","3":"status-publish","4":"has-post-thumbnail","6":"product_cat-contes-per-infants-0-6-anys","7":"product_cat-cuentos-para-ninos-0-6-anos","9":"first","10":"instock","11":"taxable","12":"shipping-taxable","13":"purchasable","14":"product-type-simple"},"acf":{"autor":"BLUEY","codart":"844886765","libros-coleccion":"","ediciones":"1","encuadernacion":"Carton\u00e9","fecha_de_publicacion":"01\/02\/2024","novedad":"1","paginas":"24","subtitulo":"","orden":"0","portada":"0","idioma":"spa","editorial":[{"ID":6141,"post_author":"3","post_date":"2022-07-28 17:45:46","post_date_gmt":"2022-07-28 15:45:46","post_content":"","post_title":"BEASCOA","post_excerpt":"","post_status":"publish","comment_status":"closed","ping_status":"closed","post_password":"","post_name":"beascoa","to_ping":"","pinged":"","post_modified":"2022-07-28 17:45:46","post_modified_gmt":"2022-07-28 15:45:46","post_content_filtered":"","post_parent":0,"guid":"http:\/\/dev.claret.cat\/editorial\/beascoa\/","menu_order":0,"post_type":"editorial","post_mime_type":"","comment_count":"0","filter":"raw"}],"booktrailer":"","resenas":""},"aioseo_notices":[],"_links":{"self":[{"href":"https:\/\/www.claret.cat\/es\/wp-json\/wp\/v2\/product\/952923","targetHints":{"allow":["GET"]}}],"collection":[{"href":"https:\/\/www.claret.cat\/es\/wp-json\/wp\/v2\/product"}],"about":[{"href":"https:\/\/www.claret.cat\/es\/wp-json\/wp\/v2\/types\/product"}],"wp:featuredmedia":[{"embeddable":true,"href":"https:\/\/www.claret.cat\/es\/wp-json\/wp\/v2\/media\/954561"}],"wp:attachment":[{"href":"https:\/\/www.claret.cat\/es\/wp-json\/wp\/v2\/media?parent=952923"}],"wp:term":[{"taxonomy":"product_brand","embeddable":true,"href":"https:\/\/www.claret.cat\/es\/wp-json\/wp\/v2\/product_brand?post=952923"},{"taxonomy":"product_cat","embeddable":true,"href":"https:\/\/www.claret.cat\/es\/wp-json\/wp\/v2\/product_cat?post=952923"},{"taxonomy":"product_tag","embeddable":true,"href":"https:\/\/www.claret.cat\/es\/wp-json\/wp\/v2\/product_tag?post=952923"}],"curies":[{"name":"wp","href":"https:\/\/api.w.org\/{rel}","templated":true}]}}