{"id":953069,"date":"2024-02-20T11:10:48","date_gmt":"2024-02-20T10:10:48","guid":{"rendered":"https:\/\/www.claret.cat\/llibre\/menjadors-escolars-9788491364696\/"},"modified":"2025-07-23T10:26:42","modified_gmt":"2025-07-23T08:26:42","slug":"menjadors-escolars-9788491364696","status":"publish","type":"product","link":"https:\/\/www.claret.cat\/es\/libro\/menjadors-escolars-9788491364696\/","title":{"rendered":"MENJADORS ESCOLARS"},"content":{"rendered":"<p>Aquesta obra pret\u00e9n servir de guia a totes les persones que de forma directa i indirecta participen del <strong>projecte educatiu del menjador<\/strong> per promoure propostes d\u2019espais de migdia que siguin enriquidores des del <strong>punt de vista pedag\u00f2gic<\/strong> i estiguin integrades i alineades dins el projecte global dels centres. Per tal de resultar una <strong>obra funcional i \u00fatil<\/strong>, es fa un recull de recursos pr\u00e0ctics i propostes pedag\u00f2giques tant per l\u2019estona de l\u2019\u00e0pat com de lleure, amb \u00e8mfasi especial en les \u00e0rees de la <strong>nutrici\u00f3, la higiene, l\u2019activitat f\u00edsica i els primers auxilis<\/strong>. Est\u00e0 dirigit principalment a totes les persones que de manera directa i indirecta participen del projecte educatiu del menjador, ja sigui des d\u2019una posici\u00f3 interna (direcci\u00f3 i coordinaci\u00f3 del servei de menjador, <strong>monitores i monitors<\/strong>, personal de cuina\u2026) o externa (equip directiu del centre escolar, <strong>equip docent, fam\u00edlies<\/strong>\u2026). <\/p>\n","protected":false},"excerpt":{"rendered":"<p>FUNDACI\u00d3 PERE TARR\u00c9S<\/p>\n","protected":false},"featured_media":984535,"template":"","meta":{"_acf_changed":false,"om_disable_all_campaigns":false,"rs_blank_template":"","rs_page_bg_color":"","slide_template_v7":"","inline_featured_image":false,"_monsterinsights_skip_tracking":false,"_monsterinsights_sitenote_active":false,"_monsterinsights_sitenote_note":"","_monsterinsights_sitenote_category":0},"product_brand":[],"product_cat":[581,191,454],"product_tag":[],"class_list":{"0":"post-953069","1":"product","2":"type-product","3":"status-publish","4":"has-post-thumbnail","6":"product_cat-editorial-claret","7":"product_cat-educacio-en-valors-pedagogia-2_humanitats","8":"product_cat-educacion-en-valores","10":"first","11":"instock","12":"taxable","13":"shipping-taxable","14":"purchasable","15":"product-type-simple"},"acf":{"autor":"FUNDACI\u00d3 PERE TARR\u00c9S","codart":"849136469","libros-coleccion":"","ediciones":"1","encuadernacion":"R\u00fastica","fecha_de_publicacion":"20\/02\/2024","novedad":"1","paginas":"256","subtitulo":"ESPAIS EDUCATIUS DE QUALITAT ","orden":"0","portada":"1","idioma":"cat","editorial":[{"ID":6158,"post_author":"3","post_date":"2022-07-28 17:46:08","post_date_gmt":"2022-07-28 15:46:08","post_content":"","post_title":"CLARET","post_excerpt":"","post_status":"publish","comment_status":"closed","ping_status":"closed","post_password":"","post_name":"claret","to_ping":"","pinged":"","post_modified":"2022-07-28 17:46:08","post_modified_gmt":"2022-07-28 15:46:08","post_content_filtered":"","post_parent":0,"guid":"http:\/\/dev.claret.cat\/editorial\/claret\/","menu_order":0,"post_type":"editorial","post_mime_type":"","comment_count":"0","filter":"raw"}],"autores-libros":[{"ID":5500,"post_author":"3","post_date":"2022-07-28 17:25:19","post_date_gmt":"2022-07-28 15:25:19","post_content":"<span class=\"fontstyle0\">La Fundaci\u00f3 Pere Tarr\u00e9s, amb 60 anys d\u2019exist\u00e8ncia, \u00e9s una organitzaci\u00f3 no lucrativa educativa i d\u2019acci\u00f3 social que va n\u00e9ixer amb la finalitat de promoure l\u2019educaci\u00f3 en el lleure d\u2019infants i joves.<\/span>\r\n\r\n<span class=\"fontstyle0\">Dedicada a la promoci\u00f3 de l\u2019educaci\u00f3 en el temps lliure, el voluntariat, la millora de la intervenci\u00f3 social i l\u2019enfortiment del teixit associatiu, amb el temps la seva acci\u00f3 s\u2019ha ampliat a altres \u00e0mbits de l\u2019acci\u00f3 social com ara la formaci\u00f3, la recerca i la gesti\u00f3.<\/span>","post_title":"FUNDACI\u00d3 PERE TARR\u00c9S","post_excerpt":"","post_status":"publish","comment_status":"closed","ping_status":"closed","post_password":"","post_name":"fundacio-pere-tarres","to_ping":"","pinged":"","post_modified":"2024-02-05 11:51:01","post_modified_gmt":"2024-02-05 10:51:01","post_content_filtered":"","post_parent":0,"guid":"http:\/\/dev.claret.cat\/autor\/fundacio-pere-tarres\/","menu_order":0,"post_type":"autor","post_mime_type":"","comment_count":"0","filter":"raw"}],"booktrailer":"","linkebook":"","ficha":"849136469_1708681522.pdf","muestra":"","precioebook":"0","presentacion":"","resenas":"<p>Catalunya Religi\u00f3, 20\/02\/2024<\/p>\n<p><a href=\"https:\/\/www.catalunyareligio.cat\/ca\/blog\/llibres-recomanats\/menjadors-escolars-311254\" rel=\"noopener noreferrer\" target=\"_blank\">https:\/\/www.catalunyareligio.cat\/ca\/blog\/llibres-recomanats\/menjadors-escolars-311254<\/a><\/p>\n<p><\/p>\n<p>Catalunya Religi\u00f3, 19\/10\/2024<\/p>\n<p><a href=\"https:\/\/www.catalunyareligio.cat\/ca\/editorial-claret-fundacio-pere-tarres-presenten\" rel=\"noopener noreferrer\" target=\"_blank\">https:\/\/www.catalunyareligio.cat\/ca\/editorial-claret-fundacio-pere-tarres-presenten<\/a><\/p>\n<p><\/p>\n<p>Catalunya Cristiana, 21\/10\/2024<\/p>\n<p><a href=\"https:\/\/www.catalunyacristiana.cat\/guia-de-bones-practiques-educatives-per-a-lestona-de-menjador-a-les-escoles\/\" rel=\"noopener noreferrer\" target=\"_blank\">https:\/\/www.catalunyacristiana.cat\/guia-de-bones-practiques-educatives-per-a-lestona-de-menjador-a-les-escoles\/<\/a><\/p>\n<p><\/p>\n<p>Catalunya Cristiana (catal\u00e0), 03\/11\/2024<\/p>\n<p><a href=\"https:\/\/drive.google.com\/file\/d\/1o02nXE0MWWVlhOzLjhMmpxKT8buM-Lfu\/view?usp=sharing\" rel=\"noopener noreferrer\" target=\"_blank\">https:\/\/drive.google.com\/file\/d\/1o02nXE0MWWVlhOzLjhMmpxKT8buM-Lfu\/view?usp=sharing<\/a><\/p>\n<p><\/p>\n<p>Catalunya Cristiana (castell\u00e0), 03\/11\/2024<\/p>\n<p><a href=\"https:\/\/drive.google.com\/file\/d\/1S1BI5KW8Q2N20sYgGzWuUcuHnF370txA\/view?usp=sharing\" rel=\"noopener noreferrer\" target=\"_blank\">https:\/\/drive.google.com\/file\/d\/1S1BI5KW8Q2N20sYgGzWuUcuHnF370txA\/view?usp=sharing<\/a><\/p>\n"},"aioseo_notices":[],"_links":{"self":[{"href":"https:\/\/www.claret.cat\/es\/wp-json\/wp\/v2\/product\/953069","targetHints":{"allow":["GET"]}}],"collection":[{"href":"https:\/\/www.claret.cat\/es\/wp-json\/wp\/v2\/product"}],"about":[{"href":"https:\/\/www.claret.cat\/es\/wp-json\/wp\/v2\/types\/product"}],"wp:featuredmedia":[{"embeddable":true,"href":"https:\/\/www.claret.cat\/es\/wp-json\/wp\/v2\/media\/984535"}],"wp:attachment":[{"href":"https:\/\/www.claret.cat\/es\/wp-json\/wp\/v2\/media?parent=953069"}],"wp:term":[{"taxonomy":"product_brand","embeddable":true,"href":"https:\/\/www.claret.cat\/es\/wp-json\/wp\/v2\/product_brand?post=953069"},{"taxonomy":"product_cat","embeddable":true,"href":"https:\/\/www.claret.cat\/es\/wp-json\/wp\/v2\/product_cat?post=953069"},{"taxonomy":"product_tag","embeddable":true,"href":"https:\/\/www.claret.cat\/es\/wp-json\/wp\/v2\/product_tag?post=953069"}],"curies":[{"name":"wp","href":"https:\/\/api.w.org\/{rel}","templated":true}]}}