{"id":953117,"date":"2024-02-20T13:20:36","date_gmt":"2024-02-20T12:20:36","guid":{"rendered":"https:\/\/www.claret.cat\/llibre\/a-tu-lado-mi-lugar-favorito-9788408275718\/"},"modified":"2025-04-15T12:45:39","modified_gmt":"2025-04-15T10:45:39","slug":"a-tu-lado-mi-lugar-favorito-9788408275718","status":"publish","type":"product","link":"https:\/\/www.claret.cat\/es\/libro\/a-tu-lado-mi-lugar-favorito-9788408275718\/","title":{"rendered":"A TU LADO. MI LUGAR FAVORITO"},"content":{"rendered":"<p>Un libro lleno de abrazos y de amor incondicional para compartir con personas peque\u00f1as.Gira las solapas para ver a los animalitos acurrucarse con mam\u00e1 y pap\u00e1 en este entra\u00f1able libro de cart\u00f3n.<br \/> El contacto f\u00edsico a trav\u00e9s de abrazos y caricias es vital en los primeros meses de vida de los beb\u00e9s, pero tambi\u00e9n sigue siendo muy importante a medida que van creciendo. Este libro con solapas crear\u00e1 un momento muy especial y es la excusa perfecta para demostrar amor incondicional hacia nuestras criaturas tengan la edad que tengan. A los peques les encantar\u00e1 pasar las p\u00e1ginas y, con un sencillo efecto de las solapas, juntar a las mam\u00e1s y pap\u00e1s con sus cr\u00edas y fundirlas en un bonito abrazo.<br \/> En cada p\u00e1gina descubrir\u00e9is tiernas frases rimadas de diferentes animales a sus cr\u00edas, como:<br \/> Mam\u00e1 abraza con fuerza a su ratoncito. \u00ab\u00a1Estar en tus brazos es mi lugar favorito!\u00bb <br \/> Pap\u00e1 mira orgulloso a la peque\u00f1a ardilla, que trepa con cuidado. \u00abPor mucho que te alejes, siempre estar\u00e9 a tu lado.\u00bb<br \/> El zorro tiene mucha energ\u00eda y no se para de mover. \u00abMe encanta explorar, pero la mejor parte es volver.\u00bb<br \/> Estas figuras parentales observan c\u00f3mo sus cr\u00edas exploran y se alejan, para siempre volver a sus brazos al final, un ejemplo de apego seguro visualmente muy claro gracias a las solapas interactivas. Que las criaturas se sientan queridas es esencial para que crezcan con una buena autoestima.<br \/> Un libro de cart\u00f3n resistente que tambi\u00e9n ser\u00e1 \u00fatil si los peques pasan por un momento dif\u00edcil de cambios (la llegada de un hermano, transiciones, rabietas, etc.), que brindar\u00e1 la oportunidad de tener unos instantes de calma y conexi\u00f3n al verse reflejados en los animalitos.<br \/> Recomendado a partir de 6 meses.<\/p>\n","protected":false},"excerpt":{"rendered":"<p>HEGARTY, PATRICIA<\/p>\n","protected":false},"featured_media":953229,"template":"","meta":{"_acf_changed":false,"om_disable_all_campaigns":false,"rs_blank_template":"","rs_page_bg_color":"","slide_template_v7":"","inline_featured_image":false,"_monsterinsights_skip_tracking":false,"_monsterinsights_sitenote_active":false,"_monsterinsights_sitenote_note":"","_monsterinsights_sitenote_category":0},"product_brand":[],"product_cat":[131,361],"product_tag":[],"class_list":{"0":"post-953117","1":"product","2":"type-product","3":"status-publish","4":"has-post-thumbnail","6":"product_cat-contes-per-infants-0-6-anys","7":"product_cat-cuentos-para-ninos-0-6-anos","9":"first","10":"instock","11":"taxable","12":"shipping-taxable","13":"purchasable","14":"product-type-simple"},"acf":{"autor":"HEGARTY, PATRICIA","codart":"840827571","libros-coleccion":"FORA DE COL.LECCI\u00d3","ediciones":"1","encuadernacion":"Carpeta","fecha_de_publicacion":"01\/02\/2024","novedad":"1","paginas":"10","subtitulo":"LIBRO DE CART\u00d3N CON SOLAPAS","orden":"0","portada":"0","idioma":"spa","editorial":[{"ID":6233,"post_author":"3","post_date":"2022-07-28 17:47:48","post_date_gmt":"2022-07-28 15:47:48","post_content":"","post_title":"EDITORIAL PLANETA","post_excerpt":"","post_status":"publish","comment_status":"closed","ping_status":"closed","post_password":"","post_name":"editorial-planeta","to_ping":"","pinged":"","post_modified":"2022-07-28 17:47:48","post_modified_gmt":"2022-07-28 15:47:48","post_content_filtered":"","post_parent":0,"guid":"http:\/\/dev.claret.cat\/editorial\/editorial-planeta\/","menu_order":0,"post_type":"editorial","post_mime_type":"","comment_count":"0","filter":"raw"}],"booktrailer":"","resenas":""},"aioseo_notices":[],"_links":{"self":[{"href":"https:\/\/www.claret.cat\/es\/wp-json\/wp\/v2\/product\/953117","targetHints":{"allow":["GET"]}}],"collection":[{"href":"https:\/\/www.claret.cat\/es\/wp-json\/wp\/v2\/product"}],"about":[{"href":"https:\/\/www.claret.cat\/es\/wp-json\/wp\/v2\/types\/product"}],"wp:featuredmedia":[{"embeddable":true,"href":"https:\/\/www.claret.cat\/es\/wp-json\/wp\/v2\/media\/953229"}],"wp:attachment":[{"href":"https:\/\/www.claret.cat\/es\/wp-json\/wp\/v2\/media?parent=953117"}],"wp:term":[{"taxonomy":"product_brand","embeddable":true,"href":"https:\/\/www.claret.cat\/es\/wp-json\/wp\/v2\/product_brand?post=953117"},{"taxonomy":"product_cat","embeddable":true,"href":"https:\/\/www.claret.cat\/es\/wp-json\/wp\/v2\/product_cat?post=953117"},{"taxonomy":"product_tag","embeddable":true,"href":"https:\/\/www.claret.cat\/es\/wp-json\/wp\/v2\/product_tag?post=953117"}],"curies":[{"name":"wp","href":"https:\/\/api.w.org\/{rel}","templated":true}]}}