{"id":953174,"date":"2024-02-20T13:32:07","date_gmt":"2024-02-20T12:32:07","guid":{"rendered":"https:\/\/www.claret.cat\/llibre\/ni-una-ni-grande-ni-libre-9788491996101\/"},"modified":"2024-04-26T18:25:06","modified_gmt":"2024-04-26T16:25:06","slug":"ni-una-ni-grande-ni-libre-9788491996101","status":"publish","type":"product","link":"https:\/\/www.claret.cat\/es\/libro\/ni-una-ni-grande-ni-libre-9788491996101\/","title":{"rendered":"NI UNA, NI GRANDE, NI LIBRE"},"content":{"rendered":"<p>La historia de la dictadura franquista escrita por y para una nueva generaci\u00f3n.<\/p>\n<p> Nada ha marcado tanto nuestra historia reciente como la dictadura franquista. Ni sigue tan presente en la Espa\u00f1a actual. Ni una, ni grande, ni libre nos ofrece el primer relato completo y actualizado de la misma, pensado tanto para quienes vivieron aquellos a\u00f1os como para quienes quieran redescubrir y entender aquel episodio decisivo. Nos encontramos ante una historia de la dictadura cuyo protagonismo ya no recae exclusivamente en el general Francisco Franco, sino en el conjunto de los espa\u00f1oles y que, ante todo, pone definitivamente en cuesti\u00f3n el mito de una Espa\u00f1a singularmente diferente.<br \/> Nicol\u00e1s Sesma, profesor de la Universidad Grenoble Alpes, recoge las mejores aportaciones de la historiograf\u00eda nacional e internacional para ponerlas al servicio de una reinterpretaci\u00f3n ambiciosa y multidimensional. As\u00ed, se incluyen referencias a toda la geograf\u00eda nacional y a todos los sectores sociales \u2014algunos de ellos presentes por primera vez en una historia global del r\u00e9gimen\u2014. Adem\u00e1s, merecen igual atenci\u00f3n la inmediata posguerra y la d\u00e9cada de los setenta, los desfiles de la victoria y los XXV A\u00f1os de Paz, la autarqu\u00eda y el desarrollismo, la clase pol\u00edtica y la oposici\u00f3n antifranquista, el estraperlo y la cultura del consumo, los marginados y las nuevas clases medias. Todo ello acompa\u00f1ado de referencias e hitos culturales \u2014desde la literatura y el cine hasta la novela gr\u00e1fica y el arte pop\u2014, que acompa\u00f1an a una narraci\u00f3n divulgativa y brillante, enmarcada en un contexto interpretativo internacional.<br \/> Se nos ofrece as\u00ed una lectura de la dictadura franquista a trav\u00e9s del prisma del siglo XXI, para recordarnos que, durante aquellos cuarenta a\u00f1os, Espa\u00f1a no fue NI UNA NI GRANDE NI LIBRE.<\/p>\n","protected":false},"excerpt":{"rendered":"<p>SESMA, NICOL\u00c1S<\/p>\n","protected":false},"featured_media":953219,"template":"","meta":{"_acf_changed":false,"om_disable_all_campaigns":false,"rs_blank_template":"","rs_page_bg_color":"","slide_template_v7":"","inline_featured_image":false,"_monsterinsights_skip_tracking":false,"_monsterinsights_sitenote_active":false,"_monsterinsights_sitenote_note":"","_monsterinsights_sitenote_category":0},"product_brand":[],"product_cat":[431,154],"product_tag":[],"class_list":{"0":"post-953174","1":"product","2":"type-product","3":"status-publish","4":"has-post-thumbnail","6":"product_cat-espana","7":"product_cat-espanaya","9":"first","10":"instock","11":"taxable","12":"shipping-taxable","13":"purchasable","14":"product-type-simple"},"acf":{"autor":"SESMA, NICOL\u00c1S","codart":"849199610","libros-coleccion":"Contrastes","ediciones":"1","encuadernacion":"Carton\u00e9","fecha_de_publicacion":"01\/02\/2024","novedad":"1","paginas":"758","subtitulo":"LA DICTADURA FRANQUISTA","orden":"0","portada":"0","idioma":"spa","editorial":[{"ID":6174,"post_author":"3","post_date":"2022-07-28 17:46:29","post_date_gmt":"2022-07-28 15:46:29","post_content":"","post_title":"CRITICA","post_excerpt":"","post_status":"publish","comment_status":"closed","ping_status":"closed","post_password":"","post_name":"critica","to_ping":"","pinged":"","post_modified":"2022-07-28 17:46:29","post_modified_gmt":"2022-07-28 15:46:29","post_content_filtered":"","post_parent":0,"guid":"http:\/\/dev.claret.cat\/editorial\/critica\/","menu_order":0,"post_type":"editorial","post_mime_type":"","comment_count":"0","filter":"raw"}]},"aioseo_notices":[],"_links":{"self":[{"href":"https:\/\/www.claret.cat\/es\/wp-json\/wp\/v2\/product\/953174","targetHints":{"allow":["GET"]}}],"collection":[{"href":"https:\/\/www.claret.cat\/es\/wp-json\/wp\/v2\/product"}],"about":[{"href":"https:\/\/www.claret.cat\/es\/wp-json\/wp\/v2\/types\/product"}],"wp:featuredmedia":[{"embeddable":true,"href":"https:\/\/www.claret.cat\/es\/wp-json\/wp\/v2\/media\/953219"}],"wp:attachment":[{"href":"https:\/\/www.claret.cat\/es\/wp-json\/wp\/v2\/media?parent=953174"}],"wp:term":[{"taxonomy":"product_brand","embeddable":true,"href":"https:\/\/www.claret.cat\/es\/wp-json\/wp\/v2\/product_brand?post=953174"},{"taxonomy":"product_cat","embeddable":true,"href":"https:\/\/www.claret.cat\/es\/wp-json\/wp\/v2\/product_cat?post=953174"},{"taxonomy":"product_tag","embeddable":true,"href":"https:\/\/www.claret.cat\/es\/wp-json\/wp\/v2\/product_tag?post=953174"}],"curies":[{"name":"wp","href":"https:\/\/api.w.org\/{rel}","templated":true}]}}