{"id":95321,"date":"2022-10-12T06:42:58","date_gmt":"2022-10-12T04:42:58","guid":{"rendered":"http:\/\/dev.claret.cat\/producte\/autobiografia-autoritzada\/"},"modified":"2024-02-05T14:21:49","modified_gmt":"2024-02-05T13:21:49","slug":"autobiografia-autoritzada-9788417879853","status":"publish","type":"product","link":"https:\/\/www.claret.cat\/es\/libro\/autobiografia-autoritzada-9788417879853\/","title":{"rendered":"AUTOBIOGRAFIA AUTORITZADA"},"content":{"rendered":"<p>En un caf\u00e8 de la Rambla barcelonina, una escriptora veu cada dia una dona rara, decr\u00e8pita i solit\u00e0ria en qui t\u00e9 por de projectar el seu futur. All\u00e0 comen\u00e7a a recuperar la mem\u00f2ria de la seva lluminosa infantesa: els estius en una casa gran a la serra de Tramuntana i els hiverns a l&#8217;escola de la ciutat. Els records del descobriment del m\u00f3n amb la seva germana, la fam\u00edlia i les amigues es veuen interromputs, de tant en tant, per imatges de la seva vida de despr\u00e9s, que la fereixen i que ella es nega a acceptar. Un relat prodigiosament net sobre el sentit de la mem\u00f2ria i la por de la bogeria.<\/p>\n","protected":false},"excerpt":{"rendered":"<p>CANYELLES ESTAP\u00c9, NEUS<\/p>\n","protected":false},"featured_media":95322,"template":"","meta":{"_acf_changed":false,"om_disable_all_campaigns":false,"rs_blank_template":"","rs_page_bg_color":"","slide_template_v7":"","inline_featured_image":false,"_monsterinsights_skip_tracking":false,"_monsterinsights_sitenote_active":false,"_monsterinsights_sitenote_note":"","_monsterinsights_sitenote_category":0},"product_brand":[],"product_cat":[127,357],"product_tag":[],"class_list":{"0":"post-95321","1":"product","2":"type-product","3":"status-publish","4":"has-post-thumbnail","6":"product_cat-novella-contemporania","7":"product_cat-novela-contemporanea","9":"first","10":"instock","11":"taxable","12":"shipping-taxable","13":"purchasable","14":"product-type-simple"},"acf":{"editorial":[{"ID":6223,"post_author":"3","post_date":"2022-07-28 17:47:32","post_date_gmt":"2022-07-28 15:47:32","post_content":"","post_title":"EDITORIAL EMP\u00daRIES","post_excerpt":"","post_status":"publish","comment_status":"closed","ping_status":"closed","post_password":"","post_name":"editorial-empuries","to_ping":"","pinged":"","post_modified":"2022-07-28 17:47:32","post_modified_gmt":"2022-07-28 15:47:32","post_content_filtered":"","post_parent":0,"guid":"http:\/\/dev.claret.cat\/editorial\/editorial-empuries\/","menu_order":0,"post_type":"editorial","post_mime_type":"","comment_count":"0","filter":"raw"}],"autor":"CANYELLES ESTAP\u00c9, NEUS","codart":"841787985","libros-coleccion":"EMP\u00daRIES NARRATIVA","ediciones":"1","encuadernacion":"R\u00fastica","fecha_de_publicacion":"01\/03\/2021","novedad":"1","paginas":"144","subtitulo":"","orden":"0","portada":"0","idioma":"cat","autores-libros":[{"ID":165759,"post_author":"3","post_date":"2022-10-14 17:57:43","post_date_gmt":"2022-10-14 15:57:43","post_content":"","post_title":"NEUS CANYELLES ESTAP\u00c9","post_excerpt":"","post_status":"publish","comment_status":"closed","ping_status":"closed","post_password":"","post_name":"neus-canyelles-estape","to_ping":"","pinged":"","post_modified":"2022-10-14 17:57:43","post_modified_gmt":"2022-10-14 15:57:43","post_content_filtered":"","post_parent":0,"guid":"http:\/\/dev.claret.cat\/autor\/neus-canyelles-estape\/","menu_order":0,"post_type":"autor","post_mime_type":"","comment_count":"0","filter":"raw"}]},"aioseo_notices":[],"_links":{"self":[{"href":"https:\/\/www.claret.cat\/es\/wp-json\/wp\/v2\/product\/95321","targetHints":{"allow":["GET"]}}],"collection":[{"href":"https:\/\/www.claret.cat\/es\/wp-json\/wp\/v2\/product"}],"about":[{"href":"https:\/\/www.claret.cat\/es\/wp-json\/wp\/v2\/types\/product"}],"wp:featuredmedia":[{"embeddable":true,"href":"https:\/\/www.claret.cat\/es\/wp-json\/wp\/v2\/media\/95322"}],"wp:attachment":[{"href":"https:\/\/www.claret.cat\/es\/wp-json\/wp\/v2\/media?parent=95321"}],"wp:term":[{"taxonomy":"product_brand","embeddable":true,"href":"https:\/\/www.claret.cat\/es\/wp-json\/wp\/v2\/product_brand?post=95321"},{"taxonomy":"product_cat","embeddable":true,"href":"https:\/\/www.claret.cat\/es\/wp-json\/wp\/v2\/product_cat?post=95321"},{"taxonomy":"product_tag","embeddable":true,"href":"https:\/\/www.claret.cat\/es\/wp-json\/wp\/v2\/product_tag?post=95321"}],"curies":[{"name":"wp","href":"https:\/\/api.w.org\/{rel}","templated":true}]}}