{"id":95330,"date":"2022-10-12T06:43:05","date_gmt":"2022-10-12T04:43:05","guid":{"rendered":"http:\/\/dev.claret.cat\/producte\/1794-el-foc-i-el-minotaure\/"},"modified":"2024-01-31T20:38:44","modified_gmt":"2024-01-31T19:38:44","slug":"1794-el-foc-i-el-minotaure-9788475888774","status":"publish","type":"product","link":"https:\/\/www.claret.cat\/es\/libro\/1794-el-foc-i-el-minotaure-9788475888774\/","title":{"rendered":"1794. EL FOC I EL MINOTAURE"},"content":{"rendered":"<p>&#8216;Igual que en el debut, el lector \u00e9s absorbit immediatament pel 1794 de Niklas Natt och Dag [&#8230;]. La trama est\u00e0 h\u00e0bilment constru\u00efda, com l&#8217;\u00faltima vegada&#8217;\u00a0G\u00f6teborgs-Posten, Su\u00e8cia<br \/> 1794. Una mare plora la seva filla, assassinada la nit de noces. Ning\u00fa no fa cas de les seves sospites, i ella demana ajuda a l&#8217;\u00fanic que li queda: un vigilant d&#8217;un sol bra\u00e7 que enyora el seu amic mort. Mentrestant, en un hospital als afores d&#8217;Estocolm, un jove arist\u00f2crata agonitza mentre se l&#8217;acusa d&#8217;un crim horrible. A 1794, el lector es retroba amb Mickel Cardell, Anna Stina Knapp i el m\u00f3n bullici\u00f3s i corromput de final de segle XVIII. Estocolm est\u00e0 a punt de veure els seus dies m\u00e9s negres quan el vern\u00eds salta i l&#8217;esplendor d&#8217;antany dona pas a la foscor que s&#8217;amaga en cada rac\u00f3 i esquerda de la ciutat.<br \/> Amb 1794, continua la recreaci\u00f3 portentosa i atmosf\u00e8rica de l&#8217;Estocolm malalt\u00eds de finals del segle XVIII amb qu\u00e8 Niklas Natt och Dag fa donar un tomb espectacular al noir i la novel\u00b7la hist\u00f2rica.<\/p>\n","protected":false},"excerpt":{"rendered":"<p>NATT OCH DAG, NIKLAS<\/p>\n","protected":false},"featured_media":95331,"template":"","meta":{"_acf_changed":false,"om_disable_all_campaigns":false,"rs_blank_template":"","rs_page_bg_color":"","slide_template_v7":"","inline_featured_image":false,"_monsterinsights_skip_tracking":false,"_monsterinsights_sitenote_active":false,"_monsterinsights_sitenote_note":"","_monsterinsights_sitenote_category":0},"product_brand":[],"product_cat":[127,130,357,360],"product_tag":[],"class_list":{"0":"post-95330","1":"product","2":"type-product","3":"status-publish","4":"has-post-thumbnail","6":"product_cat-novella-contemporania","7":"product_cat-novella-historica-i-ficcio","8":"product_cat-novela-contemporanea","9":"product_cat-novela-historica-y-ficcion","11":"first","12":"instock","13":"taxable","14":"shipping-taxable","15":"purchasable","16":"product-type-simple"},"acf":{"editorial":[{"ID":6336,"post_author":"3","post_date":"2022-07-28 17:50:00","post_date_gmt":"2022-07-28 15:50:00","post_content":"","post_title":"Proa","post_excerpt":"","post_status":"publish","comment_status":"closed","ping_status":"closed","post_password":"","post_name":"proa","to_ping":"","pinged":"","post_modified":"2022-07-28 17:50:00","post_modified_gmt":"2022-07-28 15:50:00","post_content_filtered":"","post_parent":0,"guid":"http:\/\/dev.claret.cat\/editorial\/proa\/","menu_order":0,"post_type":"editorial","post_mime_type":"","comment_count":"0","filter":"raw"}],"autores-libros":[{"ID":5892,"post_author":"3","post_date":"2022-07-28 17:33:44","post_date_gmt":"2022-07-28 15:33:44","post_content":"","post_title":"NIKLAS NATT OCH DAG","post_excerpt":"","post_status":"publish","comment_status":"closed","ping_status":"closed","post_password":"","post_name":"niklas-natt-och-dag","to_ping":"","pinged":"","post_modified":"2022-07-28 17:33:44","post_modified_gmt":"2022-07-28 15:33:44","post_content_filtered":"","post_parent":0,"guid":"http:\/\/dev.claret.cat\/autor\/niklas-natt-och-dag\/","menu_order":0,"post_type":"autor","post_mime_type":"","comment_count":"0","filter":"raw"}],"autor":"NATT OCH DAG, NIKLAS","codart":"847588877","libros-coleccion":"A TOT VENT-R\u00daST","ediciones":"1","encuadernacion":"R\u00fastica","fecha_de_publicacion":"01\/03\/2021","novedad":"1","paginas":"496","subtitulo":"","orden":"0","portada":"0","idioma":"cat"},"aioseo_notices":[],"_links":{"self":[{"href":"https:\/\/www.claret.cat\/es\/wp-json\/wp\/v2\/product\/95330","targetHints":{"allow":["GET"]}}],"collection":[{"href":"https:\/\/www.claret.cat\/es\/wp-json\/wp\/v2\/product"}],"about":[{"href":"https:\/\/www.claret.cat\/es\/wp-json\/wp\/v2\/types\/product"}],"wp:featuredmedia":[{"embeddable":true,"href":"https:\/\/www.claret.cat\/es\/wp-json\/wp\/v2\/media\/95331"}],"wp:attachment":[{"href":"https:\/\/www.claret.cat\/es\/wp-json\/wp\/v2\/media?parent=95330"}],"wp:term":[{"taxonomy":"product_brand","embeddable":true,"href":"https:\/\/www.claret.cat\/es\/wp-json\/wp\/v2\/product_brand?post=95330"},{"taxonomy":"product_cat","embeddable":true,"href":"https:\/\/www.claret.cat\/es\/wp-json\/wp\/v2\/product_cat?post=95330"},{"taxonomy":"product_tag","embeddable":true,"href":"https:\/\/www.claret.cat\/es\/wp-json\/wp\/v2\/product_tag?post=95330"}],"curies":[{"name":"wp","href":"https:\/\/api.w.org\/{rel}","templated":true}]}}