{"id":953422,"date":"2024-02-21T10:40:07","date_gmt":"2024-02-21T09:40:07","guid":{"rendered":"https:\/\/www.claret.cat\/llibre\/capellans-celibes-i-capellans-casats-9788491365358\/"},"modified":"2025-10-07T20:01:26","modified_gmt":"2025-10-07T18:01:26","slug":"capellans-celibes-i-capellans-casats-9788491365358","status":"publish","type":"product","link":"https:\/\/www.claret.cat\/es\/libro\/capellans-celibes-i-capellans-casats-9788491365358\/","title":{"rendered":"CAPELLANS C\u00c8LIBES I CAPELLANS CASATS"},"content":{"rendered":"<p><strong>Descobreix el futur del celibat a l\u2019Esgl\u00e9sia<\/strong> amb <em>Capellans c\u00e8libes i capellans casats<\/em> de <a href='https:\/\/www.claret.cat\/cataleg\/?a=281589' rel='noopener noreferrer' target='_blank'><strong>Xavier Morlans.<\/strong> <\/a><\/p>\n<p>Aquest llibre imprescindible, publicat en el context del<a href='https:\/\/www.claret.cat\/llibre\/vers-una-esglesia-mes-sinodal-9788491365334\/?c=' rel='noopener noreferrer' target='_blank'> <strong>S\u00ednode de Roma 2023-24<\/strong><\/a>, analitza si l\u2019Esgl\u00e9sia cat\u00f2lica hauria de permetre l\u2019ordenaci\u00f3 d\u2019homes casats. Morlans examina la hist\u00f2ria del celibat, des dels decrets conciliars que exigien contin\u00e8ncia als preveres fins a la llei de celibat instaurada al segon mil\u00b7lenni, i contrasta aquesta realitat amb les <strong>Esgl\u00e9sies cat\u00f2liques orientals<\/strong>, on els homes casats poden accedir al sacerdoci.<\/p>\n<p>A m\u00e9s, l\u2019autor recupera la proposta innovadora del bisbe <strong>Fritz Lobinger<\/strong> sobre els <strong>Equips de preveres casats<\/strong>, suggerida als anys 90 com a complement als preveres c\u00e8libes i diaques casats. Aquest llibre planteja preguntes clau per al discerniment eclesial sinodal i ofereix una visi\u00f3 profunda sobre el futur del ministeri presbiteral.<strong>erniment eclesial sinodal<\/strong>.<\/p>\n","protected":false},"excerpt":{"rendered":"<p>MORLANS I MOLINA, XAVIER<\/p>\n","protected":false},"featured_media":995123,"template":"","meta":{"_acf_changed":false,"om_disable_all_campaigns":false,"rs_blank_template":"","rs_page_bg_color":"","slide_template_v7":"","inline_featured_image":false,"_monsterinsights_skip_tracking":false,"_monsterinsights_sitenote_active":false,"_monsterinsights_sitenote_note":"","_monsterinsights_sitenote_category":0},"product_brand":[],"product_cat":[307,93,543,581,337,92,542],"product_tag":[],"class_list":{"0":"post-953422","1":"product","2":"type-product","3":"status-publish","4":"has-post-thumbnail","6":"product_cat-catala","7":"product_cat-eclesiologia","8":"product_cat-eclesiologia-es","9":"product_cat-editorial-claret","10":"product_cat-novetats-tenda","11":"product_cat-vida-religiosa","12":"product_cat-vida-religiosa-1_espiritualidad-spa","14":"first","15":"instock","16":"taxable","17":"shipping-taxable","18":"purchasable","19":"product-type-simple"},"acf":{"autor":"MORLANS I MOLINA, XAVIER","codart":"849136535","libros-coleccion":"","ediciones":"1","encuadernacion":"R\u00fastica","fecha_de_publicacion":"19\/03\/2024","novedad":"1","paginas":"388","subtitulo":"DOS PULMONS PER A UNA ESGL\u00c9SIA SINODAL ","orden":"9","portada":"1","idioma":"cat","editorial":[{"ID":6158,"post_author":"3","post_date":"2022-07-28 17:46:08","post_date_gmt":"2022-07-28 15:46:08","post_content":"","post_title":"CLARET","post_excerpt":"","post_status":"publish","comment_status":"closed","ping_status":"closed","post_password":"","post_name":"claret","to_ping":"","pinged":"","post_modified":"2022-07-28 17:46:08","post_modified_gmt":"2022-07-28 15:46:08","post_content_filtered":"","post_parent":0,"guid":"http:\/\/dev.claret.cat\/editorial\/claret\/","menu_order":0,"post_type":"editorial","post_mime_type":"","comment_count":"0","filter":"raw"}],"booktrailer":"<iframe width=\"949\" height=\"433\"  src=\"https:\/\/www.youtube.com\/embed\/vsDBv0__xkk?si=srlU0M7ChfNclLRF\" title=\"YouTube video player\" frameborder=\"0\" allow=\"accelerometer; autoplay; clipboard-write; encrypted-media; gyroscope; picture-in-picture; web-share\" allowfullscreen><\/iframe>","linkebook":"","ficha":"849136535_1710849376.pdf","muestra":"","precioebook":"0","presentacion":"<iframe width=\"949\" height=\"433\" src=\"https:\/\/www.youtube.com\/embed\/85_IONXN9us?si=j3_Blnxon4EGpsep\" title=\"YouTube video player\" frameborder=\"0\" allow=\"accelerometer; autoplay; clipboard-write; encrypted-media; gyroscope; picture-in-picture; web-share\" referrerpolicy=\"strict-origin-when-cross-origin\" allowfullscreen><\/iframe>","resenas":"<p>Catalunya Cristiana (catal\u00e0), 03\/03\/24<\/p>\n<p><a href=\"https:\/\/drive.google.com\/file\/d\/1p0UGEwH34U_5w2_a5QoGZyZ1C0Kmgbtp\/view?usp=sharing\" rel=\"noopener noreferrer\" target=\"_blank\">https:\/\/drive.google.com\/file\/d\/1p0UGEwH34U_5w2_a5QoGZyZ1C0Kmgbtp\/view?usp=sharing<\/a><\/p>\n<p><\/p>\n<p>Catalunya Cristiana (castell\u00e0), 03\/03\/24<\/p>\n<p><a href=\"https:\/\/drive.google.com\/file\/d\/1tB_lASEtn4CxQeJEb68MGPlsSxjZIwmD\/view?usp=sharing\" rel=\"noopener noreferrer\" target=\"_blank\">https:\/\/drive.google.com\/file\/d\/1tB_lASEtn4CxQeJEb68MGPlsSxjZIwmD\/view?usp=sharing<\/a><\/p>\n<p><\/p>\n<p>Ag\u00e8ncia Flama, 13\/03\/24<\/p>\n<p><a href=\"https:\/\/www.agenciaflama.cat\/xavier-morlans-el-celibat-no-es-un-element-constitutiu-del-sacerdoci\/\" rel=\"noopener noreferrer\" target=\"_blank\">https:\/\/www.agenciaflama.cat\/xavier-morlans-el-celibat-no-es-un-element-constitutiu-del-sacerdoci\/<\/a><\/p>\n<p><\/p>\n<p>Religi\u00f3n Digital, 14\/03\/24<\/p>\n<p><a href=\"https:\/\/www.religiondigital.org\/libros\/Xavier-Morlans-celibato-constitutivo-sacerdocio-curas-casados-sinodo-sinodalidad_0_2651434831.html\" rel=\"noopener noreferrer\" target=\"_blank\">https:\/\/www.religiondigital.org\/libros\/Xavier-Morlans-celibato-constitutivo-sacerdocio-curas-casados-sinodo-sinodalidad_0_2651434831.html<\/a><\/p>\n<p><\/p>\n<p>Ag\u00e8ncia Flama, 19\/03\/24<\/p>\n<p><a href=\"https:\/\/www.agenciaflama.cat\/arriba-a-les-llibreries-capellans-celibes-i-capellans-casats-el-nou-llibre-de-xavier-morlans\/\" rel=\"noopener noreferrer\" target=\"_blank\">https:\/\/www.agenciaflama.cat\/arriba-a-les-llibreries-capellans-celibes-i-capellans-casats-el-nou-llibre-de-xavier-morlans\/<\/a><\/p>\n<p><\/p>\n<p>Catalunya Religi\u00f3, 03\/04\/24<\/p>\n<p><a href=\"https:\/\/www.catalunyareligio.cat\/ca\/blog\/llibres-recomanats\/capellans-celibes-capellans-casats-312247\" rel=\"noopener noreferrer\" target=\"_blank\">https:\/\/www.catalunyareligio.cat\/ca\/blog\/llibres-recomanats\/capellans-celibes-capellans-casats-312247<\/a><\/p>\n<p><\/p>\n<p>Catalunya Cristiana (catal\u00e0), 07\/04\/2024<\/p>\n<p><a href=\"https:\/\/drive.google.com\/file\/d\/1MPTF93lXPimk3_uHO8jTEQRmrluUYos3\/view?usp=sharing\" rel=\"noopener noreferrer\" target=\"_blank\">https:\/\/drive.google.com\/file\/d\/1MPTF93lXPimk3_uHO8jTEQRmrluUYos3\/view?usp=sharing<\/a><\/p>\n<p><\/p>\n<p>Catalunya Cristiana (castell\u00e0), 07\/04\/2024<\/p>\n<p><a href=\"https:\/\/drive.google.com\/file\/d\/1ajjpD6xnkFVUXV4PEqjEKdmpITOmBLjr\/view?usp=sharing\" rel=\"noopener noreferrer\" target=\"_blank\">https:\/\/drive.google.com\/file\/d\/1ajjpD6xnkFVUXV4PEqjEKdmpITOmBLjr\/view?usp=sharing<\/a><\/p>\n<p><\/p>\n<p>Catalunya Religi\u00f3, 11\/04\/2024<\/p>\n<p><a href=\"https:\/\/www.catalunyareligio.cat\/ca\/blog\/rebotiga-catalunya-religio\/rebotiga-n115-capellans-celibat-312456\" rel=\"noopener noreferrer\" target=\"_blank\">https:\/\/www.catalunyareligio.cat\/ca\/blog\/rebotiga-catalunya-religio\/rebotiga-n115-capellans-celibat-312456<\/a><\/p>\n<p><\/p>\n<p>La Vanguardia, 14\/4\/24<\/p>\n<p><a href=\"https:\/\/drive.google.com\/file\/d\/1DZgIZu87IaMdIj-rkcvCHVWomjgsUImO\/view?usp=sharing\" rel=\"noopener noreferrer\" target=\"_blank\">https:\/\/drive.google.com\/file\/d\/1DZgIZu87IaMdIj-rkcvCHVWomjgsUImO\/view?usp=sharing<\/a><\/p>\n<p><\/p>\n<p>La Vanguardia, 14\/04\/2024<\/p>\n<p><a href=\"https:\/\/www.lavanguardia.com\/vida\/20240414\/9594513\/xavier-morlans-defiende-que-el-celibato-curas-debe-ser-optativo.html\" rel=\"noopener noreferrer\" target=\"_blank\">https:\/\/www.lavanguardia.com\/vida\/20240414\/9594513\/xavier-morlans-defiende-que-el-celibato-curas-debe-ser-optativo.html<\/a><\/p>\n<p><\/p>\n<p>Catalunya Religi\u00f3, 22\/04\/2024<\/p>\n<p><a href=\"https:\/\/www.catalunyareligio.cat\/ca\/blog\/font-raja-sempre\/benet-xvi-anglicans-celibat-312734?utm_source=dlvr.it&amp;utm_medium=twitter\" rel=\"noopener noreferrer\" target=\"_blank\">https:\/\/www.catalunyareligio.cat\/ca\/blog\/font-raja-sempre\/benet-xvi-anglicans-celibat-312734?utm_source=dlvr.it&amp;utm_medium=twitter<\/a><\/p>\n<p><\/p>\n<p>Catalunya Religi\u00f3, 11\/04\/2024<\/p>\n<p><a href=\"https:\/\/www.catalunyareligio.cat\/ca\/xavier-morlans-deu-mil-capellans-casats-esglesia?utm_source=enviament&amp;utm_medium=whatsapp\" rel=\"noopener noreferrer\" target=\"_blank\">https:\/\/www.catalunyareligio.cat\/ca\/xavier-morlans-deu-mil-capellans-casats-esglesia?utm_source=enviament&amp;utm_medium=whatsapp<\/a><\/p>\n<p><\/p>\n<p>Signes dels temps (TV3), 21\/04\/2024<\/p>\n<p><a href=\"https:\/\/www.ccma.cat\/3cat\/capellans-catolics-casats\/video\/6277402\/\" rel=\"noopener noreferrer\" target=\"_blank\">https:\/\/www.ccma.cat\/3cat\/capellans-catolics-casats\/video\/6277402\/<\/a><\/p>\n<p><\/p>\n<p>Catalunya Religi\u00f3, 24\/04\/2024<\/p>\n<p><a href=\"https:\/\/www.catalunyareligio.cat\/ca\/quins-han-estat-mes-venuts-sant-jordi-llibreries?utm_source=dlvr.it&amp;utm_medium=twitter\" rel=\"noopener noreferrer\" target=\"_blank\">https:\/\/www.catalunyareligio.cat\/ca\/quins-han-estat-mes-venuts-sant-jordi-llibreries?utm_source=dlvr.it&amp;utm_medium=twitter<\/a><\/p>\n<p><\/p>\n<p>Catalunya Religi\u00f3, 13\/05\/2024<\/p>\n<p><a href=\"https:\/\/www.catalunyareligio.cat\/ca\/blog\/font-raja-sempre\/capellans-celibes-capellans-casats-313185\" rel=\"noopener noreferrer\" target=\"_blank\">https:\/\/www.catalunyareligio.cat\/ca\/blog\/font-raja-sempre\/capellans-celibes-capellans-casats-313185<\/a><\/p>\n<p><\/p>\n<p>Catalunya Religi\u00f3, 10\/06\/2024<\/p>\n<p><a href=\"https:\/\/www.catalunyareligio.cat\/ca\/blog\/font-raja-sempre\/capellans-casats-reaccio-en-cadena-313761\" rel=\"noopener noreferrer\" target=\"_blank\">https:\/\/www.catalunyareligio.cat\/ca\/blog\/font-raja-sempre\/capellans-casats-reaccio-en-cadena-313761<\/a><\/p>\n<p><\/p>\n<p>3Cat, 15\/07\/2024<\/p>\n<p><a href=\"https:\/\/www.ccma.cat\/324\/el-vatica-amaga-10000-capellans-casats-en-ple-debat-sobre-el-celibat\/noticia\/3303261\/\" rel=\"noopener noreferrer\" target=\"_blank\">https:\/\/www.ccma.cat\/324\/el-vatica-amaga-10000-capellans-casats-en-ple-debat-sobre-el-celibat\/noticia\/3303261\/<\/a><\/p>\n<p><\/p>\n<p>Naci\u00f3 Digital, 21\/07\/2024<\/p>\n<p><a href=\"https:\/\/naciodigital.cat\/societat\/xavier-morlans-lesglesia-te-pendent-reconciliar-se-mon-sexualitat_1954763_102.html\" rel=\"noopener noreferrer\" target=\"_blank\">https:\/\/naciodigital.cat\/societat\/xavier-morlans-lesglesia-te-pendent-reconciliar-se-mon-sexualitat_1954763_102.html<\/a><\/p>\n<p><\/p>\n<p>Foc Nou, 4\/09\/2024<\/p>\n<p><a href=\"https:\/\/www.focnou.cat\/un-llibre-sincer-i-valent-sobre-el-celibat-sacerdotal\/\" rel=\"noopener noreferrer\" target=\"_blank\">https:\/\/www.focnou.cat\/un-llibre-sincer-i-valent-sobre-el-celibat-sacerdotal\/<\/a><\/p>\n<p><\/p>\n<p>El Punt Avui, 12\/09\/2024<\/p>\n<p><a href=\"https:\/\/www.elpuntavui.cat\/societat\/article\/5-societat\/2456907-crec-que-el-celibat-dels-preveres-ha-de-ser-opcional.html\" rel=\"noopener noreferrer\" target=\"_blank\">https:\/\/www.elpuntavui.cat\/societat\/article\/5-societat\/2456907-crec-que-el-celibat-dels-preveres-ha-de-ser-opcional.html<\/a><\/p>\n<p><\/p>\n<p>Revista Serra d&#8217;Or, 02\/01\/2025<\/p>\n<p><a href=\"https:\/\/drive.google.com\/file\/d\/1pPwtByfSfZNvqx_J-zYC7O9h_y7EPJ0i\/view?usp=sharing\" rel=\"noopener noreferrer\" target=\"_blank\">https:\/\/drive.google.com\/file\/d\/1pPwtByfSfZNvqx_J-zYC7O9h_y7EPJ0i\/view?usp=sharing<\/a><\/p>\n<p><\/p>\n<p>RAC1, 09\/05\/2025<\/p>\n<p><a href=\"https:\/\/www.rac1.cat\/internacional\/20250509\/257164\/xavier-morlans-sacerdot-avancar-nou-papa-celibat-capellans-opcional-inici-cristianisme-versio.html\" rel=\"noopener noreferrer\" target=\"_blank\">https:\/\/www.rac1.cat\/internacional\/20250509\/257164\/xavier-morlans-sacerdot-avancar-nou-papa-celibat-capellans-opcional-inici-cristianisme-versio.html<\/a><\/p>\n","autores-libros":[{"ID":281589,"post_author":"3","post_date":"2022-12-09 23:22:53","post_date_gmt":"2022-12-09 22:22:53","post_content":"<strong>Xavier Morlans i Molina<\/strong> (Llinars del Vall\u00e8s 1949) \u00e9s professor em\u00e8rit de la Facultat de Teologia de Catalunya, consultor del dicasteri per a l\u2019Evangelitzaci\u00f3, Missioner de la Miseric\u00f2rdia, i vicari de la parr\u00f2quia Hospital de Campanya de Santa Anna de Barcelona. Ha fet tamb\u00e9 interessants aportacions en el terreny de la recerca de nous llenguatges art\u00edstics, musicals i audiovisuals per a l\u2019Evangelitzaci\u00f3.\r\n\r\nEntre d'altres llibres, Xavier Morlans ha publicat <a href=\"https:\/\/www.claret.cat\/llibre\/de-zero-a-deu-en-55-dies-9788487023781\/?c=\"><em><strong>De zero a D\u00e9u en 55 dies<\/strong><\/em><\/a>, <a href=\"https:\/\/www.editorialclaret.cat\/producte\/capellans-celibes-i-capellans-casats-9788491365358\/?c\"><em><strong>Capellans c\u00e8libes i capellans casats<\/strong><\/em><\/a> i <a href=\"https:\/\/www.claret.cat\/llibre\/salvacio-i-religions-9788412837452\/?c=\"><em><strong>Salvaci\u00f3 i religions<\/strong><\/em><\/a>.","post_title":"XAVIER MORLANS I MOLINA","post_excerpt":"","post_status":"publish","comment_status":"closed","ping_status":"closed","post_password":"","post_name":"xavier-morlans-i-molina","to_ping":"","pinged":"","post_modified":"2024-07-08 19:14:09","post_modified_gmt":"2024-07-08 17:14:09","post_content_filtered":"","post_parent":0,"guid":"http:\/\/dev.claret.cat\/autor\/xavier-morlans-i-molina\/","menu_order":0,"post_type":"autor","post_mime_type":"","comment_count":"0","filter":"raw"}],"traductores-libros":"","ilustradores-libros":"","formato":"","ebookportada":false,"recomendamos":"","mas_vendido":""},"aioseo_notices":[],"_links":{"self":[{"href":"https:\/\/www.claret.cat\/es\/wp-json\/wp\/v2\/product\/953422","targetHints":{"allow":["GET"]}}],"collection":[{"href":"https:\/\/www.claret.cat\/es\/wp-json\/wp\/v2\/product"}],"about":[{"href":"https:\/\/www.claret.cat\/es\/wp-json\/wp\/v2\/types\/product"}],"wp:featuredmedia":[{"embeddable":true,"href":"https:\/\/www.claret.cat\/es\/wp-json\/wp\/v2\/media\/995123"}],"wp:attachment":[{"href":"https:\/\/www.claret.cat\/es\/wp-json\/wp\/v2\/media?parent=953422"}],"wp:term":[{"taxonomy":"product_brand","embeddable":true,"href":"https:\/\/www.claret.cat\/es\/wp-json\/wp\/v2\/product_brand?post=953422"},{"taxonomy":"product_cat","embeddable":true,"href":"https:\/\/www.claret.cat\/es\/wp-json\/wp\/v2\/product_cat?post=953422"},{"taxonomy":"product_tag","embeddable":true,"href":"https:\/\/www.claret.cat\/es\/wp-json\/wp\/v2\/product_tag?post=953422"}],"curies":[{"name":"wp","href":"https:\/\/api.w.org\/{rel}","templated":true}]}}