{"id":953466,"date":"2024-02-21T16:40:17","date_gmt":"2024-02-21T15:40:17","guid":{"rendered":"https:\/\/www.claret.cat\/llibre\/animales-que-cuentan-en-la-historia-9788412772807\/"},"modified":"2024-02-21T17:10:49","modified_gmt":"2024-02-21T16:10:49","slug":"animales-que-cuentan-en-la-historia-9788412772807","status":"publish","type":"product","link":"https:\/\/www.claret.cat\/es\/libro\/animales-que-cuentan-en-la-historia-9788412772807\/","title":{"rendered":"ANIMALES QUE CUENTAN (EN) LA HISTORIA"},"content":{"rendered":"<p>Son los grandes olvidados de la historia: los animales, a pesar de que no se podr\u00eda escribir la cr\u00f3nica de la humanidad sin tener en cuenta nuestra relaci\u00f3n con ellos. Este libro pretende saldar esa deuda pendiente mostrando que animales como chimpanc\u00e9s, perros, pinzones, elefantes, caballos, palomas, leones, toros, ovejas,<br \/> serpientes, abejas, ratones\u2026 son capaces de contar LA HISTORIA y de contar, y mucho, EN LA HISTORIA, impactando decisivamente en \u00e1mbitos como los de la medicina, la ciencia, la guerra, la religi\u00f3n, la exploraci\u00f3n, la arqueolog\u00eda, la carrera espacial o la tecnolog\u00eda. <br \/> Adem\u00e1s, en este libro descubrir\u00e1 historias tan fascinantes y desconocidas<br \/> como las de:<br \/> Jim: el caballo que salv\u00f3 a los ni\u00f1os de la difteria.<br \/> El \u00e1guila que fund\u00f3 un imperio.<br \/> El pato que \u00bfayuda? a curar la gripe.<br \/> Las abejas que ganaron una batalla.<br \/> Los monos del espacio.<br \/> Mike: el pollo que vivi\u00f3 a\u00f1o y medio sin cabeza.<br \/> Los perros paracaidistas de Normand\u00eda.<br \/> Los murci\u00e9lagos bomba.<br \/> Delfines, gorilas y elefantes que salvaron las vidas de personas.<br \/> Los perros del 11-S.<br \/> Los juicios contra animales.<br \/> La guerra de las langostas.<\/p>\n","protected":false},"excerpt":{"rendered":"<p>L\u00d3PEZ PILAR, ALMA LEONOR \/ RAMOS DE LOS SANTOS, JAVIER<\/p>\n","protected":false},"featured_media":953519,"template":"","meta":{"_acf_changed":false,"om_disable_all_campaigns":false,"rs_blank_template":"","rs_page_bg_color":"","slide_template_v7":"","inline_featured_image":false,"_monsterinsights_skip_tracking":false,"_monsterinsights_sitenote_active":false,"_monsterinsights_sitenote_note":"","_monsterinsights_sitenote_category":0},"product_brand":[],"product_cat":[157,370],"product_tag":[],"class_list":{"0":"post-953466","1":"product","2":"type-product","3":"status-publish","4":"has-post-thumbnail","6":"product_cat-investigacio-i-corrents","7":"product_cat-investigacion-y-corrientes","9":"first","10":"instock","11":"taxable","12":"shipping-taxable","13":"purchasable","14":"product-type-simple"},"acf":{"autor":"L\u00d3PEZ PILAR, ALMA LEONOR \/ RAMOS DE LOS SANTOS, JAVIER","codart":"841277280","libros-coleccion":"FORA DE COL.LECCI\u00d3","ediciones":"1","encuadernacion":"R\u00fastica","fecha_de_publicacion":"01\/02\/2024","novedad":"1","paginas":"372","subtitulo":"SU IMPORTANCIA EN LA CIENCIA, LA CULTURA, LA GUERRA, LA MEDICINA, LA RELIGI\u00d3N, L","orden":"0","portada":"0","idioma":"spa","editorial":[{"ID":147793,"post_author":"3","post_date":"2022-10-14 11:53:16","post_date_gmt":"2022-10-14 09:53:16","post_content":"","post_title":"EDICIONES CYDONIA","post_excerpt":"","post_status":"publish","comment_status":"closed","ping_status":"closed","post_password":"","post_name":"ediciones-cydonia","to_ping":"","pinged":"","post_modified":"2022-10-14 11:53:16","post_modified_gmt":"2022-10-14 09:53:16","post_content_filtered":"","post_parent":0,"guid":"http:\/\/dev.claret.cat\/editorial\/ediciones-cydonia\/","menu_order":0,"post_type":"editorial","post_mime_type":"","comment_count":"0","filter":"raw"}]},"aioseo_notices":[],"_links":{"self":[{"href":"https:\/\/www.claret.cat\/es\/wp-json\/wp\/v2\/product\/953466","targetHints":{"allow":["GET"]}}],"collection":[{"href":"https:\/\/www.claret.cat\/es\/wp-json\/wp\/v2\/product"}],"about":[{"href":"https:\/\/www.claret.cat\/es\/wp-json\/wp\/v2\/types\/product"}],"wp:featuredmedia":[{"embeddable":true,"href":"https:\/\/www.claret.cat\/es\/wp-json\/wp\/v2\/media\/953519"}],"wp:attachment":[{"href":"https:\/\/www.claret.cat\/es\/wp-json\/wp\/v2\/media?parent=953466"}],"wp:term":[{"taxonomy":"product_brand","embeddable":true,"href":"https:\/\/www.claret.cat\/es\/wp-json\/wp\/v2\/product_brand?post=953466"},{"taxonomy":"product_cat","embeddable":true,"href":"https:\/\/www.claret.cat\/es\/wp-json\/wp\/v2\/product_cat?post=953466"},{"taxonomy":"product_tag","embeddable":true,"href":"https:\/\/www.claret.cat\/es\/wp-json\/wp\/v2\/product_tag?post=953466"}],"curies":[{"name":"wp","href":"https:\/\/api.w.org\/{rel}","templated":true}]}}