{"id":953482,"date":"2024-02-21T16:46:56","date_gmt":"2024-02-21T15:46:56","guid":{"rendered":"https:\/\/www.claret.cat\/llibre\/sant-benetjosep-labre-el-pelegri-de-deu-9788491656210\/"},"modified":"2024-05-23T02:30:39","modified_gmt":"2024-05-23T00:30:39","slug":"sant-benetjosep-labre-el-pelegri-de-deu-9788491656210","status":"publish","type":"product","link":"https:\/\/www.claret.cat\/es\/libro\/sant-benetjosep-labre-el-pelegri-de-deu-9788491656210\/","title":{"rendered":"SANT BENET-JOSEP LABRE. EL PELEGR\u00cd DE D\u00c9U"},"content":{"rendered":"<p>Benito Jos\u00e9 Labre, a mediados del siglo XVIII, a los veintid\u00f3s a\u00f1os, decide ser el peregrino de Dios y, hasta su muerte, camina treinta mil quil\u00f3metros. Sus \u00faltimos seis a\u00f1os de vida, los pas\u00f3 viviendo en la calle, en uno de los arcos del Coliseo de Roma. Nacido en el norte de Francia, es el patr\u00f3n de los peregrinos, de los mendicantes, de los trotamundos, de las personas sintecho y con problemas mentales. Tambi\u00e9n es el patr\u00f3n de los fracasados, de las personas que necesitan una segunda oportunidad. En tanto que abogado nuestro, nos ayuda a asumir los fracasos, las debilidades, las imperfecciones e, incluso, las rarezas.<\/p>\n<p>Fiesta: 16 de abril<\/p>\n<p><\/p>\n","protected":false},"excerpt":{"rendered":"<p>RODR\u00cdGUEZ VILAGRAN, \u00c1NGEL<\/p>\n","protected":false},"featured_media":963787,"template":"","meta":{"_acf_changed":false,"om_disable_all_campaigns":false,"rs_blank_template":"","rs_page_bg_color":"","slide_template_v7":"","inline_featured_image":false,"_monsterinsights_skip_tracking":false,"_monsterinsights_sitenote_active":false,"_monsterinsights_sitenote_note":"","_monsterinsights_sitenote_category":0},"product_brand":[],"product_cat":[92,542],"product_tag":[],"class_list":{"0":"post-953482","1":"product","2":"type-product","3":"status-publish","4":"has-post-thumbnail","6":"product_cat-vida-religiosa","7":"product_cat-vida-religiosa-1_espiritualidad-spa","9":"first","10":"instock","11":"taxable","12":"shipping-taxable","13":"purchasable","14":"product-type-simple"},"acf":{"autor":"RODR\u00cdGUEZ VILAGRAN, \u00c1NGEL","codart":"849165621","libros-coleccion":"Sants i Santes","ediciones":"1","encuadernacion":"Grapado","fecha_de_publicacion":"21\/02\/2024","novedad":"1","paginas":"36","subtitulo":"","orden":"0","portada":"0","idioma":"cat","editorial":[{"ID":6172,"post_author":"3","post_date":"2022-07-28 17:46:27","post_date_gmt":"2022-07-28 15:46:27","post_content":"","post_title":"CPL","post_excerpt":"","post_status":"publish","comment_status":"closed","ping_status":"closed","post_password":"","post_name":"cpl","to_ping":"","pinged":"","post_modified":"2022-07-28 17:46:27","post_modified_gmt":"2022-07-28 15:46:27","post_content_filtered":"","post_parent":0,"guid":"http:\/\/dev.claret.cat\/editorial\/cpl\/","menu_order":0,"post_type":"editorial","post_mime_type":"","comment_count":"0","filter":"raw"}]},"aioseo_notices":[],"_links":{"self":[{"href":"https:\/\/www.claret.cat\/es\/wp-json\/wp\/v2\/product\/953482","targetHints":{"allow":["GET"]}}],"collection":[{"href":"https:\/\/www.claret.cat\/es\/wp-json\/wp\/v2\/product"}],"about":[{"href":"https:\/\/www.claret.cat\/es\/wp-json\/wp\/v2\/types\/product"}],"wp:featuredmedia":[{"embeddable":true,"href":"https:\/\/www.claret.cat\/es\/wp-json\/wp\/v2\/media\/963787"}],"wp:attachment":[{"href":"https:\/\/www.claret.cat\/es\/wp-json\/wp\/v2\/media?parent=953482"}],"wp:term":[{"taxonomy":"product_brand","embeddable":true,"href":"https:\/\/www.claret.cat\/es\/wp-json\/wp\/v2\/product_brand?post=953482"},{"taxonomy":"product_cat","embeddable":true,"href":"https:\/\/www.claret.cat\/es\/wp-json\/wp\/v2\/product_cat?post=953482"},{"taxonomy":"product_tag","embeddable":true,"href":"https:\/\/www.claret.cat\/es\/wp-json\/wp\/v2\/product_tag?post=953482"}],"curies":[{"name":"wp","href":"https:\/\/api.w.org\/{rel}","templated":true}]}}