{"id":953618,"date":"2024-02-21T19:30:09","date_gmt":"2024-02-21T18:30:09","guid":{"rendered":"https:\/\/www.claret.cat\/llibre\/la-caida-de-la-casa-usher-9788417651435\/"},"modified":"2024-02-21T19:30:28","modified_gmt":"2024-02-21T18:30:28","slug":"la-caida-de-la-casa-usher-9788417651435","status":"publish","type":"product","link":"https:\/\/www.claret.cat\/es\/libro\/la-caida-de-la-casa-usher-9788417651435\/","title":{"rendered":"LA CA\u00cdDA DE LA CASA USHER"},"content":{"rendered":"<p>La ca\u00edda de la Casa Usher es la quintaesencia del cuento g\u00f3tico: una casa embrujada, un paisaje l\u00fagubre, dos hermanos gemelos, una enfermedad misteriosa? Todos los elementos del g\u00e9nero son f\u00e1cilmente identificables y, sin embargo, parte del terror que inspira esta historia se debe a su vaguedad; no podemos decir a ciencia cierta en qu\u00e9 parte del mundo o exactamente cu\u00e1ndo tiene lugar la historia. Estamos solos con el narrador en este espacio embrujado, y ni nosotros ni el narrador sabemos por qu\u00e9. Publicado por primera vez en la revista Burton?s Gentleman?s Magazine en 1839, es una de las obras de Poe preferidas por la cr\u00edtica, y la que el propio autor consideraba la m\u00e1s lograda que hab\u00eda escrito.<\/p>\n","protected":false},"excerpt":{"rendered":"<p>ALLAN POE, EDGAR<\/p>\n","protected":false},"featured_media":953619,"template":"","meta":{"_acf_changed":false,"om_disable_all_campaigns":false,"rs_blank_template":"","rs_page_bg_color":"","slide_template_v7":"","inline_featured_image":false,"_monsterinsights_skip_tracking":false,"_monsterinsights_sitenote_active":false,"_monsterinsights_sitenote_note":"","_monsterinsights_sitenote_category":0},"product_brand":[],"product_cat":[354,123],"product_tag":[],"class_list":{"0":"post-953618","1":"product","2":"type-product","3":"status-publish","4":"has-post-thumbnail","6":"product_cat-clasica","7":"product_cat-classica","9":"first","10":"instock","11":"taxable","12":"shipping-taxable","13":"purchasable","14":"product-type-simple"},"acf":{"autor":"ALLAN POE, EDGAR","codart":"841765143","libros-coleccion":"Ilustrados","ediciones":"1","encuadernacion":"Carton\u00e9","fecha_de_publicacion":"01\/10\/2022","novedad":"0","paginas":"0","subtitulo":"","orden":"0","portada":"0","idioma":"spa","editorial":[{"ID":148581,"post_author":"3","post_date":"2022-10-14 11:59:22","post_date_gmt":"2022-10-14 09:59:22","post_content":"","post_title":"N\u00d3RDICA LIBROS","post_excerpt":"","post_status":"publish","comment_status":"closed","ping_status":"closed","post_password":"","post_name":"nordica-libros","to_ping":"","pinged":"","post_modified":"2022-10-14 11:59:22","post_modified_gmt":"2022-10-14 09:59:22","post_content_filtered":"","post_parent":0,"guid":"http:\/\/dev.claret.cat\/editorial\/nordica-libros\/","menu_order":0,"post_type":"editorial","post_mime_type":"","comment_count":"0","filter":"raw"}],"autores-libros":[{"ID":154483,"post_author":"3","post_date":"2022-10-14 15:05:10","post_date_gmt":"2022-10-14 13:05:10","post_content":"","post_title":"EDGAR ALLAN POE","post_excerpt":"","post_status":"publish","comment_status":"closed","ping_status":"closed","post_password":"","post_name":"edgar-allan-poe","to_ping":"","pinged":"","post_modified":"2022-10-14 15:05:10","post_modified_gmt":"2022-10-14 13:05:10","post_content_filtered":"","post_parent":0,"guid":"http:\/\/dev.claret.cat\/autor\/edgar-allan-poe\/","menu_order":0,"post_type":"autor","post_mime_type":"","comment_count":"0","filter":"raw"}]},"aioseo_notices":[],"_links":{"self":[{"href":"https:\/\/www.claret.cat\/es\/wp-json\/wp\/v2\/product\/953618","targetHints":{"allow":["GET"]}}],"collection":[{"href":"https:\/\/www.claret.cat\/es\/wp-json\/wp\/v2\/product"}],"about":[{"href":"https:\/\/www.claret.cat\/es\/wp-json\/wp\/v2\/types\/product"}],"wp:featuredmedia":[{"embeddable":true,"href":"https:\/\/www.claret.cat\/es\/wp-json\/wp\/v2\/media\/953619"}],"wp:attachment":[{"href":"https:\/\/www.claret.cat\/es\/wp-json\/wp\/v2\/media?parent=953618"}],"wp:term":[{"taxonomy":"product_brand","embeddable":true,"href":"https:\/\/www.claret.cat\/es\/wp-json\/wp\/v2\/product_brand?post=953618"},{"taxonomy":"product_cat","embeddable":true,"href":"https:\/\/www.claret.cat\/es\/wp-json\/wp\/v2\/product_cat?post=953618"},{"taxonomy":"product_tag","embeddable":true,"href":"https:\/\/www.claret.cat\/es\/wp-json\/wp\/v2\/product_tag?post=953618"}],"curies":[{"name":"wp","href":"https:\/\/api.w.org\/{rel}","templated":true}]}}