{"id":953836,"date":"2024-02-23T13:10:36","date_gmt":"2024-02-23T12:10:36","guid":{"rendered":"https:\/\/www.claret.cat\/llibre\/la-palma-9788418086243\/"},"modified":"2024-02-23T13:49:07","modified_gmt":"2024-02-23T12:49:07","slug":"la-palma-9788418086243","status":"publish","type":"product","link":"https:\/\/www.claret.cat\/es\/libro\/la-palma-9788418086243\/","title":{"rendered":"LA PALMA"},"content":{"rendered":"<p>La isla de La Palma, la m\u00e1s noroccidental del archipi\u00e9lago canario, con una superficie de 708\u00a0km2, tiene el 35 % de su superficie protegida. En la denominada \u00abisla Bonita\u00bb llaman la atenci\u00f3n el verdor a veces exuberante del paisaje, tapizado por la poderosa laurisilva, los barrancos y despe\u00f1aderos, la dulzura tranquila de los palmeros, cuya existencia se ha visto trastocada por la erupci\u00f3n, el 19 de septiembre de 2021, del volc\u00e1n de Cumbre Vieja, y la Caldera de Taburiente, un peculiar parque nacional formado por un enorme cr\u00e1ter de ocho kil\u00f3metros de di\u00e1metro y 1500 metros de profundidad.<\/p>\n","protected":false},"excerpt":{"rendered":"<p>BAUZ\u00c1 DE MIRAB\u00d3, CRISTINA<\/p>\n","protected":false},"featured_media":953837,"template":"","meta":{"_acf_changed":false,"om_disable_all_campaigns":false,"rs_blank_template":"","rs_page_bg_color":"","slide_template_v7":"","inline_featured_image":false,"_monsterinsights_skip_tracking":false,"_monsterinsights_sitenote_active":false,"_monsterinsights_sitenote_note":"","_monsterinsights_sitenote_category":0},"product_brand":[],"product_cat":[557,107],"product_tag":[],"class_list":{"0":"post-953836","1":"product","2":"type-product","3":"status-publish","4":"has-post-thumbnail","6":"product_cat-guias-de-viaje","7":"product_cat-guies-de-viatge","9":"first","10":"instock","11":"taxable","12":"shipping-taxable","13":"purchasable","14":"product-type-simple"},"acf":{"autor":"BAUZ\u00c1 DE MIRAB\u00d3, CRISTINA","codart":"841808624","libros-coleccion":"FORA DE COL.LECCI\u00d3","ediciones":"1","encuadernacion":"R\u00fastica","fecha_de_publicacion":"01\/06\/2022","novedad":"1","paginas":"167","subtitulo":"","orden":"0","portada":"0","idioma":"spa","editorial":[{"ID":147396,"post_author":"3","post_date":"2022-10-14 11:50:15","post_date_gmt":"2022-10-14 09:50:15","post_content":"","post_title":"Alhena F\u00e1brica de Contenidos","post_excerpt":"","post_status":"publish","comment_status":"closed","ping_status":"closed","post_password":"","post_name":"alhena-fabrica-de-contenidos","to_ping":"","pinged":"","post_modified":"2022-10-14 11:50:15","post_modified_gmt":"2022-10-14 09:50:15","post_content_filtered":"","post_parent":0,"guid":"http:\/\/dev.claret.cat\/editorial\/alhena-fabrica-de-contenidos\/","menu_order":0,"post_type":"editorial","post_mime_type":"","comment_count":"0","filter":"raw"}]},"aioseo_notices":[],"_links":{"self":[{"href":"https:\/\/www.claret.cat\/es\/wp-json\/wp\/v2\/product\/953836","targetHints":{"allow":["GET"]}}],"collection":[{"href":"https:\/\/www.claret.cat\/es\/wp-json\/wp\/v2\/product"}],"about":[{"href":"https:\/\/www.claret.cat\/es\/wp-json\/wp\/v2\/types\/product"}],"wp:featuredmedia":[{"embeddable":true,"href":"https:\/\/www.claret.cat\/es\/wp-json\/wp\/v2\/media\/953837"}],"wp:attachment":[{"href":"https:\/\/www.claret.cat\/es\/wp-json\/wp\/v2\/media?parent=953836"}],"wp:term":[{"taxonomy":"product_brand","embeddable":true,"href":"https:\/\/www.claret.cat\/es\/wp-json\/wp\/v2\/product_brand?post=953836"},{"taxonomy":"product_cat","embeddable":true,"href":"https:\/\/www.claret.cat\/es\/wp-json\/wp\/v2\/product_cat?post=953836"},{"taxonomy":"product_tag","embeddable":true,"href":"https:\/\/www.claret.cat\/es\/wp-json\/wp\/v2\/product_tag?post=953836"}],"curies":[{"name":"wp","href":"https:\/\/api.w.org\/{rel}","templated":true}]}}