{"id":954066,"date":"2024-02-27T15:45:28","date_gmt":"2024-02-27T14:45:28","guid":{"rendered":"https:\/\/www.claret.cat\/llibre\/que-me-he-perdido-9788408284642\/"},"modified":"2024-04-17T17:51:49","modified_gmt":"2024-04-17T15:51:49","slug":"que-me-he-perdido-9788408284642","status":"publish","type":"product","link":"https:\/\/www.claret.cat\/es\/libro\/que-me-he-perdido-9788408284642\/","title":{"rendered":"\u00bfQU\u00c9 ME HE PERDIDO?"},"content":{"rendered":"<p>La salud mental importa siempre, y en la adolescencia es clave para definir a los adultos que van a serEntender qu\u00e9 pasa por la cabeza de nuestros hijos es la clave para empatizar y poder ayudarlos a superar los momentos dif\u00edciles. La psicoterapeuta Lola \u00c1lvarez lleva m\u00e1s de treinta a\u00f1os trabajando con adolescentes y sus familias y, en todo este tiempo, ha visto c\u00f3mo los problemas psicol\u00f3gicos durante esta etapa del desarrollo se han ido haciendo m\u00e1s complejos, con lo cual es frecuente que padres y educadores no sepan c\u00f3mo abordarlos.\u00a0<br \/> Este es un libro necesario que trata la salud mental de la adolescencia en un sentido global, teniendo en cuenta el contexto social y familiar. Una aut\u00e9ntica gu\u00eda para detectar a tiempo desde problemas de conducta o de ansiedad hasta cuadros m\u00e1s complejos como la depresi\u00f3n, las autolesiones o las ideas de suicidio. Una obra con recomendaciones pr\u00e1cticas\u00a0para ayudar a los padres a\u00a0intervenir de forma efectiva.<br \/> La adolescencia es un periodo fluido y cambiante, y por complicada que parezca la situaci\u00f3n,\u00a0siempre hay una manera dialogada y accesible de reconducir las situaciones m\u00e1s problem\u00e1ticas.<br \/> \u00a1Nunca hay que rendirse!<\/p>\n","protected":false},"excerpt":{"rendered":"<p>\u00c1LVAREZ, LOLA<\/p>\n","protected":false},"featured_media":954160,"template":"","meta":{"_acf_changed":false,"om_disable_all_campaigns":false,"rs_blank_template":"","rs_page_bg_color":"","slide_template_v7":"","inline_featured_image":false,"_monsterinsights_skip_tracking":false,"_monsterinsights_sitenote_active":false,"_monsterinsights_sitenote_note":"","_monsterinsights_sitenote_category":0},"product_brand":[],"product_cat":[179,377,547,97],"product_tag":[],"class_list":{"0":"post-954066","1":"product","2":"type-product","3":"status-publish","4":"has-post-thumbnail","6":"product_cat-autoajuda-i-salut-mental","7":"product_cat-autoayuda-y-salud-mental","8":"product_cat-salud","9":"product_cat-salut","11":"first","12":"instock","13":"taxable","14":"shipping-taxable","15":"purchasable","16":"product-type-simple"},"acf":{"autor":"\u00c1LVAREZ, LOLA","codart":"840828464","libros-coleccion":"NO FICCION","ediciones":"1","encuadernacion":"R\u00fastica","fecha_de_publicacion":"01\/02\/2024","novedad":"1","paginas":"270","subtitulo":"C\u00d3MO AFRONTAR LOS PROBLEMAS DE SALUD MENTAL EN LA ADOLESCENCIA","orden":"0","portada":"0","idioma":"spa","editorial":[{"ID":6233,"post_author":"3","post_date":"2022-07-28 17:47:48","post_date_gmt":"2022-07-28 15:47:48","post_content":"","post_title":"EDITORIAL PLANETA","post_excerpt":"","post_status":"publish","comment_status":"closed","ping_status":"closed","post_password":"","post_name":"editorial-planeta","to_ping":"","pinged":"","post_modified":"2022-07-28 17:47:48","post_modified_gmt":"2022-07-28 15:47:48","post_content_filtered":"","post_parent":0,"guid":"http:\/\/dev.claret.cat\/editorial\/editorial-planeta\/","menu_order":0,"post_type":"editorial","post_mime_type":"","comment_count":"0","filter":"raw"}]},"aioseo_notices":[],"_links":{"self":[{"href":"https:\/\/www.claret.cat\/es\/wp-json\/wp\/v2\/product\/954066","targetHints":{"allow":["GET"]}}],"collection":[{"href":"https:\/\/www.claret.cat\/es\/wp-json\/wp\/v2\/product"}],"about":[{"href":"https:\/\/www.claret.cat\/es\/wp-json\/wp\/v2\/types\/product"}],"wp:featuredmedia":[{"embeddable":true,"href":"https:\/\/www.claret.cat\/es\/wp-json\/wp\/v2\/media\/954160"}],"wp:attachment":[{"href":"https:\/\/www.claret.cat\/es\/wp-json\/wp\/v2\/media?parent=954066"}],"wp:term":[{"taxonomy":"product_brand","embeddable":true,"href":"https:\/\/www.claret.cat\/es\/wp-json\/wp\/v2\/product_brand?post=954066"},{"taxonomy":"product_cat","embeddable":true,"href":"https:\/\/www.claret.cat\/es\/wp-json\/wp\/v2\/product_cat?post=954066"},{"taxonomy":"product_tag","embeddable":true,"href":"https:\/\/www.claret.cat\/es\/wp-json\/wp\/v2\/product_tag?post=954066"}],"curies":[{"name":"wp","href":"https:\/\/api.w.org\/{rel}","templated":true}]}}