{"id":954375,"date":"2024-02-29T13:25:04","date_gmt":"2024-02-29T12:25:04","guid":{"rendered":"https:\/\/www.claret.cat\/llibre\/roma-pequenos-exploradores-9788854055148\/"},"modified":"2025-02-04T17:22:26","modified_gmt":"2025-02-04T16:22:26","slug":"roma-pequenos-exploradores-9788854055148","status":"publish","type":"product","link":"https:\/\/www.claret.cat\/es\/libro\/roma-pequenos-exploradores-9788854055148\/","title":{"rendered":"ROMA &#8211; PEQUE\u00d1OS EXPLORADORES"},"content":{"rendered":"<p>Descubre los secretos de una de las ciudades m\u00e1s fascinantes del mundo con Vamos a descubrir Roma. Peque\u00f1os exploradores, una gu\u00eda dise\u00f1ada espec\u00edficamente para j\u00f3venes aventureros. Es la compa\u00f1era ideal para todos los ni\u00f1os que quieren sumergirse en la historia milenaria y las maravillas culturales de Roma.<br \/>Una gu\u00eda llena de animadas ilustraciones y textos cautivadores que los acompa\u00f1ar\u00e1 por los callejones hist\u00f3ricos, los monumentos m\u00e1s emblem\u00e1ticos y los tesoros escondidos de la Ciudad Eterna. Cada p\u00e1gina es una invitaci\u00f3n a explorar y aprender, desde aventuras en el Coliseo hasta curiosos descubrimientos en la Capilla Sixtina.<br \/>Elaborada con materiales de calidad, es una gu\u00eda resistente y f\u00e1cil de manejar, ideal para llevarla de paseo en familia. El formato es perfecto para manos peque\u00f1as y el texto es adecuado para leer juntos o para lectores principiantes.<br \/>Vamos a descubrir Roma. Peque\u00f1os exploradores no solo es una gu\u00eda, sino una experiencia educativa que estimula la curiosidad y el amor por aprender. Es perfecta para ni\u00f1os en edad escolar que est\u00e1n preparados para descubrir nuevas culturas y l<\/p>\n","protected":false},"excerpt":{"rendered":"<p>CELLI, DANIELA<\/p>\n","protected":false},"featured_media":954551,"template":"","meta":{"_acf_changed":false,"om_disable_all_campaigns":false,"rs_blank_template":"","rs_page_bg_color":"","slide_template_v7":"","inline_featured_image":false,"_monsterinsights_skip_tracking":false,"_monsterinsights_sitenote_active":false,"_monsterinsights_sitenote_note":"","_monsterinsights_sitenote_category":0},"product_brand":[],"product_cat":[132,362],"product_tag":[],"class_list":{"0":"post-954375","1":"product","2":"type-product","3":"status-publish","4":"has-post-thumbnail","6":"product_cat-lectures-per-preadolescents-6-12-anys","7":"product_cat-libros-preadolescentes-6-12-anos","9":"first","10":"instock","11":"taxable","12":"shipping-taxable","13":"purchasable","14":"product-type-simple"},"acf":{"autor":"CELLI, DANIELA","codart":"885405514","libros-coleccion":"FORA DE COL.LECCI\u00d3","ediciones":"1","encuadernacion":"Carton\u00e9","fecha_de_publicacion":"01\/02\/2024","novedad":"1","paginas":"48","subtitulo":"","orden":"0","portada":"0","idioma":"spa","editorial":[{"ID":148560,"post_author":"3","post_date":"2022-10-14 11:59:12","post_date_gmt":"2022-10-14 09:59:12","post_content":"","post_title":"National Geographic","post_excerpt":"","post_status":"publish","comment_status":"closed","ping_status":"closed","post_password":"","post_name":"national-geographic","to_ping":"","pinged":"","post_modified":"2022-10-14 11:59:12","post_modified_gmt":"2022-10-14 09:59:12","post_content_filtered":"","post_parent":0,"guid":"http:\/\/dev.claret.cat\/editorial\/national-geographic\/","menu_order":0,"post_type":"editorial","post_mime_type":"","comment_count":"0","filter":"raw"}]},"aioseo_notices":[],"_links":{"self":[{"href":"https:\/\/www.claret.cat\/es\/wp-json\/wp\/v2\/product\/954375","targetHints":{"allow":["GET"]}}],"collection":[{"href":"https:\/\/www.claret.cat\/es\/wp-json\/wp\/v2\/product"}],"about":[{"href":"https:\/\/www.claret.cat\/es\/wp-json\/wp\/v2\/types\/product"}],"wp:featuredmedia":[{"embeddable":true,"href":"https:\/\/www.claret.cat\/es\/wp-json\/wp\/v2\/media\/954551"}],"wp:attachment":[{"href":"https:\/\/www.claret.cat\/es\/wp-json\/wp\/v2\/media?parent=954375"}],"wp:term":[{"taxonomy":"product_brand","embeddable":true,"href":"https:\/\/www.claret.cat\/es\/wp-json\/wp\/v2\/product_brand?post=954375"},{"taxonomy":"product_cat","embeddable":true,"href":"https:\/\/www.claret.cat\/es\/wp-json\/wp\/v2\/product_cat?post=954375"},{"taxonomy":"product_tag","embeddable":true,"href":"https:\/\/www.claret.cat\/es\/wp-json\/wp\/v2\/product_tag?post=954375"}],"curies":[{"name":"wp","href":"https:\/\/api.w.org\/{rel}","templated":true}]}}