{"id":954505,"date":"2024-02-29T16:35:33","date_gmt":"2024-02-29T15:35:33","guid":{"rendered":"https:\/\/www.claret.cat\/llibre\/tatuajes-de-piratas-9788469640531\/"},"modified":"2025-03-03T10:20:22","modified_gmt":"2025-03-03T09:20:22","slug":"tatuajes-de-piratas-9788469640531","status":"publish","type":"product","link":"https:\/\/www.claret.cat\/es\/libro\/tatuajes-de-piratas-9788469640531\/","title":{"rendered":"TATUAJES DE PIRATAS"},"content":{"rendered":"<p>M\u00e1s de 50 tatuajes temporales de piratas, muchas ideas para usarlos \u00a1y para dise\u00f1ar tus propios tatuajes!En esta caja se incluyen m\u00e1s de 50 tatuajes incre\u00edbles de piratas y su fascinante mundo, que pueden durar varios d\u00edas sobre tu piel. La caja tambi\u00e9n incluye un cuaderno con un mont\u00f3n de ideas para crear tus propios tatuajes: colorear plantillas, dise\u00f1ar los que m\u00e1s te gusten&#8230; Adem\u00e1s, se explican detalles superchulos sobre los piratas.<\/p>\n","protected":false},"excerpt":{"rendered":"<p>LOTT, AMANDA<\/p>\n","protected":false},"featured_media":954506,"template":"","meta":{"_acf_changed":false,"om_disable_all_campaigns":false,"rs_blank_template":"","rs_page_bg_color":"","slide_template_v7":"","inline_featured_image":false,"_monsterinsights_skip_tracking":false,"_monsterinsights_sitenote_active":false,"_monsterinsights_sitenote_note":"","_monsterinsights_sitenote_category":0},"product_brand":[],"product_cat":[135,365],"product_tag":[],"class_list":{"0":"post-954505","1":"product","2":"type-product","3":"status-publish","4":"has-post-thumbnail","6":"product_cat-entreteniment","7":"product_cat-entretenimientos","9":"first","10":"instock","11":"taxable","12":"shipping-taxable","13":"purchasable","14":"product-type-simple"},"acf":{"autor":"LOTT, AMANDA","codart":"846964053","libros-coleccion":"Castellano - A Partir De 3 A\u00f1os - Manipu","ediciones":"1","encuadernacion":"Carton\u00e9","fecha_de_publicacion":"01\/02\/2024","novedad":"1","paginas":"12","subtitulo":"","orden":"0","portada":"0","idioma":"spa","editorial":[{"ID":147936,"post_author":"3","post_date":"2022-10-14 11:54:22","post_date_gmt":"2022-10-14 09:54:22","post_content":"","post_title":"Editorial Bru\u00f1o","post_excerpt":"","post_status":"publish","comment_status":"closed","ping_status":"closed","post_password":"","post_name":"editorial-bruno","to_ping":"","pinged":"","post_modified":"2022-10-14 11:54:22","post_modified_gmt":"2022-10-14 09:54:22","post_content_filtered":"","post_parent":0,"guid":"http:\/\/dev.claret.cat\/editorial\/editorial-bruno\/","menu_order":0,"post_type":"editorial","post_mime_type":"","comment_count":"0","filter":"raw"}]},"aioseo_notices":[],"_links":{"self":[{"href":"https:\/\/www.claret.cat\/es\/wp-json\/wp\/v2\/product\/954505","targetHints":{"allow":["GET"]}}],"collection":[{"href":"https:\/\/www.claret.cat\/es\/wp-json\/wp\/v2\/product"}],"about":[{"href":"https:\/\/www.claret.cat\/es\/wp-json\/wp\/v2\/types\/product"}],"wp:featuredmedia":[{"embeddable":true,"href":"https:\/\/www.claret.cat\/es\/wp-json\/wp\/v2\/media\/954506"}],"wp:attachment":[{"href":"https:\/\/www.claret.cat\/es\/wp-json\/wp\/v2\/media?parent=954505"}],"wp:term":[{"taxonomy":"product_brand","embeddable":true,"href":"https:\/\/www.claret.cat\/es\/wp-json\/wp\/v2\/product_brand?post=954505"},{"taxonomy":"product_cat","embeddable":true,"href":"https:\/\/www.claret.cat\/es\/wp-json\/wp\/v2\/product_cat?post=954505"},{"taxonomy":"product_tag","embeddable":true,"href":"https:\/\/www.claret.cat\/es\/wp-json\/wp\/v2\/product_tag?post=954505"}],"curies":[{"name":"wp","href":"https:\/\/api.w.org\/{rel}","templated":true}]}}