{"id":954594,"date":"2024-02-29T17:56:08","date_gmt":"2024-02-29T16:56:08","guid":{"rendered":"https:\/\/www.claret.cat\/llibre\/la-distancia-que-ens-separa-9788412793055\/"},"modified":"2026-03-23T13:16:45","modified_gmt":"2026-03-23T12:16:45","slug":"la-distancia-que-ens-separa-9788412793055","status":"publish","type":"product","link":"https:\/\/www.claret.cat\/es\/libro\/la-distancia-que-ens-separa-9788412793055\/","title":{"rendered":"LA DIST\u00c0NCIA QUE ENS SEPARA"},"content":{"rendered":"<p>La Stella, jove i plena d&#8217;energia, fuig de Londres per enfrontar-se a un secret d&#8217;infantesa que li va marcar la vida i va fer que el seu dest\u00ed qued\u00e9s lligat per sempre al de la seva germana Nina. A l&#8217;altra banda del m\u00f3n, en Jake celebra el cap d&#8217;any xin\u00e8s, per\u00f2 un seguit de circumst\u00e0ncies tr\u00e0giques i una boda precipitada el duran des de Hong Kong fins al Regne Unit, on comen\u00e7ar\u00e0 la recerca del pare que no va con\u00e8ixer mai. Quan en Jake i la Stella<br \/> es troben, les vides de tots dos canvien definitivament, per\u00f2 no sense que el passat de la Stella surti dolorosament a la llum.<br \/> La dist\u00e0ncia que ens separa \u00e9s una obra addictiva i fascinant sobre vides paral\u00b7leles, identitats despla\u00e7ades, secrets de fam\u00edlia i el pes inexorable del passat.<\/p>\n","protected":false},"excerpt":{"rendered":"<p>O&#8217;FARRELL, MAGGIE<\/p>\n","protected":false},"featured_media":954623,"template":"","meta":{"_acf_changed":false,"om_disable_all_campaigns":false,"rs_blank_template":"","rs_page_bg_color":"","slide_template_v7":"","inline_featured_image":false,"_monsterinsights_skip_tracking":false,"_monsterinsights_sitenote_active":false,"_monsterinsights_sitenote_note":"","_monsterinsights_sitenote_category":0},"product_brand":[],"product_cat":[89,127,357],"product_tag":[],"class_list":{"0":"post-954594","1":"product","2":"type-product","3":"status-publish","4":"has-post-thumbnail","6":"product_cat-els-mes-venuts","7":"product_cat-novella-contemporania","8":"product_cat-novela-contemporanea","10":"first","11":"instock","12":"taxable","13":"shipping-taxable","14":"purchasable","15":"product-type-simple"},"acf":{"autor":"O'FARRELL, MAGGIE","codart":"841279305","libros-coleccion":"","ediciones":"1","encuadernacion":"R\u00fastica","fecha_de_publicacion":"01\/02\/2024","novedad":"1","paginas":"352","subtitulo":"","orden":"6","portada":"1","idioma":"cat","editorial":[{"ID":8251,"post_author":"3","post_date":"2022-09-30 09:21:29","post_date_gmt":"2022-09-30 07:21:29","post_content":"","post_title":"L'ALTRA EDITORIAL","post_excerpt":"","post_status":"publish","comment_status":"closed","ping_status":"closed","post_password":"","post_name":"laltra-editorial-3","to_ping":"","pinged":"","post_modified":"2022-09-30 09:21:29","post_modified_gmt":"2022-09-30 07:21:29","post_content_filtered":"","post_parent":0,"guid":"http:\/\/dev.claret.cat\/editorial\/laltra-editorial-3\/","menu_order":0,"post_type":"editorial","post_mime_type":"","comment_count":"0","filter":"raw"}],"booktrailer":"","linkebook":"","ficha":"","muestra":"","precioebook":"0","presentacion":"","resenas":""},"aioseo_notices":[],"_links":{"self":[{"href":"https:\/\/www.claret.cat\/es\/wp-json\/wp\/v2\/product\/954594","targetHints":{"allow":["GET"]}}],"collection":[{"href":"https:\/\/www.claret.cat\/es\/wp-json\/wp\/v2\/product"}],"about":[{"href":"https:\/\/www.claret.cat\/es\/wp-json\/wp\/v2\/types\/product"}],"wp:featuredmedia":[{"embeddable":true,"href":"https:\/\/www.claret.cat\/es\/wp-json\/wp\/v2\/media\/954623"}],"wp:attachment":[{"href":"https:\/\/www.claret.cat\/es\/wp-json\/wp\/v2\/media?parent=954594"}],"wp:term":[{"taxonomy":"product_brand","embeddable":true,"href":"https:\/\/www.claret.cat\/es\/wp-json\/wp\/v2\/product_brand?post=954594"},{"taxonomy":"product_cat","embeddable":true,"href":"https:\/\/www.claret.cat\/es\/wp-json\/wp\/v2\/product_cat?post=954594"},{"taxonomy":"product_tag","embeddable":true,"href":"https:\/\/www.claret.cat\/es\/wp-json\/wp\/v2\/product_tag?post=954594"}],"curies":[{"name":"wp","href":"https:\/\/api.w.org\/{rel}","templated":true}]}}