{"id":954649,"date":"2024-03-03T10:18:35","date_gmt":"2024-03-03T09:18:35","guid":{"rendered":"https:\/\/www.claret.cat\/llibre\/siglos-xixxxi-el-final-del-causismo-y-el-inicio-de-un-nuevo-paradigma-teologico-9788428408592\/"},"modified":"2024-03-08T10:45:15","modified_gmt":"2024-03-08T09:45:15","slug":"siglos-xixxxi-el-final-del-causismo-y-el-inicio-de-un-nuevo-paradigma-teologico-9788428408592","status":"publish","type":"product","link":"https:\/\/www.claret.cat\/es\/libro\/siglos-xixxxi-el-final-del-causismo-y-el-inicio-de-un-nuevo-paradigma-teologico-9788428408592\/","title":{"rendered":"SIGLOS XIX-XXI EL FINAL DEL CAUSISMO Y EL INICIO DE UN NUEVO PARADIGMA TEOL\u00d3GICO"},"content":{"rendered":"","protected":false},"excerpt":{"rendered":"<p>VIDAL GARC\u00cdA, MARCIANO<\/p>\n","protected":false},"featured_media":954650,"template":"","meta":{"_acf_changed":false,"om_disable_all_campaigns":false,"rs_blank_template":"","rs_page_bg_color":"","slide_template_v7":"","inline_featured_image":false,"_monsterinsights_skip_tracking":false,"_monsterinsights_sitenote_active":false,"_monsterinsights_sitenote_note":"","_monsterinsights_sitenote_category":0},"product_brand":[],"product_cat":[288,514],"product_tag":[],"class_list":{"0":"post-954649","1":"product","2":"type-product","3":"status-publish","4":"has-post-thumbnail","6":"product_cat-moral-fonamental","7":"product_cat-moral-fundamental","9":"first","10":"instock","11":"taxable","12":"shipping-taxable","13":"purchasable","14":"product-type-simple"},"acf":{"autor":"VIDAL GARC\u00cdA, MARCIANO","codart":"842840859","libros-coleccion":"FORA DE COL.LECCI\u00d3","ediciones":"1","encuadernacion":"Carton\u00e9","fecha_de_publicacion":"01\/09\/2023","novedad":"1","paginas":"1008","subtitulo":"","orden":"0","portada":"0","idioma":"spa","editorial":[{"ID":148078,"post_author":"3","post_date":"2022-10-14 11:55:28","post_date_gmt":"2022-10-14 09:55:28","post_content":"","post_title":"EL PERPETUO SOCORRO","post_excerpt":"","post_status":"publish","comment_status":"closed","ping_status":"closed","post_password":"","post_name":"el-perpetuo-socorro","to_ping":"","pinged":"","post_modified":"2022-10-14 11:55:28","post_modified_gmt":"2022-10-14 09:55:28","post_content_filtered":"","post_parent":0,"guid":"http:\/\/dev.claret.cat\/editorial\/el-perpetuo-socorro\/","menu_order":0,"post_type":"editorial","post_mime_type":"","comment_count":"0","filter":"raw"}]},"aioseo_notices":[],"_links":{"self":[{"href":"https:\/\/www.claret.cat\/es\/wp-json\/wp\/v2\/product\/954649","targetHints":{"allow":["GET"]}}],"collection":[{"href":"https:\/\/www.claret.cat\/es\/wp-json\/wp\/v2\/product"}],"about":[{"href":"https:\/\/www.claret.cat\/es\/wp-json\/wp\/v2\/types\/product"}],"wp:featuredmedia":[{"embeddable":true,"href":"https:\/\/www.claret.cat\/es\/wp-json\/wp\/v2\/media\/954650"}],"wp:attachment":[{"href":"https:\/\/www.claret.cat\/es\/wp-json\/wp\/v2\/media?parent=954649"}],"wp:term":[{"taxonomy":"product_brand","embeddable":true,"href":"https:\/\/www.claret.cat\/es\/wp-json\/wp\/v2\/product_brand?post=954649"},{"taxonomy":"product_cat","embeddable":true,"href":"https:\/\/www.claret.cat\/es\/wp-json\/wp\/v2\/product_cat?post=954649"},{"taxonomy":"product_tag","embeddable":true,"href":"https:\/\/www.claret.cat\/es\/wp-json\/wp\/v2\/product_tag?post=954649"}],"curies":[{"name":"wp","href":"https:\/\/api.w.org\/{rel}","templated":true}]}}