{"id":954706,"date":"2024-03-03T10:27:47","date_gmt":"2024-03-03T09:27:47","guid":{"rendered":"https:\/\/www.claret.cat\/llibre\/contes-magnetics-laneguet-lleig-9788412730265\/"},"modified":"2024-04-11T11:32:13","modified_gmt":"2024-04-11T09:32:13","slug":"contes-magnetics-laneguet-lleig-9788412730265","status":"publish","type":"product","link":"https:\/\/www.claret.cat\/es\/libro\/contes-magnetics-laneguet-lleig-9788412730265\/","title":{"rendered":"CONTES MAGN\u00c8TICS: L&#8217;ANEGUET LLEIG"},"content":{"rendered":"<p>Una colecci\u00f3n de cuentos cl\u00e1sicos con imanes para completar las historias.<\/p>\n<p> Descobreix tots els colors que troba l&#8221;aneguet lleig mentre viu la seva aventura i completa la hist\u00f2ria amb els imants inclosos en aquest llibre. Quan acabis,<br \/> torna a comen\u00e7ar i canvia les escenes els cops que vulguis!<\/p>\n<p> Aquest llibre inclou: conte + consignes per completar les escenes + 15 imants<\/p>\n","protected":false},"excerpt":{"rendered":"<p>ELS EDITORS DE CATAPULTA<\/p>\n","protected":false},"featured_media":954707,"template":"","meta":{"_acf_changed":false,"om_disable_all_campaigns":false,"rs_blank_template":"","rs_page_bg_color":"","slide_template_v7":"","inline_featured_image":false,"_monsterinsights_skip_tracking":false,"_monsterinsights_sitenote_active":false,"_monsterinsights_sitenote_note":"","_monsterinsights_sitenote_category":0},"product_brand":[],"product_cat":[131,361],"product_tag":[],"class_list":{"0":"post-954706","1":"product","2":"type-product","3":"status-publish","4":"has-post-thumbnail","6":"product_cat-contes-per-infants-0-6-anys","7":"product_cat-cuentos-para-ninos-0-6-anos","9":"first","10":"instock","11":"taxable","12":"shipping-taxable","13":"purchasable","14":"product-type-simple"},"acf":{"autor":"ELS EDITORS DE CATAPULTA","codart":"841273026","libros-coleccion":"FORA DE COL.LECCI\u00d3","ediciones":"1","encuadernacion":"Carton\u00e9","fecha_de_publicacion":"01\/03\/2024","novedad":"1","paginas":"12","subtitulo":"","orden":"0","portada":"0","idioma":"cat","editorial":[{"ID":8225,"post_author":"3","post_date":"2022-09-30 09:21:13","post_date_gmt":"2022-09-30 07:21:13","post_content":"","post_title":"CATAPULTA EDITORES","post_excerpt":"","post_status":"publish","comment_status":"closed","ping_status":"closed","post_password":"","post_name":"catapulta-editores","to_ping":"","pinged":"","post_modified":"2022-09-30 09:21:13","post_modified_gmt":"2022-09-30 07:21:13","post_content_filtered":"","post_parent":0,"guid":"http:\/\/dev.claret.cat\/editorial\/catapulta-editores\/","menu_order":0,"post_type":"editorial","post_mime_type":"","comment_count":"0","filter":"raw"}]},"aioseo_notices":[],"_links":{"self":[{"href":"https:\/\/www.claret.cat\/es\/wp-json\/wp\/v2\/product\/954706","targetHints":{"allow":["GET"]}}],"collection":[{"href":"https:\/\/www.claret.cat\/es\/wp-json\/wp\/v2\/product"}],"about":[{"href":"https:\/\/www.claret.cat\/es\/wp-json\/wp\/v2\/types\/product"}],"wp:featuredmedia":[{"embeddable":true,"href":"https:\/\/www.claret.cat\/es\/wp-json\/wp\/v2\/media\/954707"}],"wp:attachment":[{"href":"https:\/\/www.claret.cat\/es\/wp-json\/wp\/v2\/media?parent=954706"}],"wp:term":[{"taxonomy":"product_brand","embeddable":true,"href":"https:\/\/www.claret.cat\/es\/wp-json\/wp\/v2\/product_brand?post=954706"},{"taxonomy":"product_cat","embeddable":true,"href":"https:\/\/www.claret.cat\/es\/wp-json\/wp\/v2\/product_cat?post=954706"},{"taxonomy":"product_tag","embeddable":true,"href":"https:\/\/www.claret.cat\/es\/wp-json\/wp\/v2\/product_tag?post=954706"}],"curies":[{"name":"wp","href":"https:\/\/api.w.org\/{rel}","templated":true}]}}