{"id":9549,"date":"2022-09-30T19:40:18","date_gmt":"2022-09-30T17:40:18","guid":{"rendered":"http:\/\/dev.claret.cat\/producte\/el-congres-de-cultura-catalana\/"},"modified":"2023-01-28T23:53:21","modified_gmt":"2023-01-28T22:53:21","slug":"el-congres-de-cultura-catalana-9788416260850","status":"publish","type":"product","link":"https:\/\/www.claret.cat\/es\/libro\/el-congres-de-cultura-catalana-9788416260850\/","title":{"rendered":"EL CONGR\u00c9S DE CULTURA CATALANA"},"content":{"rendered":"<p>Uns dels actes m\u00e9s rellevants de la commemoraci\u00f3 dels 40 anys del Congr\u00e9s de Cultura Catalana fou la realitzaci\u00f3 d&#8217;un simposi on es van analitzar el Congr\u00e9s en el context de la Transici\u00f3 sota el t\u00edtol d&#8217;\u00abEl Congr\u00e9s de Cultura Catalana. Hist\u00f2ria i balan\u00e7 (1975-1977)\u00bb. Les pon\u00e8ncies conformen en conjunt aquest llibre, que vol ser una primera aportaci\u00f3 global a l&#8217;an\u00e0lisi hist\u00f2rica i sociol\u00f2gica del Congr\u00e9s. \u00c9s, doncs, un llibre que situa el Congr\u00e9s en aquest marc d&#8217;an\u00e0lisi, per\u00f2 no deixa de banda una vessant testimonial que, despr\u00e9s de quaranta anys, encara serveix per posar el focus en alguns aspectes com ara la intrahist\u00f2ria i l&#8217;experi\u00e8ncia viscuda pels mateixos participants.<br \/>La hist\u00f2ria i la significaci\u00f3 del Congr\u00e9s de Cultura Catalana han quedat soterrades durant molts anys, nom\u00e9s guardades en un llibre interessant de Jaume Fuster sobre el Congr\u00e9s. Quaranta anys despr\u00e9s, la Transici\u00f3 ha esdevingut un passat hist\u00f2ric, perqu\u00e8 hi ha noves generacions que no l&#8217;han viscuda. La Transici\u00f3 ja no \u00e9s all\u00f2 que recorden els que la van viure, sin\u00f3 all\u00f2 que els estudiants coneixen a trav\u00e9s dels llibres de text i dels documentals televisius. L&#8217;inici del segle XXI coincideix amb un canvi generacional important en tots els \u00e0mbits de la societat i la pol\u00edtica, amb l&#8217;aparici\u00f3 d&#8217;una nova generaci\u00f3 post-Transici\u00f3. L&#8217;estudi del Congr\u00e9s de Cultura Catalana permet copsar aspectes molt rellevants del canvi que va comportar la Transici\u00f3 pol\u00edtica des del punt de vista social i cultural, per\u00f2 sobretot des del punt de vista de les cosmovisions del moviment catalanista. El Congr\u00e9s va fer possible parlar amb normalitat, per exemple, de l&#8217;oficialitat del catal\u00e0 (no pas sense debats ni conflictes interns) o de l&#8217;articulaci\u00f3 territorial dels Pa\u00efsos Catalans. En els anys 1976 i 1977 aix\u00f2 no era pas banal.<\/p>\n","protected":false},"excerpt":{"rendered":"<p>ROVIRA MART\u00cdNEZ, MARTA<\/p>\n","protected":false},"featured_media":66388,"template":"","meta":{"_acf_changed":false,"om_disable_all_campaigns":false,"rs_blank_template":"","rs_page_bg_color":"","slide_template_v7":"","inline_featured_image":false,"_monsterinsights_skip_tracking":false,"_monsterinsights_sitenote_active":false,"_monsterinsights_sitenote_note":"","_monsterinsights_sitenote_category":0},"product_brand":[],"product_cat":[153],"product_tag":[],"class_list":{"0":"post-9549","1":"product","2":"type-product","3":"status-publish","4":"has-post-thumbnail","6":"product_cat-catalunya","8":"first","9":"instock","10":"taxable","11":"shipping-taxable","12":"purchasable","13":"product-type-simple"},"acf":{"autor":"ROVIRA MART\u00cdNEZ, MARTA","codart":"841626085","libros-coleccion":"Llibres del Contemporani","ediciones":"1","encuadernacion":"R\u00fastica","fecha_de_publicacion":"01\/03\/2020","novedad":"1","paginas":"242","subtitulo":"HIST\u00d2RIA I BALAN\u00c7 (1975-1977)","orden":"0","portada":"0","idioma":"cat","editorial":[{"ID":147913,"post_author":"3","post_date":"2022-10-14 11:54:12","post_date_gmt":"2022-10-14 09:54:12","post_content":"","post_title":"EDITORIAL AFERS","post_excerpt":"","post_status":"publish","comment_status":"closed","ping_status":"closed","post_password":"","post_name":"editorial-afers","to_ping":"","pinged":"","post_modified":"2022-10-14 11:54:12","post_modified_gmt":"2022-10-14 09:54:12","post_content_filtered":"","post_parent":0,"guid":"http:\/\/dev.claret.cat\/editorial\/editorial-afers\/","menu_order":0,"post_type":"editorial","post_mime_type":"","comment_count":"0","filter":"raw"}],"autores-libros":[{"ID":164214,"post_author":"3","post_date":"2022-10-14 17:45:17","post_date_gmt":"2022-10-14 15:45:17","post_content":"","post_title":"MARTA ROVIRA MART\u00cdNEZ","post_excerpt":"","post_status":"publish","comment_status":"closed","ping_status":"closed","post_password":"","post_name":"marta-rovira-martinez","to_ping":"","pinged":"","post_modified":"2022-10-14 17:45:17","post_modified_gmt":"2022-10-14 15:45:17","post_content_filtered":"","post_parent":0,"guid":"http:\/\/dev.claret.cat\/autor\/marta-rovira-martinez\/","menu_order":0,"post_type":"autor","post_mime_type":"","comment_count":"0","filter":"raw"}]},"aioseo_notices":[],"_links":{"self":[{"href":"https:\/\/www.claret.cat\/es\/wp-json\/wp\/v2\/product\/9549","targetHints":{"allow":["GET"]}}],"collection":[{"href":"https:\/\/www.claret.cat\/es\/wp-json\/wp\/v2\/product"}],"about":[{"href":"https:\/\/www.claret.cat\/es\/wp-json\/wp\/v2\/types\/product"}],"wp:featuredmedia":[{"embeddable":true,"href":"https:\/\/www.claret.cat\/es\/wp-json\/wp\/v2\/media\/66388"}],"wp:attachment":[{"href":"https:\/\/www.claret.cat\/es\/wp-json\/wp\/v2\/media?parent=9549"}],"wp:term":[{"taxonomy":"product_brand","embeddable":true,"href":"https:\/\/www.claret.cat\/es\/wp-json\/wp\/v2\/product_brand?post=9549"},{"taxonomy":"product_cat","embeddable":true,"href":"https:\/\/www.claret.cat\/es\/wp-json\/wp\/v2\/product_cat?post=9549"},{"taxonomy":"product_tag","embeddable":true,"href":"https:\/\/www.claret.cat\/es\/wp-json\/wp\/v2\/product_tag?post=9549"}],"curies":[{"name":"wp","href":"https:\/\/api.w.org\/{rel}","templated":true}]}}