{"id":955090,"date":"2024-03-04T19:50:44","date_gmt":"2024-03-04T18:50:44","guid":{"rendered":"https:\/\/www.claret.cat\/llibre\/la-missa-cor-de-lesglesia-9788491651376\/"},"modified":"2024-12-14T18:12:09","modified_gmt":"2024-12-14T17:12:09","slug":"la-missa-cor-de-lesglesia-9788491651376","status":"publish","type":"product","link":"https:\/\/www.claret.cat\/es\/libro\/la-missa-cor-de-lesglesia-9788491651376\/","title":{"rendered":"LA MISSA, COR DE L&#8217;ESGL\u00c9SIA"},"content":{"rendered":"<p>Amb la quinzena de catequesis sobre l&#8217;Eucaristia, que el Sant Pare va oferir des del novembre de 2017 fins a l&#8217;abril de 2018 en el marc de les Audi\u00e8ncies Generals dels dimecres a Roma, som convidats a aprofundir en el sagrament m\u00e9s significatiu de la vida cristiana, que configura les nostres comunitats i pel qual som adre\u00e7ats a anunciar l&#8217;Evangeli al m\u00f3n. Amb el llenguatge f\u00e0cil, am\u00e8 i accessible a tothom que li \u00e9s caracter\u00edstic, el bisbe de Roma fa un trajecte pedag\u00f2gic per totes les parts de la missa i ens convida a participar m\u00e9s conscientment i amb m\u00e9s intensitat en la missa dominical.<\/p>\n","protected":false},"excerpt":{"rendered":"<p>PAPA FRANCESC<\/p>\n","protected":false},"featured_media":955106,"template":"","meta":{"_acf_changed":false,"om_disable_all_campaigns":false,"rs_blank_template":"","rs_page_bg_color":"","slide_template_v7":"","inline_featured_image":false,"_monsterinsights_skip_tracking":false,"_monsterinsights_sitenote_active":false,"_monsterinsights_sitenote_note":"","_monsterinsights_sitenote_category":0},"product_brand":[],"product_cat":[485,232,307,543,93,345,79,78,344],"product_tag":[],"class_list":{"0":"post-955090","1":"product","2":"type-product","3":"status-publish","4":"has-post-thumbnail","6":"product_cat-autores-espiritualidad-1_espiritualidad","7":"product_cat-autors-espiritualitat","8":"product_cat-catala","9":"product_cat-eclesiologia-es","10":"product_cat-eclesiologia","11":"product_cat-espiritualidad","12":"product_cat-espiritualitat","13":"product_cat-pastoral","14":"product_cat-pastoral-1_espiritualidad","16":"first","17":"instock","18":"taxable","19":"shipping-taxable","20":"purchasable","21":"product-type-simple"},"acf":{"autor":"PAPA FRANCESC","codart":"849165137","libros-coleccion":"LLIBRES VARIS","ediciones":"1","encuadernacion":"R\u00fastica","fecha_de_publicacion":"11\/05\/2018","novedad":"1","paginas":"72","subtitulo":"CATEQUESIS DEL PAPA FRANCESC","orden":"1000","portada":"0","idioma":"cat","editorial":[{"ID":6172,"post_author":"3","post_date":"2022-07-28 17:46:27","post_date_gmt":"2022-07-28 15:46:27","post_content":"","post_title":"CPL","post_excerpt":"","post_status":"publish","comment_status":"closed","ping_status":"closed","post_password":"","post_name":"cpl","to_ping":"","pinged":"","post_modified":"2022-07-28 17:46:27","post_modified_gmt":"2022-07-28 15:46:27","post_content_filtered":"","post_parent":0,"guid":"http:\/\/dev.claret.cat\/editorial\/cpl\/","menu_order":0,"post_type":"editorial","post_mime_type":"","comment_count":"0","filter":"raw"}],"autores-libros":[{"ID":361202,"post_author":"3","post_date":"2023-01-15 07:18:00","post_date_gmt":"2023-01-15 06:18:00","post_content":"El <strong>Papa Francesc<\/strong>, Jorge Mario Bergoglio (Buenos Aires, 17 de desembre de 1936),<strong>\u00a0<\/strong>\u00e9s el m\u00e0xim representant de l'Esgl\u00e9sia Cat\u00f2lica, sent el primer pont\u00edfex americ\u00e0 i el primer Papa no europeu des de l'any 741. Va entrar al noviciat de l'orde jesu\u00efta de Santiago de Xile, on es llicenci\u00e0 en humanitats. Ordenat sacerdot l'any 1969, va tenir una llarga traject\u00f2ria dins l'orde religi\u00f3s, arribant a ser provincial. Abans d'arribar al Vatic\u00e0 com a cardenal, va ser arquebisbe de Buenos Aires.\r\n\r\nEl 13 de mar\u00e7 de 2013 va resultar elegit pont\u00edfex despr\u00e9s de la ren\u00fancia al c\u00e0rrec de Benet XVI, pels cardenals que van votar en el conclave.\r\n\r\nCom a pont\u00edfex, el Papa Francesc ha redactat les enc\u00edcliques <strong><a href=\"https:\/\/www.editorialclaret.cat\/producte\/la-llum-de-la-fe-lumen-fidei-9788498467796\/?c\"><em>Lumen Fidei<\/em><\/a><\/strong> (2013),<em> <a href=\"https:\/\/www.editorialclaret.cat\/producte\/lloat-sigueu-laudato-si-enciclica-9788498469417\/?c\"><strong>Laudato si<\/strong><\/a> (<\/em>2015) i <em><a href=\"https:\/\/www.editorialclaret.cat\/producte\/fratelli-tutti-germans-tots-9788491363101\/?c\"><strong>Fratelli Tutti<\/strong><\/a><\/em> (2020). Tamb\u00e9 ha escrit diverses constitucions i exhortacions apost\u00f2liques com<a href=\"https:\/\/www.editorialclaret.cat\/producte\/la-joia-de-levangeli-evangelii-gaudium-9788498468281\/?c\"><em><strong>\u00a0Evangelii Gaudium<\/strong><\/em><\/a> (2013), <em><a href=\"https:\/\/www.claret.cat\/llibre\/amoris-laetitia-9788490732397\/?c=\"><strong>Amoris Laetitia<\/strong><\/a><\/em> (2016), <a href=\"https:\/\/www.claret.cat\/llibre\/constitucio-apostolica-vultum-dei-quaerere-sobre-la-vida-contemplativa-femenina-9788498465471\/?c=\"><strong><em>Vultum Dei quaerere<\/em><\/strong><\/a> (2016), Gaudete et exultate (2018), <a href=\"https:\/\/www.claret.cat\/llibre\/veritatis-gaudium-la-alegria-de-la-verdad-9788428554800\/?c=\"><em><strong>Veritatis gaudium<\/strong><\/em><\/a> (2018) o <a href=\"https:\/\/www.claret.cat\/llibre\/praedicate-evangelium-predicad-el-evangelio-9788428567060\/?c=\"><em><strong>Praedicate Evangelium<\/strong><\/em><\/a> (2022).","post_title":"PAPA FRANCESC","post_excerpt":"","post_status":"publish","comment_status":"closed","ping_status":"closed","post_password":"","post_name":"papa-francesc-3","to_ping":"","pinged":"","post_modified":"2024-07-05 10:25:59","post_modified_gmt":"2024-07-05 08:25:59","post_content_filtered":"","post_parent":0,"guid":"https:\/\/www.claret.cat\/autor\/papa-francesc-3\/","menu_order":0,"post_type":"autor","post_mime_type":"","comment_count":"0","filter":"raw"}],"traductores-libros":"","ilustradores-libros":"","formato":"","linkebook":"","precioebook":"0","ebookportada":false,"ficha":"","muestra":"","presentacion":"","booktrailer":"","resenas":"","recomendamos":"","mas_vendido":""},"aioseo_notices":[],"_links":{"self":[{"href":"https:\/\/www.claret.cat\/es\/wp-json\/wp\/v2\/product\/955090","targetHints":{"allow":["GET"]}}],"collection":[{"href":"https:\/\/www.claret.cat\/es\/wp-json\/wp\/v2\/product"}],"about":[{"href":"https:\/\/www.claret.cat\/es\/wp-json\/wp\/v2\/types\/product"}],"wp:featuredmedia":[{"embeddable":true,"href":"https:\/\/www.claret.cat\/es\/wp-json\/wp\/v2\/media\/955106"}],"wp:attachment":[{"href":"https:\/\/www.claret.cat\/es\/wp-json\/wp\/v2\/media?parent=955090"}],"wp:term":[{"taxonomy":"product_brand","embeddable":true,"href":"https:\/\/www.claret.cat\/es\/wp-json\/wp\/v2\/product_brand?post=955090"},{"taxonomy":"product_cat","embeddable":true,"href":"https:\/\/www.claret.cat\/es\/wp-json\/wp\/v2\/product_cat?post=955090"},{"taxonomy":"product_tag","embeddable":true,"href":"https:\/\/www.claret.cat\/es\/wp-json\/wp\/v2\/product_tag?post=955090"}],"curies":[{"name":"wp","href":"https:\/\/api.w.org\/{rel}","templated":true}]}}