{"id":955121,"date":"2024-03-05T12:10:12","date_gmt":"2024-03-05T11:10:12","guid":{"rendered":"https:\/\/www.claret.cat\/llibre\/rumbo-a-itaca-9788413613154\/"},"modified":"2024-03-05T13:45:16","modified_gmt":"2024-03-05T12:45:16","slug":"rumbo-a-itaca-9788413613154","status":"publish","type":"product","link":"https:\/\/www.claret.cat\/es\/libro\/rumbo-a-itaca-9788413613154\/","title":{"rendered":"RUMBO A ITACA"},"content":{"rendered":"<p>Un viaje inici\u00e1tico para redescubrir el asombro del que naci\u00f3 la filosof\u00eda, a trav\u00e9s de la historia, la cultura y el pensamiento de la Grecia cl\u00e1sica.<\/p>\n<p> Rumbo a \u00cdtaca propone un viaje de descubrimiento, a trav\u00e9s de la historia de la Grecia cl\u00e1sica y en busca de los or\u00edgenes y primeros pasos de la filosof\u00eda occidental; logros condensados en sentencias que compendian mucho de lo que aquellos pioneros fueron capaces de legar a las generaciones futuras. <\/p>\n<p> Ulises y su viaje de retorno a la patria son met\u00e1fora del esp\u00edritu que se pretende alimentar en el lector: el gusto por la traves\u00eda, antes que por la llegada; la demora complaciente ante las grandes preguntas y la parsimonia para no reclamar respuestas precipitadas. Porque filosofar se parece m\u00e1s bien a peregrinar hacia \u00cdtaca siguiendo el manual de instrucciones del c\u00e9lebre poema de Kavafis; sabiendo que la playa a la que so\u00f1amos arribar se aleja de nosotros siempre que estamos seguros de hallarnos pr\u00f3ximos a ella. Pero sin desesperarnos, antes bien, aprovechando la larga e incierta traves\u00eda para crecer espiritualmente. <\/p>\n<p> El libro arranca en aquel universo mitol\u00f3gico arcaico cuya quiebra har\u00eda posible el nacimiento de la filosof\u00eda griega, transita por el mundo que recorrieron y pensaron Tales de Mileto, Pit\u00e1goras, Her\u00e1clito, Parm\u00e9nides, Prot\u00e1goras, S\u00f3crates, Di\u00f3genes de S\u00ednope, Plat\u00f3n, Hip\u00f3crates o Arist\u00f3teles, y se cierra con la muerte de Alejandro Magno y la extinci\u00f3n de aquella cultura de las ciudades-estado que le vio nacer y que \u00e9l mismo destruy\u00f3. A partir de ese punto, ya nada volver\u00eda a ser igual. Se hab\u00eda completado un ciclo.<\/p>\n","protected":false},"excerpt":{"rendered":"<p>GUED\u00c1N P\u00c9CKER, V\u00cdCTOR LUIS<\/p>\n","protected":false},"featured_media":955152,"template":"","meta":{"_acf_changed":false,"om_disable_all_campaigns":false,"rs_blank_template":"","rs_page_bg_color":"","slide_template_v7":"","inline_featured_image":false,"_monsterinsights_skip_tracking":false,"_monsterinsights_sitenote_active":false,"_monsterinsights_sitenote_note":"","_monsterinsights_sitenote_category":0},"product_brand":[],"product_cat":[165,438],"product_tag":[],"class_list":{"0":"post-955121","1":"product","2":"type-product","3":"status-publish","4":"has-post-thumbnail","6":"product_cat-historia-i-corrents-filosofia-2_humanitats","7":"product_cat-historia-y-corrientes-filosofia-2_humanidades","9":"first","10":"instock","11":"taxable","12":"shipping-taxable","13":"purchasable","14":"product-type-simple"},"acf":{"autor":"GUED\u00c1N P\u00c9CKER, V\u00cdCTOR LUIS","codart":"841361315","libros-coleccion":"FORA DE COL.LECCI\u00d3","ediciones":"1","encuadernacion":"R\u00fastica","fecha_de_publicacion":"01\/03\/2024","novedad":"1","paginas":"304","subtitulo":"UN VIAJE A LA ANTIGUA GRECIA EN BUSCA DE LA FILOSOF\u00cdA","orden":"0","portada":"0","idioma":"spa","editorial":[{"ID":148810,"post_author":"3","post_date":"2022-10-14 12:01:10","post_date_gmt":"2022-10-14 10:01:10","post_content":"","post_title":"SHACKLETON BOOKS","post_excerpt":"","post_status":"publish","comment_status":"closed","ping_status":"closed","post_password":"","post_name":"shackleton-books","to_ping":"","pinged":"","post_modified":"2022-10-14 12:01:10","post_modified_gmt":"2022-10-14 10:01:10","post_content_filtered":"","post_parent":0,"guid":"http:\/\/dev.claret.cat\/editorial\/shackleton-books\/","menu_order":0,"post_type":"editorial","post_mime_type":"","comment_count":"0","filter":"raw"}]},"aioseo_notices":[],"_links":{"self":[{"href":"https:\/\/www.claret.cat\/es\/wp-json\/wp\/v2\/product\/955121","targetHints":{"allow":["GET"]}}],"collection":[{"href":"https:\/\/www.claret.cat\/es\/wp-json\/wp\/v2\/product"}],"about":[{"href":"https:\/\/www.claret.cat\/es\/wp-json\/wp\/v2\/types\/product"}],"wp:featuredmedia":[{"embeddable":true,"href":"https:\/\/www.claret.cat\/es\/wp-json\/wp\/v2\/media\/955152"}],"wp:attachment":[{"href":"https:\/\/www.claret.cat\/es\/wp-json\/wp\/v2\/media?parent=955121"}],"wp:term":[{"taxonomy":"product_brand","embeddable":true,"href":"https:\/\/www.claret.cat\/es\/wp-json\/wp\/v2\/product_brand?post=955121"},{"taxonomy":"product_cat","embeddable":true,"href":"https:\/\/www.claret.cat\/es\/wp-json\/wp\/v2\/product_cat?post=955121"},{"taxonomy":"product_tag","embeddable":true,"href":"https:\/\/www.claret.cat\/es\/wp-json\/wp\/v2\/product_tag?post=955121"}],"curies":[{"name":"wp","href":"https:\/\/api.w.org\/{rel}","templated":true}]}}