{"id":955141,"date":"2024-03-05T12:55:02","date_gmt":"2024-03-05T11:55:02","guid":{"rendered":"https:\/\/www.claret.cat\/llibre\/anandamayi-ma-palabras-de-la-madre-9788412333626\/"},"modified":"2024-07-01T17:10:16","modified_gmt":"2024-07-01T15:10:16","slug":"anandamayi-ma-palabras-de-la-madre-9788412333626","status":"publish","type":"product","link":"https:\/\/www.claret.cat\/es\/libro\/anandamayi-ma-palabras-de-la-madre-9788412333626\/","title":{"rendered":"ANANDAMAYI MA. PALABRAS DE LA MADRE"},"content":{"rendered":"<p>Introducci\u00f3n  de Swami Satyananda Saraswati<\/p>\n<p>La vida de Anandamayi Ma es un acontecimiento fuera de lo com\u00fan. Cuando en una ocasi\u00f3n le preguntaron \u201c\u00bfqui\u00e9n eres?\u201d, ella respondi\u00f3: \u201cSoy la encarnaci\u00f3n visible de la aspiraci\u00f3n pura de todos los aut\u00e9nticos buscadores; vosotros hab\u00e9is llamado a este cuerpo y ahora lo ten\u00e9is ante vosotros\u201d. Al estar permanentemente identificada con el Ser (atman), fue siempre una espectadora desapegada de la vida de su cuerpo. Desde su nacimiento hasta su \u00faltimo d\u00eda, siempre vivi\u00f3 en un estado de plenitud y libertad trascendente.<\/p>\n<p>Este libro es uno de los primeros compendios de las palabras de Ma y contiene fragmentos de cartas y conversaciones. El texto plasma su inspiradora ense\u00f1anza a trav\u00e9s de las respuestas a las inquietudes de sus devotos. Una ense\u00f1anza sin concesiones que conduce al aspirante a descubrir su verdadera naturaleza, la Dicha suprema, mostrando el camino a la entrega y confianza inquebrantable en la divinidad.<\/p>\n","protected":false},"excerpt":{"rendered":"<p>ANANDAMAYI MA<\/p>\n","protected":false},"featured_media":955176,"template":"","meta":{"_acf_changed":false,"om_disable_all_campaigns":false,"rs_blank_template":"","rs_page_bg_color":"","slide_template_v7":"","inline_featured_image":false,"_monsterinsights_skip_tracking":false,"_monsterinsights_sitenote_active":false,"_monsterinsights_sitenote_note":"","_monsterinsights_sitenote_category":0},"product_brand":[],"product_cat":[245,495],"product_tag":[],"class_list":{"0":"post-955141","1":"product","2":"type-product","3":"status-publish","4":"has-post-thumbnail","6":"product_cat-diversa","7":"product_cat-diversa-espiritualidad-1_espiritualidad","9":"first","10":"instock","11":"taxable","12":"shipping-taxable","13":"purchasable","14":"product-type-simple"},"acf":{"autor":"ANANDAMAYI MA","codart":"841233362","libros-coleccion":"","ediciones":"1","encuadernacion":"R\u00fastica","fecha_de_publicacion":"05\/03\/2024","novedad":"1","paginas":"286","subtitulo":"","orden":"0","portada":"0","idioma":"spa","editorial":[{"ID":296764,"post_author":"3","post_date":"2022-12-15 19:00:11","post_date_gmt":"2022-12-15 18:00:11","post_content":"","post_title":"Ediciones Advaitavidya","post_excerpt":"","post_status":"publish","comment_status":"closed","ping_status":"closed","post_password":"","post_name":"ediciones-advaitavidya","to_ping":"","pinged":"","post_modified":"2022-12-15 19:00:11","post_modified_gmt":"2022-12-15 18:00:11","post_content_filtered":"","post_parent":0,"guid":"http:\/\/dev.claret.cat\/editorial\/ediciones-advaitavidya\/","menu_order":0,"post_type":"editorial","post_mime_type":"","comment_count":"0","filter":"raw"}]},"aioseo_notices":[],"_links":{"self":[{"href":"https:\/\/www.claret.cat\/es\/wp-json\/wp\/v2\/product\/955141","targetHints":{"allow":["GET"]}}],"collection":[{"href":"https:\/\/www.claret.cat\/es\/wp-json\/wp\/v2\/product"}],"about":[{"href":"https:\/\/www.claret.cat\/es\/wp-json\/wp\/v2\/types\/product"}],"wp:featuredmedia":[{"embeddable":true,"href":"https:\/\/www.claret.cat\/es\/wp-json\/wp\/v2\/media\/955176"}],"wp:attachment":[{"href":"https:\/\/www.claret.cat\/es\/wp-json\/wp\/v2\/media?parent=955141"}],"wp:term":[{"taxonomy":"product_brand","embeddable":true,"href":"https:\/\/www.claret.cat\/es\/wp-json\/wp\/v2\/product_brand?post=955141"},{"taxonomy":"product_cat","embeddable":true,"href":"https:\/\/www.claret.cat\/es\/wp-json\/wp\/v2\/product_cat?post=955141"},{"taxonomy":"product_tag","embeddable":true,"href":"https:\/\/www.claret.cat\/es\/wp-json\/wp\/v2\/product_tag?post=955141"}],"curies":[{"name":"wp","href":"https:\/\/api.w.org\/{rel}","templated":true}]}}