{"id":955253,"date":"2024-03-06T11:30:30","date_gmt":"2024-03-06T10:30:30","guid":{"rendered":"https:\/\/www.claret.cat\/llibre\/blackwater-iii-la-casa-cat-9788419654946\/"},"modified":"2025-09-08T16:55:24","modified_gmt":"2025-09-08T14:55:24","slug":"blackwater-iii-la-casa-cat-9788419654946","status":"publish","type":"product","link":"https:\/\/www.claret.cat\/es\/libro\/blackwater-iii-la-casa-cat-9788419654946\/","title":{"rendered":"BLACKWATER III. LA CASA (CAT)"},"content":{"rendered":"<p>Descobreix el tercer volum de la saga Blackwater.<\/p>\n<p>Una saga matriarcal. Dones poderoses que lluiten pel poder durant generacions. Una atmosfera \u00fanica per a una lectura addictiva. Un retrat realista amb tocs sobrenaturals. Escriptura magistral i visual en un ambici\u00f3s projecte entre el pulp i l&#8217;HBO.<\/p>\n<p>\u00abMichael McDowell: el meu amic, el meu mestre. Fascinant, aterrador, simplement genial. El millor de tots nosaltres.\u00bb<br \/> STEPHEN KING<\/p>\n<p>\u00abUna sabia combinaci\u00f3 entre Dumas i Lovecraft. Un creuament entre Stephen King i Gabriel Garc\u00eda M\u00e1rquez. Despiadadament addictiu.\u00bb<br \/> ROBERT SHAPLEN, THE NEW YORK TIMES<\/p>\n<p>Perdido, 1928. El clan Caskey s&#8217;ensorra a causa de la cruenta guerra personal entre la Mary-Love i l&#8217;Elinor. Als foscos racons del casalot on viuen l&#8217;Elinor i l&#8217;Oscar, s&#8217;hi amaguen crisis conjugals i existencials quetindran repercussions inimaginables.Mentrestant els pitjors records, aquells que es mantenen oblidats, aguaiten per teixir les seves mort\u00edferes xarxes i emergir.<\/p>\n","protected":false},"excerpt":{"rendered":"<p>MCDOWELL, MICHAEL<\/p>\n","protected":false},"featured_media":955254,"template":"","meta":{"_acf_changed":false,"om_disable_all_campaigns":false,"rs_blank_template":"","rs_page_bg_color":"","slide_template_v7":"","inline_featured_image":false,"_monsterinsights_skip_tracking":false,"_monsterinsights_sitenote_active":false,"_monsterinsights_sitenote_note":"","_monsterinsights_sitenote_category":0},"product_brand":[],"product_cat":[127,357],"product_tag":[],"class_list":{"0":"post-955253","1":"product","2":"type-product","3":"status-publish","4":"has-post-thumbnail","6":"product_cat-novella-contemporania","7":"product_cat-novela-contemporanea","9":"first","10":"instock","11":"taxable","12":"shipping-taxable","13":"purchasable","14":"product-type-simple"},"acf":{"autor":"MCDOWELL, MICHAEL","codart":"841965494","libros-coleccion":"FORA DE COL.LECCI\u00d3","ediciones":"1","encuadernacion":"R\u00fastica","fecha_de_publicacion":"01\/03\/2024","novedad":"1","paginas":"272","subtitulo":"","orden":"0","portada":"0","idioma":"cat","editorial":[{"ID":6146,"post_author":"3","post_date":"2022-07-28 17:45:52","post_date_gmt":"2022-07-28 15:45:52","post_content":"","post_title":"Blackie Books","post_excerpt":"","post_status":"publish","comment_status":"closed","ping_status":"closed","post_password":"","post_name":"blackie-books","to_ping":"","pinged":"","post_modified":"2022-07-28 17:45:52","post_modified_gmt":"2022-07-28 15:45:52","post_content_filtered":"","post_parent":0,"guid":"http:\/\/dev.claret.cat\/editorial\/blackie-books\/","menu_order":0,"post_type":"editorial","post_mime_type":"","comment_count":"0","filter":"raw"}],"booktrailer":"","resenas":""},"aioseo_notices":[],"_links":{"self":[{"href":"https:\/\/www.claret.cat\/es\/wp-json\/wp\/v2\/product\/955253","targetHints":{"allow":["GET"]}}],"collection":[{"href":"https:\/\/www.claret.cat\/es\/wp-json\/wp\/v2\/product"}],"about":[{"href":"https:\/\/www.claret.cat\/es\/wp-json\/wp\/v2\/types\/product"}],"wp:featuredmedia":[{"embeddable":true,"href":"https:\/\/www.claret.cat\/es\/wp-json\/wp\/v2\/media\/955254"}],"wp:attachment":[{"href":"https:\/\/www.claret.cat\/es\/wp-json\/wp\/v2\/media?parent=955253"}],"wp:term":[{"taxonomy":"product_brand","embeddable":true,"href":"https:\/\/www.claret.cat\/es\/wp-json\/wp\/v2\/product_brand?post=955253"},{"taxonomy":"product_cat","embeddable":true,"href":"https:\/\/www.claret.cat\/es\/wp-json\/wp\/v2\/product_cat?post=955253"},{"taxonomy":"product_tag","embeddable":true,"href":"https:\/\/www.claret.cat\/es\/wp-json\/wp\/v2\/product_tag?post=955253"}],"curies":[{"name":"wp","href":"https:\/\/api.w.org\/{rel}","templated":true}]}}