{"id":955448,"date":"2024-03-06T13:33:52","date_gmt":"2024-03-06T12:33:52","guid":{"rendered":"https:\/\/www.claret.cat\/llibre\/historias-de-vigata-vol-1-9788418481482\/"},"modified":"2024-03-06T17:15:22","modified_gmt":"2024-03-06T16:15:22","slug":"historias-de-vigata-vol-1-9788418481482","status":"publish","type":"product","link":"https:\/\/www.claret.cat\/es\/libro\/historias-de-vigata-vol-1-9788418481482\/","title":{"rendered":"HISTORIAS DE VIG\u00c0TA VOL. 1"},"content":{"rendered":"<p>Primero de un ciclo de cuatro vol\u00famenes de relatos ambientados en el imaginario pueblo siciliano de Vig\u00e0ta, tambi\u00e9n escenario de las aventuras del c\u00e9lebre comisario Montalbano, este libro recoge ocho historias tan perfectas que cada una puede leerse como una peque\u00f1a novela. En ellas, Andrea Camilleri vuelve a sus or\u00edgenes y despliega toda la complejidad del esperp\u00e9ntico y variopinto inventario humano que encierra una Sicilia imaginada pero, al mismo tiempo, espejo del mundo y de sus miserias: adivinos improvisados, campesinos y estudiantes, curas, caciques y camisas negras, comunistas empedernidos, j\u00f3venes buscavidas, abogados astutos\u2026 Desde los inicios del siglo XX hasta la posguerra, pasando por el Ventennio fascista y el desembarco de las tropas aliadas en la isla, el lector acompa\u00f1a a los personajes en este recorrido a trav\u00e9s del tiempo y de la naturaleza humana, que Camilleri observa con c\u00e1ustica mordacidad no exenta de guasa, pero siempre desde esa perspectiva compasiva y ben\u00e9vola tan propia de su narrativa. En ese ut\u00f3pico lugar de la memoria que es Vig\u00e0ta, el autor italiano urde con magistral habilidad historias que mezclan lo verdadero con lo veros\u00edmil, el recuerdo con la fabulaci\u00f3n, lo local con lo universal, como solo sabe hacer la mejor literatura.<\/p>\n","protected":false},"excerpt":{"rendered":"<p>CAMILLERI, ANDREA<\/p>\n","protected":false},"featured_media":955690,"template":"","meta":{"_acf_changed":false,"om_disable_all_campaigns":false,"rs_blank_template":"","rs_page_bg_color":"","slide_template_v7":"","inline_featured_image":false,"_monsterinsights_skip_tracking":false,"_monsterinsights_sitenote_active":false,"_monsterinsights_sitenote_note":"","_monsterinsights_sitenote_category":0},"product_brand":[],"product_cat":[127,357],"product_tag":[],"class_list":{"0":"post-955448","1":"product","2":"type-product","3":"status-publish","4":"has-post-thumbnail","6":"product_cat-novella-contemporania","7":"product_cat-novela-contemporanea","9":"first","10":"instock","11":"taxable","12":"shipping-taxable","13":"purchasable","14":"product-type-simple"},"acf":{"autor":"CAMILLERI, ANDREA","codart":"841848148","libros-coleccion":"Narrativa","ediciones":"2","encuadernacion":"R\u00fastica","fecha_de_publicacion":"01\/01\/2024","novedad":"1","paginas":"304","subtitulo":"","orden":"0","portada":"0","idioma":"spa","editorial":[{"ID":147415,"post_author":"3","post_date":"2022-10-14 11:50:24","post_date_gmt":"2022-10-14 09:50:24","post_content":"","post_title":"Altamarea Ediciones","post_excerpt":"","post_status":"publish","comment_status":"closed","ping_status":"closed","post_password":"","post_name":"altamarea-ediciones","to_ping":"","pinged":"","post_modified":"2022-10-14 11:50:24","post_modified_gmt":"2022-10-14 09:50:24","post_content_filtered":"","post_parent":0,"guid":"http:\/\/dev.claret.cat\/editorial\/altamarea-ediciones\/","menu_order":0,"post_type":"editorial","post_mime_type":"","comment_count":"0","filter":"raw"}],"autores-libros":[{"ID":150203,"post_author":"3","post_date":"2022-10-14 14:31:04","post_date_gmt":"2022-10-14 12:31:04","post_content":"","post_title":"ANDREA CAMILLERI","post_excerpt":"","post_status":"publish","comment_status":"closed","ping_status":"closed","post_password":"","post_name":"andrea-camilleri","to_ping":"","pinged":"","post_modified":"2022-10-14 14:31:04","post_modified_gmt":"2022-10-14 12:31:04","post_content_filtered":"","post_parent":0,"guid":"http:\/\/dev.claret.cat\/autor\/andrea-camilleri\/","menu_order":0,"post_type":"autor","post_mime_type":"","comment_count":"0","filter":"raw"}]},"aioseo_notices":[],"_links":{"self":[{"href":"https:\/\/www.claret.cat\/es\/wp-json\/wp\/v2\/product\/955448","targetHints":{"allow":["GET"]}}],"collection":[{"href":"https:\/\/www.claret.cat\/es\/wp-json\/wp\/v2\/product"}],"about":[{"href":"https:\/\/www.claret.cat\/es\/wp-json\/wp\/v2\/types\/product"}],"wp:featuredmedia":[{"embeddable":true,"href":"https:\/\/www.claret.cat\/es\/wp-json\/wp\/v2\/media\/955690"}],"wp:attachment":[{"href":"https:\/\/www.claret.cat\/es\/wp-json\/wp\/v2\/media?parent=955448"}],"wp:term":[{"taxonomy":"product_brand","embeddable":true,"href":"https:\/\/www.claret.cat\/es\/wp-json\/wp\/v2\/product_brand?post=955448"},{"taxonomy":"product_cat","embeddable":true,"href":"https:\/\/www.claret.cat\/es\/wp-json\/wp\/v2\/product_cat?post=955448"},{"taxonomy":"product_tag","embeddable":true,"href":"https:\/\/www.claret.cat\/es\/wp-json\/wp\/v2\/product_tag?post=955448"}],"curies":[{"name":"wp","href":"https:\/\/api.w.org\/{rel}","templated":true}]}}