{"id":955552,"date":"2024-03-06T15:40:03","date_gmt":"2024-03-06T14:40:03","guid":{"rendered":"https:\/\/www.claret.cat\/llibre\/la-llegenda-de-sant-jordi-9788466156981\/"},"modified":"2026-02-28T10:10:15","modified_gmt":"2026-02-28T09:10:15","slug":"la-llegenda-de-sant-jordi-9788466156981","status":"publish","type":"product","link":"https:\/\/www.claret.cat\/es\/libro\/la-llegenda-de-sant-jordi-9788466156981\/","title":{"rendered":"LA LLEGENDA DE SANT JORDI"},"content":{"rendered":"<p>Temps era temps, en una cova dels afores de Montblanc, hi vivia un drac ferotge que sempre tenia molta gana. Si no podia omplir la panxa, grunyia, bramava i escopia foc. La gent del poble li portaven animals perqu\u00e8 se#ls meng\u00e9s. Al cap d#un temps, per\u00f2, ja no els quedava ni una, ni mig ni cap b\u00e8stia. Qu\u00e8 podien fer perqu\u00e8 el drac no s#enfad\u00e9s i ho socarrim\u00e9s tot amb les seves flamarades? <br \/>  Un conte per descobrir la llegenda de Sant Jordi i l#origen d#aquesta festa popular.<\/p>\n","protected":false},"excerpt":{"rendered":"<p>FONT I FERR\u00c9, N\u00daRIA<\/p>\n","protected":false},"featured_media":1086989,"template":"","meta":{"_acf_changed":false,"om_disable_all_campaigns":false,"rs_blank_template":"","rs_page_bg_color":"","slide_template_v7":"","inline_featured_image":false,"_monsterinsights_skip_tracking":false,"_monsterinsights_sitenote_active":false,"_monsterinsights_sitenote_note":"","_monsterinsights_sitenote_category":0},"product_brand":[],"product_cat":[131,361],"product_tag":[],"class_list":{"0":"post-955552","1":"product","2":"type-product","3":"status-publish","4":"has-post-thumbnail","6":"product_cat-contes-per-infants-0-6-anys","7":"product_cat-cuentos-para-ninos-0-6-anos","9":"first","10":"instock","11":"taxable","12":"shipping-taxable","13":"purchasable","14":"product-type-simple"},"acf":{"autor":"FONT I FERR\u00c9, N\u00daRIA","codart":"846615698","libros-coleccion":"FORA DE COL.LECCI\u00d3","ediciones":"1","encuadernacion":"Carton\u00e9","fecha_de_publicacion":"01\/03\/2024","novedad":"1","paginas":"45","subtitulo":"","orden":"0","portada":"0","idioma":"cat","editorial":[{"ID":147679,"post_author":"3","post_date":"2022-10-14 11:52:25","post_date_gmt":"2022-10-14 09:52:25","post_content":"","post_title":"CRUILLA \/SM-EDICIONS -VALENCIANO\/CATALAN","post_excerpt":"","post_status":"publish","comment_status":"closed","ping_status":"closed","post_password":"","post_name":"cruilla-sm-edicions-valenciano-catalan","to_ping":"","pinged":"","post_modified":"2022-10-14 11:52:25","post_modified_gmt":"2022-10-14 09:52:25","post_content_filtered":"","post_parent":0,"guid":"http:\/\/dev.claret.cat\/editorial\/cruilla-sm-edicions-valenciano-catalan\/","menu_order":0,"post_type":"editorial","post_mime_type":"","comment_count":"0","filter":"raw"}],"booktrailer":"","resenas":""},"aioseo_notices":[],"_links":{"self":[{"href":"https:\/\/www.claret.cat\/es\/wp-json\/wp\/v2\/product\/955552","targetHints":{"allow":["GET"]}}],"collection":[{"href":"https:\/\/www.claret.cat\/es\/wp-json\/wp\/v2\/product"}],"about":[{"href":"https:\/\/www.claret.cat\/es\/wp-json\/wp\/v2\/types\/product"}],"wp:featuredmedia":[{"embeddable":true,"href":"https:\/\/www.claret.cat\/es\/wp-json\/wp\/v2\/media\/1086989"}],"wp:attachment":[{"href":"https:\/\/www.claret.cat\/es\/wp-json\/wp\/v2\/media?parent=955552"}],"wp:term":[{"taxonomy":"product_brand","embeddable":true,"href":"https:\/\/www.claret.cat\/es\/wp-json\/wp\/v2\/product_brand?post=955552"},{"taxonomy":"product_cat","embeddable":true,"href":"https:\/\/www.claret.cat\/es\/wp-json\/wp\/v2\/product_cat?post=955552"},{"taxonomy":"product_tag","embeddable":true,"href":"https:\/\/www.claret.cat\/es\/wp-json\/wp\/v2\/product_tag?post=955552"}],"curies":[{"name":"wp","href":"https:\/\/api.w.org\/{rel}","templated":true}]}}