{"id":955595,"date":"2024-03-06T16:25:03","date_gmt":"2024-03-06T15:25:03","guid":{"rendered":"https:\/\/www.claret.cat\/llibre\/historia-illustrada-lantiga-grecia-9788419912015\/"},"modified":"2026-02-25T18:25:15","modified_gmt":"2026-02-25T17:25:15","slug":"historia-illustrada-lantiga-grecia-9788419912015","status":"publish","type":"product","link":"https:\/\/www.claret.cat\/es\/libro\/historia-illustrada-lantiga-grecia-9788419912015\/","title":{"rendered":"HIST\u00d2RIA IL\u00b7LUSTRADA &#8211; L&#8217;ANTIGA GR\u00c8CIA"},"content":{"rendered":"<p>L&#8221;antiga Gr\u00e8cia \u00e9s el tercer volum de la col\u00b7lecci\u00f3 Hist\u00f2ria ilustrada, ideal per aprendre hist\u00f2ria de manera amena i divertida. El text est\u00e0 acompanyat de simp\u00e0tiques il\u00b7lustracions i bromes visuals que ajuden els nens i les nenes a comprendre millor els fets hist\u00f2rics que es narren.<br \/> \u00a0<br \/> Descobreix qui van ser els grecs, els seus grans personatges o la seva religi\u00f3, aix\u00ed com quines de les seves aportacions a l&#8221;art, la cultura o la pol\u00edtica continuen vigents a dia d&#8221;avui.<br \/> \u00a0<br \/> Els antics grecs van ser els mercaders i navegants m\u00e9s espectaculars de la mar Mediterr\u00e0nia. La seva cultura va ser tan important que va establir les bases de tot el que tindria lloc a Europa des de llavors, amb aportacions tan importants com la invenci\u00f3 de la democr\u00e0cia o dels Jocs Ol\u00edmpics. Descobreix qui va ser Alexandre el Gran, com es van desenvolupar la famosa guerra de Troia o la batalla dels tres-cents, quines van ser les grans meravelles de l&#8221;Antiguitat, com l&#8221;oracle de Delfos, el far d&#8221;Alexandria o l&#8221;est\u00e0tua de Zeus a Ol\u00edmpia, i com van influir tot Occident amb la seva escultura, teatre i arquitectura.<br \/> \u00a0<br \/> Si vols con\u00e8ixer m\u00e9s coses sobre civilitzacions antigues, i aquest cop amb llibres de ficci\u00f3, no dubtis a llegir la col\u00b7lecci\u00f3 Els Exploradors del Temps.<br \/> \u00a0<br \/> Llibres de la col\u00b7lecci\u00f3 Hist\u00f2ria il\u00b7lustrada:<br \/> 1) Roma<br \/>2) Els vikings<br \/>3) L&#8221;antiga Gr\u00e8cia<br \/>4) L&#8221;antic Egipte<br \/> 5) Els inques<br \/> M\u00e9s t\u00edtols pr\u00f2ximament. Consulta la web de l&#8221;editorial per a veure la seva data de publicaci\u00f3.<\/p>\n","protected":false},"excerpt":{"rendered":"<p>SAURA, MIGUEL \u00c1NGEL<\/p>\n","protected":false},"featured_media":955596,"template":"","meta":{"_acf_changed":false,"om_disable_all_campaigns":false,"rs_blank_template":"","rs_page_bg_color":"","slide_template_v7":"","inline_featured_image":false,"_monsterinsights_skip_tracking":false,"_monsterinsights_sitenote_active":false,"_monsterinsights_sitenote_note":"","_monsterinsights_sitenote_category":0},"product_brand":[],"product_cat":[132,362],"product_tag":[],"class_list":{"0":"post-955595","1":"product","2":"type-product","3":"status-publish","4":"has-post-thumbnail","6":"product_cat-lectures-per-preadolescents-6-12-anys","7":"product_cat-libros-preadolescentes-6-12-anos","9":"first","10":"instock","11":"taxable","12":"shipping-taxable","13":"purchasable","14":"product-type-simple"},"acf":{"autor":"SAURA, MIGUEL \u00c1NGEL","codart":"841991201","libros-coleccion":"FORA DE COL.LECCI\u00d3","ediciones":"1","encuadernacion":"R\u00fastica","fecha_de_publicacion":"01\/02\/2024","novedad":"1","paginas":"117","subtitulo":"LLIBRE DE L''ANTIGA GR\u00c8CIA EN CATAL\u00c0 AMB ACUDITS! LLIBRES PER A NENS I NENES A PA","orden":"0","portada":"0","idioma":"cat","editorial":[{"ID":147881,"post_author":"3","post_date":"2022-10-14 11:53:55","post_date_gmt":"2022-10-14 09:53:55","post_content":"","post_title":"EDICIONS DEL PIRATA","post_excerpt":"","post_status":"publish","comment_status":"closed","ping_status":"closed","post_password":"","post_name":"edicions-del-pirata","to_ping":"","pinged":"","post_modified":"2022-10-14 11:53:55","post_modified_gmt":"2022-10-14 09:53:55","post_content_filtered":"","post_parent":0,"guid":"http:\/\/dev.claret.cat\/editorial\/edicions-del-pirata\/","menu_order":0,"post_type":"editorial","post_mime_type":"","comment_count":"0","filter":"raw"}],"booktrailer":"","resenas":""},"aioseo_notices":[],"_links":{"self":[{"href":"https:\/\/www.claret.cat\/es\/wp-json\/wp\/v2\/product\/955595","targetHints":{"allow":["GET"]}}],"collection":[{"href":"https:\/\/www.claret.cat\/es\/wp-json\/wp\/v2\/product"}],"about":[{"href":"https:\/\/www.claret.cat\/es\/wp-json\/wp\/v2\/types\/product"}],"wp:featuredmedia":[{"embeddable":true,"href":"https:\/\/www.claret.cat\/es\/wp-json\/wp\/v2\/media\/955596"}],"wp:attachment":[{"href":"https:\/\/www.claret.cat\/es\/wp-json\/wp\/v2\/media?parent=955595"}],"wp:term":[{"taxonomy":"product_brand","embeddable":true,"href":"https:\/\/www.claret.cat\/es\/wp-json\/wp\/v2\/product_brand?post=955595"},{"taxonomy":"product_cat","embeddable":true,"href":"https:\/\/www.claret.cat\/es\/wp-json\/wp\/v2\/product_cat?post=955595"},{"taxonomy":"product_tag","embeddable":true,"href":"https:\/\/www.claret.cat\/es\/wp-json\/wp\/v2\/product_tag?post=955595"}],"curies":[{"name":"wp","href":"https:\/\/api.w.org\/{rel}","templated":true}]}}