{"id":955643,"date":"2024-03-06T16:36:12","date_gmt":"2024-03-06T15:36:12","guid":{"rendered":"https:\/\/www.claret.cat\/llibre\/blackwater-iii-la-casa-9788419654939\/"},"modified":"2026-03-03T16:38:46","modified_gmt":"2026-03-03T15:38:46","slug":"blackwater-iii-la-casa-9788419654939","status":"publish","type":"product","link":"https:\/\/www.claret.cat\/es\/libro\/blackwater-iii-la-casa-9788419654939\/","title":{"rendered":"BLACKWATER III. LA CASA"},"content":{"rendered":"<p>Descubre el tercer volumen de la saga Blackwater.<\/p>\n<p>Una saga matriarcal. Mujeres poderosas que luchan por el dominio durante generaciones. Una atmo\u00b4sfera u\u00b4nica para una lectura adictiva. Un retrato realista con toques sobrenaturales. Escritura magistral y visual en un ambicioso proyecto entre el pulp y HBO.<\/p>\n<p>\u00abMichael Mcdowell: mi amigo, mi maestro. Fascinante, aterrador, simplemente genial. El mejor de todos nosotros.\u00bb<br \/> STEPHEN KING<\/p>\n<p>\u00abUna sabia combinaci\u00f3n entre Dumas y Lovecraft. Un cruce entre Stephen King y Gabriel Garc\u00eda M\u00e1rquez. Despiadadamente adictivo.\u00bb<br \/> ROBERT SHAPLEN, THE NEW YORK TIMES<\/p>\n<p>Perdido, 1928. El clan Caskey se desmorona con la cruenta guerra personal entre Mary-Love y Elinor. En los recovecos del caser\u00f3n donde viven Elinor y Oscar se esconden crisis conyugales y existenciales con repercusiones que desaf\u00edan la imaginaci\u00f3n, mientras los peores recuerdos, aquellos que uno se esfuerza por mantener ocultos, acechan para tejer sus mort\u00edferas redes y salir a flote.<\/p>\n","protected":false},"excerpt":{"rendered":"<p>MCDOWELL, MICHAEL<\/p>\n","protected":false},"featured_media":955644,"template":"","meta":{"_acf_changed":false,"om_disable_all_campaigns":false,"rs_blank_template":"","rs_page_bg_color":"","slide_template_v7":"","inline_featured_image":false,"_monsterinsights_skip_tracking":false,"_monsterinsights_sitenote_active":false,"_monsterinsights_sitenote_note":"","_monsterinsights_sitenote_category":0},"product_brand":[],"product_cat":[127,357],"product_tag":[],"class_list":{"0":"post-955643","1":"product","2":"type-product","3":"status-publish","4":"has-post-thumbnail","6":"product_cat-novella-contemporania","7":"product_cat-novela-contemporanea","9":"first","10":"instock","11":"taxable","12":"shipping-taxable","13":"purchasable","14":"product-type-simple"},"acf":{"autor":"MCDOWELL, MICHAEL","codart":"841965493","libros-coleccion":"FORA DE COL.LECCI\u00d3","ediciones":"1","encuadernacion":"R\u00fastica","fecha_de_publicacion":"01\/03\/2024","novedad":"1","paginas":"272","subtitulo":"","orden":"0","portada":"0","idioma":"spa","editorial":[{"ID":6146,"post_author":"3","post_date":"2022-07-28 17:45:52","post_date_gmt":"2022-07-28 15:45:52","post_content":"","post_title":"Blackie Books","post_excerpt":"","post_status":"publish","comment_status":"closed","ping_status":"closed","post_password":"","post_name":"blackie-books","to_ping":"","pinged":"","post_modified":"2022-07-28 17:45:52","post_modified_gmt":"2022-07-28 15:45:52","post_content_filtered":"","post_parent":0,"guid":"http:\/\/dev.claret.cat\/editorial\/blackie-books\/","menu_order":0,"post_type":"editorial","post_mime_type":"","comment_count":"0","filter":"raw"}],"booktrailer":"","resenas":""},"aioseo_notices":[],"_links":{"self":[{"href":"https:\/\/www.claret.cat\/es\/wp-json\/wp\/v2\/product\/955643","targetHints":{"allow":["GET"]}}],"collection":[{"href":"https:\/\/www.claret.cat\/es\/wp-json\/wp\/v2\/product"}],"about":[{"href":"https:\/\/www.claret.cat\/es\/wp-json\/wp\/v2\/types\/product"}],"wp:featuredmedia":[{"embeddable":true,"href":"https:\/\/www.claret.cat\/es\/wp-json\/wp\/v2\/media\/955644"}],"wp:attachment":[{"href":"https:\/\/www.claret.cat\/es\/wp-json\/wp\/v2\/media?parent=955643"}],"wp:term":[{"taxonomy":"product_brand","embeddable":true,"href":"https:\/\/www.claret.cat\/es\/wp-json\/wp\/v2\/product_brand?post=955643"},{"taxonomy":"product_cat","embeddable":true,"href":"https:\/\/www.claret.cat\/es\/wp-json\/wp\/v2\/product_cat?post=955643"},{"taxonomy":"product_tag","embeddable":true,"href":"https:\/\/www.claret.cat\/es\/wp-json\/wp\/v2\/product_tag?post=955643"}],"curies":[{"name":"wp","href":"https:\/\/api.w.org\/{rel}","templated":true}]}}