{"id":95568,"date":"2022-10-12T06:46:20","date_gmt":"2022-10-12T04:46:20","guid":{"rendered":"http:\/\/dev.claret.cat\/producte\/els-angles-morts\/"},"modified":"2023-01-28T03:46:08","modified_gmt":"2023-01-28T02:46:08","slug":"els-angles-morts-9788417339609","status":"publish","type":"product","link":"https:\/\/www.claret.cat\/es\/libro\/els-angles-morts-9788417339609\/","title":{"rendered":"ELS ANGLES MORTS"},"content":{"rendered":"<p>Quan el seu rival s&#8217;emporta la pla\u00e7a de catedr\u00e0tic que tant desitjava, en Morella s&#8217;adona que necessita una idea per posar-se a escriure i fer avan\u00e7ar la seva carrera estancada. Durant la gu\u00e0rdia de la nit de Nadal, la Ses\u00e9, la seva dona, una ginec\u00f2loga saturnina, viu una experi\u00e8ncia per a la qual no estava preparada. I mentrestant, l&#8217;Olof, l&#8217;ultranebot, fill d&#8217;un germ\u00e0 genial i inaguantable, arriba a Barcelona per passar-hi uns mesos.<\/p>\n<p> \u00c9s possible veure una realitat radicalment nova? O \u00e9s la realitat, m\u00e9s avisat, qui ens mira? Amb una intel\u00b7lig\u00e8ncia fora del com\u00fa i un estil \u00fanic, ir\u00f2nic i clarivident, Borja Baguny\u00e0 desplega una constel\u00b7laci\u00f3 de personatges sacsejats per una descoberta ins\u00f2lita que s&#8217;enfronten a la desfeta d&#8217;un m\u00f3n a rep\u00e8l i a una necessitat insubornable de ser escoltats.<\/p>\n","protected":false},"excerpt":{"rendered":"<p>BAGUNY\u00c0, BORJA<\/p>\n","protected":false},"featured_media":95569,"template":"","meta":{"_acf_changed":false,"om_disable_all_campaigns":false,"rs_blank_template":"","rs_page_bg_color":"","slide_template_v7":"","inline_featured_image":false,"_monsterinsights_skip_tracking":false,"_monsterinsights_sitenote_active":false,"_monsterinsights_sitenote_note":"","_monsterinsights_sitenote_category":0},"product_brand":[],"product_cat":[127],"product_tag":[],"class_list":{"0":"post-95568","1":"product","2":"type-product","3":"status-publish","4":"has-post-thumbnail","6":"product_cat-novella-contemporania","8":"first","9":"instock","10":"taxable","11":"shipping-taxable","12":"purchasable","13":"product-type-simple"},"acf":{"editorial":[{"ID":6213,"post_author":"3","post_date":"2022-07-28 17:47:17","post_date_gmt":"2022-07-28 15:47:17","post_content":"","post_title":"EDICIONS DEL PERISCOPI","post_excerpt":"","post_status":"publish","comment_status":"closed","ping_status":"closed","post_password":"","post_name":"edicions-del-periscopi","to_ping":"","pinged":"","post_modified":"2022-07-28 17:47:17","post_modified_gmt":"2022-07-28 15:47:17","post_content_filtered":"","post_parent":0,"guid":"http:\/\/dev.claret.cat\/editorial\/edicions-del-periscopi\/","menu_order":0,"post_type":"editorial","post_mime_type":"","comment_count":"0","filter":"raw"}],"autor":"BAGUNY\u00c0, BORJA","codart":"841733960","libros-coleccion":"Escafandre","ediciones":"1","encuadernacion":"R\u00fastica","fecha_de_publicacion":"01\/02\/2021","novedad":"1","paginas":"491","subtitulo":"","orden":"0","portada":"0","idioma":"cat","autores-libros":[{"ID":151828,"post_author":"3","post_date":"2022-10-14 14:43:57","post_date_gmt":"2022-10-14 12:43:57","post_content":"","post_title":"BORJA BAGUNY\u00c0","post_excerpt":"","post_status":"publish","comment_status":"closed","ping_status":"closed","post_password":"","post_name":"borja-bagunya","to_ping":"","pinged":"","post_modified":"2022-10-14 14:43:57","post_modified_gmt":"2022-10-14 12:43:57","post_content_filtered":"","post_parent":0,"guid":"http:\/\/dev.claret.cat\/autor\/borja-bagunya\/","menu_order":0,"post_type":"autor","post_mime_type":"","comment_count":"0","filter":"raw"}]},"aioseo_notices":[],"_links":{"self":[{"href":"https:\/\/www.claret.cat\/es\/wp-json\/wp\/v2\/product\/95568","targetHints":{"allow":["GET"]}}],"collection":[{"href":"https:\/\/www.claret.cat\/es\/wp-json\/wp\/v2\/product"}],"about":[{"href":"https:\/\/www.claret.cat\/es\/wp-json\/wp\/v2\/types\/product"}],"wp:featuredmedia":[{"embeddable":true,"href":"https:\/\/www.claret.cat\/es\/wp-json\/wp\/v2\/media\/95569"}],"wp:attachment":[{"href":"https:\/\/www.claret.cat\/es\/wp-json\/wp\/v2\/media?parent=95568"}],"wp:term":[{"taxonomy":"product_brand","embeddable":true,"href":"https:\/\/www.claret.cat\/es\/wp-json\/wp\/v2\/product_brand?post=95568"},{"taxonomy":"product_cat","embeddable":true,"href":"https:\/\/www.claret.cat\/es\/wp-json\/wp\/v2\/product_cat?post=95568"},{"taxonomy":"product_tag","embeddable":true,"href":"https:\/\/www.claret.cat\/es\/wp-json\/wp\/v2\/product_tag?post=95568"}],"curies":[{"name":"wp","href":"https:\/\/api.w.org\/{rel}","templated":true}]}}