{"id":95589,"date":"2022-10-12T06:46:36","date_gmt":"2022-10-12T04:46:36","guid":{"rendered":"http:\/\/dev.claret.cat\/producte\/escatologia\/"},"modified":"2026-01-19T12:19:22","modified_gmt":"2026-01-19T11:19:22","slug":"escatologia-9788431328276","status":"publish","type":"product","link":"https:\/\/www.claret.cat\/es\/libro\/escatologia-9788431328276\/","title":{"rendered":"ESCATOLOG\u00cdA"},"content":{"rendered":"<p>\u00bfQu\u00e9 le espera al hombre al final de su vida terrena? \u00bfQu\u00e9 le aguarda al mundo al t\u00e9rmino del tiempo? Estos interrogantes han brotado siempre en el coraz\u00f3n humano. Y a ellos responde la Revelaci\u00f3n con una verdad clara: al hombre y al mundo les espera un destino en Dios. La Escatolog\u00eda no es m\u00e1s que el intento de reflexionar sobre esta verdad consoladora acerca del destino final del hombre y de su entorno. Este manual desea llevar a la pr\u00e1ctica la sugerencia del Papa Juan Pablo II, de meditar los misterios \u00faltimos desde una perspectiva personalista y relacional. Contempla la meta de la historia de la salvaci\u00f3n como una comuni\u00f3n \u00edntima de las criaturas con la Trinidad. Se percibe as\u00ed m\u00e1s claramente la orientaci\u00f3n fundamental de la econom\u00eda salv\u00edfica y se aleja la tentaci\u00f3n de elaborar una ?f\u00edsica de las postrimer\u00edas?, un estudio de los nov\u00edsimos como realidades cerradas en s\u00ed mismas, d\u00e9bilmente vinculadas al drama de la salvaci\u00f3n e incapaces de nutrir vigorosamente la esperanza. En ese manual se consideran los misterios de la parus\u00eda, la vida eterna y la reprobaci\u00f3n, como partes integrantes de un gran drama divino-humano. La criatura responde s\u00ed o no a la oferta divina.<\/p>\n","protected":false},"excerpt":{"rendered":"<p>ALVIAR, J. JOS\u00c9<\/p>\n","protected":false},"featured_media":95590,"template":"","meta":{"_acf_changed":false,"om_disable_all_campaigns":false,"rs_blank_template":"","rs_page_bg_color":"","slide_template_v7":"","inline_featured_image":false,"_monsterinsights_skip_tracking":false,"_monsterinsights_sitenote_active":false,"_monsterinsights_sitenote_note":"","_monsterinsights_sitenote_category":0},"product_brand":[],"product_cat":[90,540],"product_tag":[],"class_list":{"0":"post-95589","1":"product","2":"type-product","3":"status-publish","4":"has-post-thumbnail","6":"product_cat-altres","7":"product_cat-otros","9":"first","10":"instock","11":"taxable","12":"shipping-taxable","13":"purchasable","14":"product-type-simple"},"acf":{"editorial":[{"ID":6251,"post_author":"3","post_date":"2022-07-28 17:48:11","post_date_gmt":"2022-07-28 15:48:11","post_content":"","post_title":"EUNSA. EDICIONES UNIVERSIDAD DE NAVARRA","post_excerpt":"","post_status":"publish","comment_status":"closed","ping_status":"closed","post_password":"","post_name":"eunsa-ediciones-universidad-de-navarra","to_ping":"","pinged":"","post_modified":"2022-07-28 17:48:11","post_modified_gmt":"2022-07-28 15:48:11","post_content_filtered":"","post_parent":0,"guid":"http:\/\/dev.claret.cat\/editorial\/eunsa-ediciones-universidad-de-navarra\/","menu_order":0,"post_type":"editorial","post_mime_type":"","comment_count":"0","filter":"raw"}],"autor":"ALVIAR, J. JOS\u00c9","codart":"843132827","libros-coleccion":"FORA DE COL.LECCI\u00d3","ediciones":"1","encuadernacion":"R\u00fastica","fecha_de_publicacion":"01\/11\/2011","novedad":"1","paginas":"0","subtitulo":"","orden":"0","portada":"0","idioma":"spa","autores-libros":[{"ID":158218,"post_author":"3","post_date":"2022-10-14 15:35:06","post_date_gmt":"2022-10-14 13:35:06","post_content":"","post_title":"J. JOS\u00c9 ALVIAR","post_excerpt":"","post_status":"publish","comment_status":"closed","ping_status":"closed","post_password":"","post_name":"j-jose-alviar","to_ping":"","pinged":"","post_modified":"2022-10-14 15:35:06","post_modified_gmt":"2022-10-14 13:35:06","post_content_filtered":"","post_parent":0,"guid":"http:\/\/dev.claret.cat\/autor\/j-jose-alviar\/","menu_order":0,"post_type":"autor","post_mime_type":"","comment_count":"0","filter":"raw"}],"booktrailer":"","resenas":""},"aioseo_notices":[],"_links":{"self":[{"href":"https:\/\/www.claret.cat\/es\/wp-json\/wp\/v2\/product\/95589","targetHints":{"allow":["GET"]}}],"collection":[{"href":"https:\/\/www.claret.cat\/es\/wp-json\/wp\/v2\/product"}],"about":[{"href":"https:\/\/www.claret.cat\/es\/wp-json\/wp\/v2\/types\/product"}],"wp:featuredmedia":[{"embeddable":true,"href":"https:\/\/www.claret.cat\/es\/wp-json\/wp\/v2\/media\/95590"}],"wp:attachment":[{"href":"https:\/\/www.claret.cat\/es\/wp-json\/wp\/v2\/media?parent=95589"}],"wp:term":[{"taxonomy":"product_brand","embeddable":true,"href":"https:\/\/www.claret.cat\/es\/wp-json\/wp\/v2\/product_brand?post=95589"},{"taxonomy":"product_cat","embeddable":true,"href":"https:\/\/www.claret.cat\/es\/wp-json\/wp\/v2\/product_cat?post=95589"},{"taxonomy":"product_tag","embeddable":true,"href":"https:\/\/www.claret.cat\/es\/wp-json\/wp\/v2\/product_tag?post=95589"}],"curies":[{"name":"wp","href":"https:\/\/api.w.org\/{rel}","templated":true}]}}