{"id":955978,"date":"2024-03-08T11:30:02","date_gmt":"2024-03-08T10:30:02","guid":{"rendered":"https:\/\/www.claret.cat\/llibre\/nunca-fuimos-modernos-9788412604856\/"},"modified":"2024-05-07T13:10:07","modified_gmt":"2024-05-07T11:10:07","slug":"nunca-fuimos-modernos-9788412604856","status":"publish","type":"product","link":"https:\/\/www.claret.cat\/es\/libro\/nunca-fuimos-modernos-9788412604856\/","title":{"rendered":"NUNCA FUIMOS MODERNOS"},"content":{"rendered":"<p>Contaminaci\u00f3n de los r\u00edos, embriones congelados, coronavirus, sida, agujero de ozono, robots\u2026 \u00bfC\u00f3mo comprender estos \u201cobjetos\u201d extra\u00f1os que invaden nuestro mundo? \u00bfProceden de la naturaleza o de la cultura? Hasta aqu\u00ed, las cosas eran simples: para los cient\u00edficos, la gesti\u00f3n de esta divisi\u00f3n tradicional del trabajo no puede explicar la proliferaci\u00f3n de h\u00edbridos. De ah\u00ed el sentimiento de pavor que generan y que los fil\u00f3sofos contempor\u00e1neos no consiguen disipar.<\/p>\n<p> \u00bfY si hubi\u00e9ramos tomado el camino errado? De hecho, nuestra<\/p>\n<p> sociedad moderna nunca funcion\u00f3 de acuerdo con la gran divisi\u00f3n<\/p>\n<p> que sustenta su sistema de representaci\u00f3n del mundo: la que opone<\/p>\n<p> radicalmente la naturaleza a la cultura. En la pr\u00e1ctica, los modernos<\/p>\n<p> no dejaron de crear objetos h\u00edbridos, que proceden tanto de la una<\/p>\n<p> como de la otra y que se niegan a pensar. Nunca fuimos verdaderamente modernos, y hoy en d\u00eda, para comprender nuestro mundo, hay que cuestionar ese paradigma fundador.<\/p>\n<p> Traducido a m\u00e1s de veinte lenguas, Nunca fuimos modernos renov\u00f3<\/p>\n<p> profundamente los debates de la antropolog\u00eda porque modific\u00f3 por<\/p>\n<p> completo la divisi\u00f3n entre naturaleza en singular y culturas en plural.<\/p>\n<p> Al ofrecer una alternativa al posmodernismo, Bruno Latour abri\u00f3 nuevos campos de investigaci\u00f3n y brind\u00f3 a la ecolog\u00eda posibilidades pol\u00edticas in\u00e9ditas. Como homenaje a este pensador original y \u00fanico, que falleci\u00f3 en octubre de 2022, hemos cre\u00eddo oportuno reeditar el presente volumen, donde se ofrecen m\u00faltiples herramientas para afrontar con rigor los innumerables retos que se le plantean al ecologismo.<\/p>\n","protected":false},"excerpt":{"rendered":"<p>LATOUR, BRUNO<\/p>\n","protected":false},"featured_media":963740,"template":"","meta":{"_acf_changed":false,"om_disable_all_campaigns":false,"rs_blank_template":"","rs_page_bg_color":"","slide_template_v7":"","inline_featured_image":false,"_monsterinsights_skip_tracking":false,"_monsterinsights_sitenote_active":false,"_monsterinsights_sitenote_note":"","_monsterinsights_sitenote_category":0},"product_brand":[],"product_cat":[373,166],"product_tag":[],"class_list":{"0":"post-955978","1":"product","2":"type-product","3":"status-publish","4":"has-post-thumbnail","6":"product_cat-autores","7":"product_cat-autors-filosofia","9":"first","10":"instock","11":"taxable","12":"shipping-taxable","13":"purchasable","14":"product-type-simple"},"acf":{"autor":"LATOUR, BRUNO","codart":"841260485","libros-coleccion":"FORA DE COL.LECCI\u00d3","ediciones":"1","encuadernacion":"R\u00fastica","fecha_de_publicacion":"01\/11\/2022","novedad":"0","paginas":"224","subtitulo":"ENSAYOS DE ANTROPOLOG\u00cdA SIM\u00c9TRICA","orden":"0","portada":"0","idioma":"spa","editorial":[{"ID":6160,"post_author":"3","post_date":"2022-07-28 17:46:11","post_date_gmt":"2022-07-28 15:46:11","post_content":"","post_title":"CLAVE INTELECTUAL","post_excerpt":"","post_status":"publish","comment_status":"closed","ping_status":"closed","post_password":"","post_name":"clave-intelectual","to_ping":"","pinged":"","post_modified":"2022-07-28 17:46:11","post_modified_gmt":"2022-07-28 15:46:11","post_content_filtered":"","post_parent":0,"guid":"http:\/\/dev.claret.cat\/editorial\/clave-intelectual\/","menu_order":0,"post_type":"editorial","post_mime_type":"","comment_count":"0","filter":"raw"}]},"aioseo_notices":[],"_links":{"self":[{"href":"https:\/\/www.claret.cat\/es\/wp-json\/wp\/v2\/product\/955978","targetHints":{"allow":["GET"]}}],"collection":[{"href":"https:\/\/www.claret.cat\/es\/wp-json\/wp\/v2\/product"}],"about":[{"href":"https:\/\/www.claret.cat\/es\/wp-json\/wp\/v2\/types\/product"}],"wp:featuredmedia":[{"embeddable":true,"href":"https:\/\/www.claret.cat\/es\/wp-json\/wp\/v2\/media\/963740"}],"wp:attachment":[{"href":"https:\/\/www.claret.cat\/es\/wp-json\/wp\/v2\/media?parent=955978"}],"wp:term":[{"taxonomy":"product_brand","embeddable":true,"href":"https:\/\/www.claret.cat\/es\/wp-json\/wp\/v2\/product_brand?post=955978"},{"taxonomy":"product_cat","embeddable":true,"href":"https:\/\/www.claret.cat\/es\/wp-json\/wp\/v2\/product_cat?post=955978"},{"taxonomy":"product_tag","embeddable":true,"href":"https:\/\/www.claret.cat\/es\/wp-json\/wp\/v2\/product_tag?post=955978"}],"curies":[{"name":"wp","href":"https:\/\/api.w.org\/{rel}","templated":true}]}}