{"id":956018,"date":"2024-03-08T16:05:22","date_gmt":"2024-03-08T15:05:22","guid":{"rendered":"https:\/\/www.claret.cat\/llibre\/companeros-y-amigos-de-jesus-9788429331905\/"},"modified":"2026-04-01T05:55:09","modified_gmt":"2026-04-01T03:55:09","slug":"companeros-y-amigos-de-jesus-9788429331905","status":"publish","type":"product","link":"https:\/\/www.claret.cat\/es\/libro\/companeros-y-amigos-de-jesus-9788429331905\/","title":{"rendered":"COMPA\u00d1EROS Y AMIGOS DE JES\u00daS"},"content":{"rendered":"<p>\u00bfQu\u00e9 es la Iglesia? El credo la describe como \u00abuna, santa, cat\u00f3lica y apost\u00f3lica\u00bb. Pero, en su inicio, es pueblo de amor convocado por Dios, comuni\u00f3n de los compa\u00f1eros y amigos de Jesucristo y camino pascual de los disc\u00edpulos del Resucitado.<\/p>\n","protected":false},"excerpt":{"rendered":"<p>PIKAZA, XABIER<\/p>\n","protected":false},"featured_media":1081756,"template":"","meta":{"_acf_changed":false,"om_disable_all_campaigns":false,"rs_blank_template":"","rs_page_bg_color":"","slide_template_v7":"","inline_featured_image":false,"_monsterinsights_skip_tracking":false,"_monsterinsights_sitenote_active":false,"_monsterinsights_sitenote_note":"","_monsterinsights_sitenote_category":0},"product_brand":[],"product_cat":[283,511],"product_tag":[],"class_list":{"0":"post-956018","1":"product","2":"type-product","3":"status-publish","4":"has-post-thumbnail","6":"product_cat-eclesiologia-teologia","7":"product_cat-eclesiologia-teologia-1_espiritualidad","9":"first","10":"instock","11":"taxable","12":"shipping-taxable","13":"purchasable","14":"product-type-simple"},"acf":{"autor":"PIKAZA, XABIER","codart":"842933190","libros-coleccion":"SAL TERRAE- PRESENCIA TEOL\u00d3GICA","ediciones":"1","encuadernacion":"R\u00fastica","fecha_de_publicacion":"27\/02\/2024","novedad":"1","paginas":"424","subtitulo":"LA IGLESIA ANTES DE PABLO ","orden":"0","portada":"0","idioma":"spa","editorial":[{"ID":6351,"post_author":"3","post_date":"2022-07-28 17:50:19","post_date_gmt":"2022-07-28 15:50:19","post_content":"","post_title":"Sal Terrae","post_excerpt":"","post_status":"publish","comment_status":"closed","ping_status":"closed","post_password":"","post_name":"sal-terrae","to_ping":"","pinged":"","post_modified":"2022-07-28 17:50:19","post_modified_gmt":"2022-07-28 15:50:19","post_content_filtered":"","post_parent":0,"guid":"http:\/\/dev.claret.cat\/editorial\/sal-terrae\/","menu_order":0,"post_type":"editorial","post_mime_type":"","comment_count":"0","filter":"raw"}],"booktrailer":"","resenas":""},"aioseo_notices":[],"_links":{"self":[{"href":"https:\/\/www.claret.cat\/es\/wp-json\/wp\/v2\/product\/956018","targetHints":{"allow":["GET"]}}],"collection":[{"href":"https:\/\/www.claret.cat\/es\/wp-json\/wp\/v2\/product"}],"about":[{"href":"https:\/\/www.claret.cat\/es\/wp-json\/wp\/v2\/types\/product"}],"wp:featuredmedia":[{"embeddable":true,"href":"https:\/\/www.claret.cat\/es\/wp-json\/wp\/v2\/media\/1081756"}],"wp:attachment":[{"href":"https:\/\/www.claret.cat\/es\/wp-json\/wp\/v2\/media?parent=956018"}],"wp:term":[{"taxonomy":"product_brand","embeddable":true,"href":"https:\/\/www.claret.cat\/es\/wp-json\/wp\/v2\/product_brand?post=956018"},{"taxonomy":"product_cat","embeddable":true,"href":"https:\/\/www.claret.cat\/es\/wp-json\/wp\/v2\/product_cat?post=956018"},{"taxonomy":"product_tag","embeddable":true,"href":"https:\/\/www.claret.cat\/es\/wp-json\/wp\/v2\/product_tag?post=956018"}],"curies":[{"name":"wp","href":"https:\/\/api.w.org\/{rel}","templated":true}]}}