{"id":956217,"date":"2024-03-19T12:43:39","date_gmt":"2024-03-19T11:43:39","guid":{"rendered":"https:\/\/www.claret.cat\/llibre\/vida-de-santo-tomas-de-aquino-9788428570923\/"},"modified":"2025-11-22T11:12:55","modified_gmt":"2025-11-22T10:12:55","slug":"vida-de-santo-tomas-de-aquino-9788428570923","status":"publish","type":"product","link":"https:\/\/www.claret.cat\/es\/libro\/vida-de-santo-tomas-de-aquino-9788428570923\/","title":{"rendered":"VIDA DE SANTO TOM\u00c1S DE AQUINO"},"content":{"rendered":"<p><span>Sin la aportaci\u00f3n de Tom\u00e1s de Aquino no se entiende la cultura cristiana y occidental: revolucion\u00f3 el pensamiento y la sociedad, defendiendo la dignidad humana y demostrando que la fe y la raz\u00f3n no son antagonistas y que el ser humano, con el uso correcto de su inteligencia y voluntad, puede alcanzar la felicidad. En un breve repaso por las diferentes etapas de su vida (infancia y juventud, su \u00e9poca de estudiante en N\u00e1poles, su noche oscura de la fe, su formaci\u00f3n en Colonia, sus dos etapas de magisterio en Par\u00eds, su madurez?), esta biograf\u00eda nos permite descubrir que la vida, la obra y el mensaje de santo Tom\u00e1s siguen siendo una fuente de inspiraci\u00f3n para la Iglesia y para quienes buscan la sabidur\u00eda desde la verdad.<\/span><\/p>\n","protected":false},"excerpt":{"rendered":"<p>LLAMEDO GONZ\u00c1LEZ, JUAN JOS\u00c9<\/p>\n","protected":false},"featured_media":1067733,"template":"","meta":{"_acf_changed":false,"om_disable_all_campaigns":false,"rs_blank_template":"","rs_page_bg_color":"","slide_template_v7":"","inline_featured_image":false,"_monsterinsights_skip_tracking":false,"_monsterinsights_sitenote_active":false,"_monsterinsights_sitenote_note":"","_monsterinsights_sitenote_category":0},"product_brand":[],"product_cat":[92,542],"product_tag":[],"class_list":{"0":"post-956217","1":"product","2":"type-product","3":"status-publish","4":"has-post-thumbnail","6":"product_cat-vida-religiosa","7":"product_cat-vida-religiosa-1_espiritualidad-spa","9":"first","10":"instock","11":"taxable","12":"shipping-taxable","13":"purchasable","14":"product-type-simple"},"acf":{"autor":"LLAMEDO GONZ\u00c1LEZ, JUAN JOS\u00c9","codart":"842857092","libros-coleccion":"Retratos de bolsillo","ediciones":"1","encuadernacion":"R\u00fastica","fecha_de_publicacion":"13\/03\/2024","novedad":"1","paginas":"192","subtitulo":"","orden":"0","portada":"0","idioma":"spa","editorial":[{"ID":6356,"post_author":"3","post_date":"2022-07-28 17:50:26","post_date_gmt":"2022-07-28 15:50:26","post_content":"","post_title":"SAN PABLO COMUNICACI\u00d3N","post_excerpt":"","post_status":"publish","comment_status":"closed","ping_status":"closed","post_password":"","post_name":"san-pablo-comunicacion","to_ping":"","pinged":"","post_modified":"2022-07-28 17:50:26","post_modified_gmt":"2022-07-28 15:50:26","post_content_filtered":"","post_parent":0,"guid":"http:\/\/dev.claret.cat\/editorial\/san-pablo-comunicacion\/","menu_order":0,"post_type":"editorial","post_mime_type":"","comment_count":"0","filter":"raw"}],"booktrailer":"","resenas":""},"aioseo_notices":[],"_links":{"self":[{"href":"https:\/\/www.claret.cat\/es\/wp-json\/wp\/v2\/product\/956217","targetHints":{"allow":["GET"]}}],"collection":[{"href":"https:\/\/www.claret.cat\/es\/wp-json\/wp\/v2\/product"}],"about":[{"href":"https:\/\/www.claret.cat\/es\/wp-json\/wp\/v2\/types\/product"}],"wp:featuredmedia":[{"embeddable":true,"href":"https:\/\/www.claret.cat\/es\/wp-json\/wp\/v2\/media\/1067733"}],"wp:attachment":[{"href":"https:\/\/www.claret.cat\/es\/wp-json\/wp\/v2\/media?parent=956217"}],"wp:term":[{"taxonomy":"product_brand","embeddable":true,"href":"https:\/\/www.claret.cat\/es\/wp-json\/wp\/v2\/product_brand?post=956217"},{"taxonomy":"product_cat","embeddable":true,"href":"https:\/\/www.claret.cat\/es\/wp-json\/wp\/v2\/product_cat?post=956217"},{"taxonomy":"product_tag","embeddable":true,"href":"https:\/\/www.claret.cat\/es\/wp-json\/wp\/v2\/product_tag?post=956217"}],"curies":[{"name":"wp","href":"https:\/\/api.w.org\/{rel}","templated":true}]}}